{"id":6598,"date":"2019-07-11T13:51:55","date_gmt":"2019-07-11T13:51:55","guid":{"rendered":"http:\/\/www.3p-gmbh.de\/produkt\/banderoliermaschine-2\/"},"modified":"2019-11-12T16:09:37","modified_gmt":"2019-11-12T16:09:37","slug":"banderoliermaschine-2","status":"publish","type":"product","link":"https:\/\/www.3p-gmbh.de\/nl\/produkt\/banderoliermaschine-2\/","title":{"rendered":"Sollas Bandum 25 MPC Banderoliermaschine"},"content":{"rendered":"<ul>\n<li>Rahmenbreite 330 mm<\/li>\n<li>Rahmenh\u00f6he 200 mm<\/li>\n<li>B\u00fcndelbreite 50-330 mm<\/li>\n<li>B\u00fcndelh\u00f6he 0-200 mm<\/li>\n<li>Bandbreite 30 mm<\/li>\n<li>Material Folie oder Papier<\/li>\n<li>Abmessung 900 x 450 x 500 mm<\/li>\n<li>20 Umreifungen\/min.<\/li>\n<\/ul>\n","protected":false},"excerpt":{"rendered":"<p>Rahmenbreite 330 mm Rahmenh\u00f6he 200 mm B\u00fcndelbreite 50-330 mm B\u00fcndelh\u00f6he 0-200 mm Bandbreite 30 mm Material Folie oder Papier Abmessung 900 x 450 x 500 mm 20 Umreifungen\/min.<\/p>\n","protected":false},"featured_media":505,"template":"","meta":[],"product_brand":[],"product_cat":[1746],"product_tag":[],"class_list":{"0":"post-6598","1":"product","2":"type-product","3":"status-publish","4":"has-post-thumbnail","6":"product_cat-banderoliermaschinen","7":"pa_baujahr-196","8":"pa_hersteller-sollas","9":"pa_typ-bandum-25-m-p-c","11":"first","12":"instock","13":"sold-individually","14":"taxable","15":"shipping-taxable","16":"purchasable","17":"product-type-simple"},"jetpack_sharing_enabled":true,"_links":{"self":[{"href":"https:\/\/www.3p-gmbh.de\/nl\/wp-json\/wp\/v2\/product\/6598","targetHints":{"allow":["GET"]}}],"collection":[{"href":"https:\/\/www.3p-gmbh.de\/nl\/wp-json\/wp\/v2\/product"}],"about":[{"href":"https:\/\/www.3p-gmbh.de\/nl\/wp-json\/wp\/v2\/types\/product"}],"wp:featuredmedia":[{"embeddable":true,"href":"https:\/\/www.3p-gmbh.de\/nl\/wp-json\/wp\/v2\/media\/505"}],"wp:attachment":[{"href":"https:\/\/www.3p-gmbh.de\/nl\/wp-json\/wp\/v2\/media?parent=6598"}],"wp:term":[{"taxonomy":"product_brand","embeddable":true,"href":"https:\/\/www.3p-gmbh.de\/nl\/wp-json\/wp\/v2\/product_brand?post=6598"},{"taxonomy":"product_cat","embeddable":true,"href":"https:\/\/www.3p-gmbh.de\/nl\/wp-json\/wp\/v2\/product_cat?post=6598"},{"taxonomy":"product_tag","embeddable":true,"href":"https:\/\/www.3p-gmbh.de\/nl\/wp-json\/wp\/v2\/product_tag?post=6598"}],"curies":[{"name":"wp","href":"https:\/\/api.w.org\/{rel}","templated":true}]}}