{"id":6596,"date":"2019-07-11T13:51:55","date_gmt":"2019-07-11T13:51:55","guid":{"rendered":"http:\/\/www.3p-gmbh.de\/produkt\/winkelschweissmaschine-2\/"},"modified":"2019-09-25T08:38:15","modified_gmt":"2019-09-25T08:38:15","slug":"winkelschweissmaschine-2","status":"publish","type":"product","link":"https:\/\/www.3p-gmbh.de\/nl\/produkt\/winkelschweissmaschine-2\/","title":{"rendered":"Kallfass KC 5040-450 Universal Winkelschweissmaschine"},"content":{"rendered":"<p>Die kompakte Winkelschweissmaschine mit Schrumpftunnel Kallfass KC 5040-450 Universal ist geschaffen f\u00fcr den anspruchsvollen industriellen Einsatz mit kombiniertem leistungsstarkem Schrumpftunnel. Gerade im harten Dauereinsatz zeigen sich die Qualitaeten dieser Baureihe: Packgut wie zum Beispiel Druckerzeugnisse oder Glasprodukte im Gebinde l\u00e4sst sich schnell, wirtschaftlich und mit hoher Qualit\u00e4t verpacken. Die bew\u00e4hrte Impulsschweisstechnik mit teflonisiertem Trennschweissdraht sorgt f\u00fcr eine effektive und absolut geruchsfreie Arbeitsweise.<\/p>\n<ul>\n<li>Verpackungsart: manueller Folien-Volleinschlag<\/li>\n<li>Verpackungsleistung: bis zu 20 Takte\/Min.<\/li>\n<li>Formatbereich: Schweissrahmenabmessungen 500 x 400 mm<\/li>\n<li>Arbeitsbereich Breite 450mm<\/li>\n<li>Arbeitsbereich H\u00f6he 100-400mm<\/li>\n<li>Arbeitsh\u00f6he 870-970mm<\/li>\n<li>Transport mit Silikonstabkette Abstand 25mm<\/li>\n<li>Maschine auf Laufrollen<\/li>\n<li>Lufttischplatte zum automatischen \u00d6ffnen der Folie<\/li>\n<li>Grundheizung der Schweissdr\u00e4hte<\/li>\n<li>motorischer Folienantrieb mit Nadelwalze<\/li>\n<li>Abk\u00fchlautomatik<\/li>\n<\/ul>\n","protected":false},"excerpt":{"rendered":"<p>Die kompakte Winkelschweissmaschine mit Schrumpftunnel Kallfass KC 5040-450 Universal ist geschaffen f\u00fcr den anspruchsvollen industriellen Einsatz mit kombiniertem leistungsstarkem Schrumpftunnel. Gerade im harten Dauereinsatz zeigen sich die Qualitaeten dieser Baureihe: Packgut wie zum Beispiel Druckerzeugnisse oder Glasprodukte im Gebinde l\u00e4sst sich schnell, wirtschaftlich und mit hoher Qualit\u00e4t verpacken. Die bew\u00e4hrte Impulsschweisstechnik mit teflonisiertem Trennschweissdraht sorgt [&hellip;]<\/p>\n","protected":false},"featured_media":498,"template":"","meta":[],"product_brand":[],"product_cat":[76],"product_tag":[],"class_list":{"0":"post-6596","1":"product","2":"type-product","3":"status-publish","4":"has-post-thumbnail","6":"product_cat-folienverpackung-und-straffpacker","7":"pa_baujahr-198","8":"pa_hersteller-kallfass","9":"pa_typ-kc-5040-400","11":"first","12":"instock","13":"sold-individually","14":"taxable","15":"shipping-taxable","16":"purchasable","17":"product-type-simple"},"jetpack_sharing_enabled":true,"_links":{"self":[{"href":"https:\/\/www.3p-gmbh.de\/nl\/wp-json\/wp\/v2\/product\/6596","targetHints":{"allow":["GET"]}}],"collection":[{"href":"https:\/\/www.3p-gmbh.de\/nl\/wp-json\/wp\/v2\/product"}],"about":[{"href":"https:\/\/www.3p-gmbh.de\/nl\/wp-json\/wp\/v2\/types\/product"}],"wp:featuredmedia":[{"embeddable":true,"href":"https:\/\/www.3p-gmbh.de\/nl\/wp-json\/wp\/v2\/media\/498"}],"wp:attachment":[{"href":"https:\/\/www.3p-gmbh.de\/nl\/wp-json\/wp\/v2\/media?parent=6596"}],"wp:term":[{"taxonomy":"product_brand","embeddable":true,"href":"https:\/\/www.3p-gmbh.de\/nl\/wp-json\/wp\/v2\/product_brand?post=6596"},{"taxonomy":"product_cat","embeddable":true,"href":"https:\/\/www.3p-gmbh.de\/nl\/wp-json\/wp\/v2\/product_cat?post=6596"},{"taxonomy":"product_tag","embeddable":true,"href":"https:\/\/www.3p-gmbh.de\/nl\/wp-json\/wp\/v2\/product_tag?post=6596"}],"curies":[{"name":"wp","href":"https:\/\/api.w.org\/{rel}","templated":true}]}}