{"id":16449,"date":"2019-11-12T12:00:40","date_gmt":"2019-11-12T12:00:40","guid":{"rendered":"http:\/\/www.3p-gmbh.de\/?post_type=product&#038;p=16449"},"modified":"2020-04-15T14:22:14","modified_gmt":"2020-04-15T14:22:14","slug":"binderhaus-r-450-e-elektrische-nut-rill-und-perforiermaschine","status":"publish","type":"product","link":"https:\/\/www.3p-gmbh.de\/nl\/produkt\/binderhaus-r-450-e-elektrische-nut-rill-und-perforiermaschine\/","title":{"rendered":"Binderhaus R 450-E elektrische Nut-, Rill und Perforiermaschine"},"content":{"rendered":"<p>450 mm Nutbreite erm\u00f6glicht die Verarbeitung bis zu DIN A2 (l\u00e4ngs).<br \/>\nPerforation in hochwertiger Buchdruck-Qualit\u00e4t.<br \/>\nDurch simples, werkzeugloses Drehen der Nutleiste ist ein schneller Wechsel der Nutbreiten m\u00f6glich. Die Perforation ist mit wenigen Handgriffen eingerichtet.<\/p>\n<p>Platzbedarf 500 x 400 x 200 mm,Gewicht 25 kg, Stromversorgung 230V<\/p>\n","protected":false},"excerpt":{"rendered":"<p>450 mm Nutbreite erm\u00f6glicht die Verarbeitung bis zu DIN A2 (l\u00e4ngs). Perforation in hochwertiger Buchdruck-Qualit\u00e4t. Durch simples, werkzeugloses Drehen der Nutleiste ist ein schneller Wechsel der Nutbreiten m\u00f6glich. Die Perforation ist mit wenigen Handgriffen eingerichtet. Platzbedarf 500 x 400 x 200 mm,Gewicht 25 kg, Stromversorgung 230V<\/p>\n","protected":false},"featured_media":16452,"template":"","meta":[],"product_brand":[],"product_cat":[1755],"product_tag":[],"class_list":{"0":"post-16449","1":"product","2":"type-product","3":"status-publish","4":"has-post-thumbnail","6":"product_cat-nut-perforiermaschinen","7":"pa_hersteller-binderhaus","8":"pa_typ-r-450-e","10":"first","11":"instock","12":"taxable","13":"shipping-taxable","14":"purchasable","15":"product-type-simple"},"jetpack_sharing_enabled":true,"_links":{"self":[{"href":"https:\/\/www.3p-gmbh.de\/nl\/wp-json\/wp\/v2\/product\/16449","targetHints":{"allow":["GET"]}}],"collection":[{"href":"https:\/\/www.3p-gmbh.de\/nl\/wp-json\/wp\/v2\/product"}],"about":[{"href":"https:\/\/www.3p-gmbh.de\/nl\/wp-json\/wp\/v2\/types\/product"}],"wp:featuredmedia":[{"embeddable":true,"href":"https:\/\/www.3p-gmbh.de\/nl\/wp-json\/wp\/v2\/media\/16452"}],"wp:attachment":[{"href":"https:\/\/www.3p-gmbh.de\/nl\/wp-json\/wp\/v2\/media?parent=16449"}],"wp:term":[{"taxonomy":"product_brand","embeddable":true,"href":"https:\/\/www.3p-gmbh.de\/nl\/wp-json\/wp\/v2\/product_brand?post=16449"},{"taxonomy":"product_cat","embeddable":true,"href":"https:\/\/www.3p-gmbh.de\/nl\/wp-json\/wp\/v2\/product_cat?post=16449"},{"taxonomy":"product_tag","embeddable":true,"href":"https:\/\/www.3p-gmbh.de\/nl\/wp-json\/wp\/v2\/product_tag?post=16449"}],"curies":[{"name":"wp","href":"https:\/\/api.w.org\/{rel}","templated":true}]}}