{"id":15480,"date":"2019-11-05T15:42:24","date_gmt":"2019-11-05T15:42:24","guid":{"rendered":"http:\/\/www.3p-gmbh.de\/?post_type=product&#038;p=15480"},"modified":"2020-04-15T14:20:49","modified_gmt":"2020-04-15T14:20:49","slug":"automatische-tisch-banderoliermaschine-com-24-30","status":"publish","type":"product","link":"https:\/\/www.3p-gmbh.de\/nl\/produkt\/automatische-tisch-banderoliermaschine-com-24-30\/","title":{"rendered":"Automatische Tisch-Banderoliermaschine COM 24-30"},"content":{"rendered":"<p>der kompakte kleine Allrounder unter den Banderoliermaschinen.<br \/>\nDurch die verstellbaren T\u00fcrme kann die Durchlassbreite an das Produktformat angepasst werden.<br \/>\nVon soft bis extrem stramm, die Bandspannung ist stufenlos einstellbar und somit f\u00fcr so gut wie jedes Produkt geeignet.<br \/>\nEin Wechsel zwischen Banderolierpapier und Banderolierfolie ist ohne \u00c4nderung der Einstellungen m\u00f6glich<\/p>\n","protected":false},"excerpt":{"rendered":"<p>der kompakte kleine Allrounder unter den Banderoliermaschinen. Durch die verstellbaren T\u00fcrme kann die Durchlassbreite an das Produktformat angepasst werden. Von soft bis extrem stramm, die Bandspannung ist stufenlos einstellbar und somit f\u00fcr so gut wie jedes Produkt geeignet. Ein Wechsel zwischen Banderolierpapier und Banderolierfolie ist ohne \u00c4nderung der Einstellungen m\u00f6glich<\/p>\n","protected":false},"featured_media":15481,"template":"","meta":[],"product_brand":[],"product_cat":[1746],"product_tag":[],"class_list":{"0":"post-15480","1":"product","2":"type-product","3":"status-publish","4":"has-post-thumbnail","6":"product_cat-banderoliermaschinen","7":"pa_typ-com-24-30","9":"first","10":"instock","11":"taxable","12":"shipping-taxable","13":"purchasable","14":"product-type-simple"},"jetpack_sharing_enabled":true,"_links":{"self":[{"href":"https:\/\/www.3p-gmbh.de\/nl\/wp-json\/wp\/v2\/product\/15480","targetHints":{"allow":["GET"]}}],"collection":[{"href":"https:\/\/www.3p-gmbh.de\/nl\/wp-json\/wp\/v2\/product"}],"about":[{"href":"https:\/\/www.3p-gmbh.de\/nl\/wp-json\/wp\/v2\/types\/product"}],"wp:featuredmedia":[{"embeddable":true,"href":"https:\/\/www.3p-gmbh.de\/nl\/wp-json\/wp\/v2\/media\/15481"}],"wp:attachment":[{"href":"https:\/\/www.3p-gmbh.de\/nl\/wp-json\/wp\/v2\/media?parent=15480"}],"wp:term":[{"taxonomy":"product_brand","embeddable":true,"href":"https:\/\/www.3p-gmbh.de\/nl\/wp-json\/wp\/v2\/product_brand?post=15480"},{"taxonomy":"product_cat","embeddable":true,"href":"https:\/\/www.3p-gmbh.de\/nl\/wp-json\/wp\/v2\/product_cat?post=15480"},{"taxonomy":"product_tag","embeddable":true,"href":"https:\/\/www.3p-gmbh.de\/nl\/wp-json\/wp\/v2\/product_tag?post=15480"}],"curies":[{"name":"wp","href":"https:\/\/api.w.org\/{rel}","templated":true}]}}