{"id":15298,"date":"2019-11-05T10:48:23","date_gmt":"2019-11-05T10:48:23","guid":{"rendered":"http:\/\/www.3p-gmbh.de\/?post_type=product&#038;p=15298"},"modified":"2020-04-15T14:20:10","modified_gmt":"2020-04-15T14:20:10","slug":"heidelberg-gt-a3-tiegelautomat-zum-stanzen","status":"publish","type":"product","link":"https:\/\/www.3p-gmbh.de\/nl\/produkt\/heidelberg-gt-a3-tiegelautomat-zum-stanzen\/","title":{"rendered":"Heidelberg GT A3 &#8211; Tiegelautomat zum Stanzen"},"content":{"rendered":"<p>&#8211; ohne Farbwerk<br \/>\n&#8211; 2 Schlie\u00dfrahmen<\/p>\n<p>Technische Daten:<br \/>\ngr\u00f6\u00dftes Bogenformat 34 x 46cm<br \/>\nkleinstes Bogenformat 8,5 x 12 cm<br \/>\nmax. Bogengr\u00f6\u00dfe 34 x 46 cm<br \/>\nmax. Stanzgr\u00f6\u00dfe 32 x 45 cm<br \/>\nStanzkraft 60 Tonnen<br \/>\nmax. Stundenleistung 4000 B\u00f6gen<br \/>\nGewicht ca. 2300kg<br \/>\nAbmessungen 2,08 x 1,48 x 2,10 m<\/p>\n","protected":false},"excerpt":{"rendered":"<p>&#8211; ohne Farbwerk &#8211; 2 Schlie\u00dfrahmen Technische Daten: gr\u00f6\u00dftes Bogenformat 34 x 46cm kleinstes Bogenformat 8,5 x 12 cm max. Bogengr\u00f6\u00dfe 34 x 46 cm max. Stanzgr\u00f6\u00dfe 32 x 45 cm Stanzkraft 60 Tonnen max. Stundenleistung 4000 B\u00f6gen Gewicht ca. 2300kg Abmessungen 2,08 x 1,48 x 2,10 m<\/p>\n","protected":false},"featured_media":15301,"template":"","meta":[],"product_brand":[],"product_cat":[343],"product_tag":[],"class_list":{"0":"post-15298","1":"product","2":"type-product","3":"status-publish","4":"has-post-thumbnail","6":"product_cat-buchdruck","7":"pa_hersteller-heidelberg","8":"pa_typ-oht-gt","10":"first","11":"instock","12":"taxable","13":"shipping-taxable","14":"purchasable","15":"product-type-simple"},"jetpack_sharing_enabled":true,"_links":{"self":[{"href":"https:\/\/www.3p-gmbh.de\/nl\/wp-json\/wp\/v2\/product\/15298","targetHints":{"allow":["GET"]}}],"collection":[{"href":"https:\/\/www.3p-gmbh.de\/nl\/wp-json\/wp\/v2\/product"}],"about":[{"href":"https:\/\/www.3p-gmbh.de\/nl\/wp-json\/wp\/v2\/types\/product"}],"wp:featuredmedia":[{"embeddable":true,"href":"https:\/\/www.3p-gmbh.de\/nl\/wp-json\/wp\/v2\/media\/15301"}],"wp:attachment":[{"href":"https:\/\/www.3p-gmbh.de\/nl\/wp-json\/wp\/v2\/media?parent=15298"}],"wp:term":[{"taxonomy":"product_brand","embeddable":true,"href":"https:\/\/www.3p-gmbh.de\/nl\/wp-json\/wp\/v2\/product_brand?post=15298"},{"taxonomy":"product_cat","embeddable":true,"href":"https:\/\/www.3p-gmbh.de\/nl\/wp-json\/wp\/v2\/product_cat?post=15298"},{"taxonomy":"product_tag","embeddable":true,"href":"https:\/\/www.3p-gmbh.de\/nl\/wp-json\/wp\/v2\/product_tag?post=15298"}],"curies":[{"name":"wp","href":"https:\/\/api.w.org\/{rel}","templated":true}]}}