{"id":15286,"date":"2019-11-05T10:33:39","date_gmt":"2019-11-05T10:33:39","guid":{"rendered":"http:\/\/www.3p-gmbh.de\/?post_type=product&#038;p=15286"},"modified":"2020-04-15T14:19:13","modified_gmt":"2020-04-15T14:19:13","slug":"hohner-accord-25-40-doppelkopf-drahtheftmaschine-mit-zusaetzlichem-umbaukit-fuer-ringoesen-heftungen","status":"publish","type":"product","link":"https:\/\/www.3p-gmbh.de\/nl\/produkt\/hohner-accord-25-40-doppelkopf-drahtheftmaschine-mit-zusaetzlichem-umbaukit-fuer-ringoesen-heftungen\/","title":{"rendered":"Hohner Accord 25-40 Doppelkopf &#8211; Drahtheftmaschine mit zus\u00e4tzlichem Umbaukit f\u00fcr Ring\u00f6sen Heftungen"},"content":{"rendered":"<p>f\u00fcr Bl\u00f6cke und Brosch\u00fcren mit Normal- oder Ring\u00f6senheftung (Umbaukit Ring\u00f6se nicht im Lieferumfang)<br \/>\n\u2022Grundsolide Konstruktion mit hoher Stabilit\u00e4t f\u00fcr saubere Heftungen<br \/>\n\u2022Tisch durch Handgriff verstellbar: gerade f\u00fcr Bl\u00f6cke, schr\u00e4g f\u00fcr Brosch\u00fcren<br \/>\n\u2022Rollen- und R\u00f6hrendrahtrichter f\u00fcr zuverl\u00e4ssige Heft-Ergebnisse auch bei gr\u00f6\u00dferen Heftst\u00e4rken<br \/>\n\u2022Heftst\u00e4rke: 2 Blatt &#8211; 13 mm mit umgelegter Klammer, bis 23 mm beidseitig eingestochen<br \/>\n\u2022maximale Heftleistung: 206 Klammern \/ Min.<\/p>\n","protected":false},"excerpt":{"rendered":"<p>f\u00fcr Bl\u00f6cke und Brosch\u00fcren mit Normal- oder Ring\u00f6senheftung (Umbaukit Ring\u00f6se nicht im Lieferumfang) \u2022Grundsolide Konstruktion mit hoher Stabilit\u00e4t f\u00fcr saubere Heftungen \u2022Tisch durch Handgriff verstellbar: gerade f\u00fcr Bl\u00f6cke, schr\u00e4g f\u00fcr Brosch\u00fcren \u2022Rollen- und R\u00f6hrendrahtrichter f\u00fcr zuverl\u00e4ssige Heft-Ergebnisse auch bei gr\u00f6\u00dferen Heftst\u00e4rken \u2022Heftst\u00e4rke: 2 Blatt &#8211; 13 mm mit umgelegter Klammer, bis 23 mm beidseitig eingestochen [&hellip;]<\/p>\n","protected":false},"featured_media":15287,"template":"","meta":[],"product_brand":[],"product_cat":[1750],"product_tag":[],"class_list":{"0":"post-15286","1":"product","2":"type-product","3":"status-publish","4":"has-post-thumbnail","6":"product_cat-heftmaschinen","7":"pa_hersteller-hohner","8":"pa_typ-accord-25-40","10":"first","11":"instock","12":"taxable","13":"shipping-taxable","14":"purchasable","15":"product-type-simple"},"jetpack_sharing_enabled":true,"_links":{"self":[{"href":"https:\/\/www.3p-gmbh.de\/nl\/wp-json\/wp\/v2\/product\/15286","targetHints":{"allow":["GET"]}}],"collection":[{"href":"https:\/\/www.3p-gmbh.de\/nl\/wp-json\/wp\/v2\/product"}],"about":[{"href":"https:\/\/www.3p-gmbh.de\/nl\/wp-json\/wp\/v2\/types\/product"}],"wp:featuredmedia":[{"embeddable":true,"href":"https:\/\/www.3p-gmbh.de\/nl\/wp-json\/wp\/v2\/media\/15287"}],"wp:attachment":[{"href":"https:\/\/www.3p-gmbh.de\/nl\/wp-json\/wp\/v2\/media?parent=15286"}],"wp:term":[{"taxonomy":"product_brand","embeddable":true,"href":"https:\/\/www.3p-gmbh.de\/nl\/wp-json\/wp\/v2\/product_brand?post=15286"},{"taxonomy":"product_cat","embeddable":true,"href":"https:\/\/www.3p-gmbh.de\/nl\/wp-json\/wp\/v2\/product_cat?post=15286"},{"taxonomy":"product_tag","embeddable":true,"href":"https:\/\/www.3p-gmbh.de\/nl\/wp-json\/wp\/v2\/product_tag?post=15286"}],"curies":[{"name":"wp","href":"https:\/\/api.w.org\/{rel}","templated":true}]}}