{"id":14922,"date":"2019-11-04T13:31:11","date_gmt":"2019-11-04T13:31:11","guid":{"rendered":"http:\/\/www.3p-gmbh.de\/?post_type=product&#038;p=14922"},"modified":"2020-04-15T14:18:14","modified_gmt":"2020-04-15T14:18:14","slug":"hang-107-20-papierbohrmaschine","status":"publish","type":"product","link":"https:\/\/www.3p-gmbh.de\/nl\/produkt\/hang-107-20-papierbohrmaschine\/","title":{"rendered":"Hang 107 &#8211; 20 Papierbohrmaschine"},"content":{"rendered":"<ul>\n<li>automatische Mehrspindel-Papierbohrmaschine<\/li>\n<li>mit 2 Bohrk\u00f6pfen<\/li>\n<li>Bohrerdurchmesser 3 &#8211; 14 mm<\/li>\n<li>Verstellbereich der Bohrspindeln von 36 &#8211; 420 mm<\/li>\n<li>sehr gro\u00dfe Arbeitstiefe 300 mm<\/li>\n<li>Schnellklemmung der Papierbohrer<\/li>\n<li>Stufenlos regelbare Bohrerdrehzahl<\/li>\n<li>Tippbetrieb zum Einrichten der Maschine<\/li>\n<li>Maschine fahrbar auf lenkbaren Rollen<\/li>\n<li>Tiefen- und Seitenanschl\u00e4ge<\/li>\n<li>mit Drehstrommotor 380 V<\/li>\n<li>Ausl\u00f6sung durch elektrischen Fu\u00dfschalter, Reversierschaltung<\/li>\n<li>wahlweise mit zwei oder vier Bohrk\u00f6pfen<\/li>\n<\/ul>\n","protected":false},"excerpt":{"rendered":"<p>automatische Mehrspindel-Papierbohrmaschine mit 2 Bohrk\u00f6pfen Bohrerdurchmesser 3 &#8211; 14 mm Verstellbereich der Bohrspindeln von 36 &#8211; 420 mm sehr gro\u00dfe Arbeitstiefe 300 mm Schnellklemmung der Papierbohrer Stufenlos regelbare Bohrerdrehzahl Tippbetrieb zum Einrichten der Maschine Maschine fahrbar auf lenkbaren Rollen Tiefen- und Seitenanschl\u00e4ge mit Drehstrommotor 380 V Ausl\u00f6sung durch elektrischen Fu\u00dfschalter, Reversierschaltung wahlweise mit zwei oder [&hellip;]<\/p>\n","protected":false},"featured_media":14923,"template":"","meta":[],"product_brand":[],"product_cat":[1757],"product_tag":[],"class_list":{"0":"post-14922","1":"product","2":"type-product","3":"status-publish","4":"has-post-thumbnail","6":"product_cat-papierbohrmaschinen","7":"pa_bezeichnung_typ-hang-107-20","8":"pa_hersteller-constantin-hang","10":"first","11":"instock","12":"taxable","13":"shipping-taxable","14":"purchasable","15":"product-type-simple"},"jetpack_sharing_enabled":true,"_links":{"self":[{"href":"https:\/\/www.3p-gmbh.de\/nl\/wp-json\/wp\/v2\/product\/14922","targetHints":{"allow":["GET"]}}],"collection":[{"href":"https:\/\/www.3p-gmbh.de\/nl\/wp-json\/wp\/v2\/product"}],"about":[{"href":"https:\/\/www.3p-gmbh.de\/nl\/wp-json\/wp\/v2\/types\/product"}],"wp:featuredmedia":[{"embeddable":true,"href":"https:\/\/www.3p-gmbh.de\/nl\/wp-json\/wp\/v2\/media\/14923"}],"wp:attachment":[{"href":"https:\/\/www.3p-gmbh.de\/nl\/wp-json\/wp\/v2\/media?parent=14922"}],"wp:term":[{"taxonomy":"product_brand","embeddable":true,"href":"https:\/\/www.3p-gmbh.de\/nl\/wp-json\/wp\/v2\/product_brand?post=14922"},{"taxonomy":"product_cat","embeddable":true,"href":"https:\/\/www.3p-gmbh.de\/nl\/wp-json\/wp\/v2\/product_cat?post=14922"},{"taxonomy":"product_tag","embeddable":true,"href":"https:\/\/www.3p-gmbh.de\/nl\/wp-json\/wp\/v2\/product_tag?post=14922"}],"curies":[{"name":"wp","href":"https:\/\/api.w.org\/{rel}","templated":true}]}}