{"id":14711,"date":"2019-11-04T09:34:46","date_gmt":"2019-11-04T09:34:46","guid":{"rendered":"http:\/\/www.3p-gmbh.de\/?post_type=product&#038;p=14711"},"modified":"2020-04-15T14:17:33","modified_gmt":"2020-04-15T14:17:33","slug":"taschenfalzmaschine-stahlfolder-t-52-2-4-4-f-t-sa","status":"publish","type":"product","link":"https:\/\/www.3p-gmbh.de\/nl\/produkt\/taschenfalzmaschine-stahlfolder-t-52-2-4-4-f-t-sa\/","title":{"rendered":"STAHLFolder Taschenfalzmaschine T 52.2-4-4-F-T SA"},"content":{"rendered":"<p>Flachstapel-Anleger F 52.2 mit Tremat<br \/>\nSteuerung mit integriertem Z\u00e4hlger\u00e4t und Umrichterantrieb<br \/>\nFW I 4 Taschen 52cm mit Schalld\u00e4mmeinrichtung<br \/>\nFW II 4 Taschen 52cm mit Schalld\u00e4mmeinrichtung<\/p>\n<p>fahrbarer Schuppenauslage SAK 56.S2<\/p>\n<p>Planatol Kaltleimeinrichtung mit Steuerger\u00e4t<\/p>\n<p>Falzwalzen wurden in 2015 neu gummiert<\/p>\n","protected":false},"excerpt":{"rendered":"<p>Flachstapel-Anleger F 52.2 mit Tremat Steuerung mit integriertem Z\u00e4hlger\u00e4t und Umrichterantrieb FW I 4 Taschen 52cm mit Schalld\u00e4mmeinrichtung FW II 4 Taschen 52cm mit Schalld\u00e4mmeinrichtung fahrbarer Schuppenauslage SAK 56.S2 Planatol Kaltleimeinrichtung mit Steuerger\u00e4t Falzwalzen wurden in 2015 neu gummiert<\/p>\n","protected":false},"featured_media":14712,"template":"","meta":[],"product_brand":[],"product_cat":[83],"product_tag":[],"class_list":{"0":"post-14711","1":"product","2":"type-product","3":"status-publish","4":"has-post-thumbnail","6":"product_cat-falzmaschinen","7":"pa_hersteller-heidelberg-stahlfolder","8":"pa_typ-t-52-2-4-4-f-t-sa","10":"first","11":"instock","12":"taxable","13":"shipping-taxable","14":"purchasable","15":"product-type-simple"},"jetpack_sharing_enabled":true,"_links":{"self":[{"href":"https:\/\/www.3p-gmbh.de\/nl\/wp-json\/wp\/v2\/product\/14711","targetHints":{"allow":["GET"]}}],"collection":[{"href":"https:\/\/www.3p-gmbh.de\/nl\/wp-json\/wp\/v2\/product"}],"about":[{"href":"https:\/\/www.3p-gmbh.de\/nl\/wp-json\/wp\/v2\/types\/product"}],"wp:featuredmedia":[{"embeddable":true,"href":"https:\/\/www.3p-gmbh.de\/nl\/wp-json\/wp\/v2\/media\/14712"}],"wp:attachment":[{"href":"https:\/\/www.3p-gmbh.de\/nl\/wp-json\/wp\/v2\/media?parent=14711"}],"wp:term":[{"taxonomy":"product_brand","embeddable":true,"href":"https:\/\/www.3p-gmbh.de\/nl\/wp-json\/wp\/v2\/product_brand?post=14711"},{"taxonomy":"product_cat","embeddable":true,"href":"https:\/\/www.3p-gmbh.de\/nl\/wp-json\/wp\/v2\/product_cat?post=14711"},{"taxonomy":"product_tag","embeddable":true,"href":"https:\/\/www.3p-gmbh.de\/nl\/wp-json\/wp\/v2\/product_tag?post=14711"}],"curies":[{"name":"wp","href":"https:\/\/api.w.org\/{rel}","templated":true}]}}