{"id":14387,"date":"2019-11-01T13:39:30","date_gmt":"2019-11-01T13:39:30","guid":{"rendered":"http:\/\/www.3p-gmbh.de\/?post_type=product&#038;p=14387"},"modified":"2020-04-15T14:17:34","modified_gmt":"2020-04-15T14:17:34","slug":"doppelklammerheftgeraet-ernst-nagel-rinak-duo","status":"publish","type":"product","link":"https:\/\/www.3p-gmbh.de\/nl\/produkt\/doppelklammerheftgeraet-ernst-nagel-rinak-duo\/","title":{"rendered":"Ernst Nagel Rinak Duo Doppelklammerheftger\u00e4t"},"content":{"rendered":"<p>f\u00fcr Block- und Sattelheftung bis 4 mm<br \/>\nZustand wie Neu<\/p>\n<p>Zwei Klammern in einem Arbeitsgang<br \/>\nF\u00fcr alle Anwender, die die Unterlagen in nur einem einzigen Arbeitsgang mit zwei Klammern heften m\u00f6chten,<br \/>\nist der Elektrohefter NAGEL RINAK DUO besonders geeignet.<br \/>\nEr besteht aus zwei RINAK-Einzelheftern, welche elektrisch gekoppelt sind und in variablem Abstand eingestellt werden k\u00f6nnen.<br \/>\nDie Bedienung ist \u00e4u\u00dferst komfortabel und einfach.<br \/>\nDasselbe gilt f\u00fcr das Heften mit Ringklammern zur Herstellung von Brosch\u00fcren, die in Ordnern ablegbar sein sollen.<\/p>\n<p>elektrische Doppelkopf-Heftmaschine mit verstellbarem Heftkopfabstand<br \/>\nf\u00fcr Blockheftung und Sattelheftung zur Brosch\u00fcrenfertigung<\/p>\n<p>Blockheftung: bis 4 mm ca. 40 Blatt (80 g-Papier)<br \/>\nBrosch\u00fcren: bis 3 mm ca. 30 Blatt (80 g-Papier)<br \/>\nHeftklammern: 26\/6, 26\/8S, Ri 26\/6<br \/>\nAnlagetisch l\u00e4sst sich durch einfaches Kippen zur Block oder Sattelheftung umstellen<br \/>\nHeftkopf-Schlagst\u00e4rke einstellbar<br \/>\nverstellbarer Seitenanschlag<br \/>\nAuftischmaschine zur Befestigung an der Tischplatte<br \/>\nKapazit\u00e4t Klammermagazin: 210 St\u00fcck<br \/>\nEinlegetiefe: 30 mm (bei Blockheftung)<br \/>\nAnschluss: 230 V \/ 50 Hz<br \/>\nMa\u00dfe: B540 x T370 x H360 mm<br \/>\nGewicht (netto): 16 kg<\/p>\n","protected":false},"excerpt":{"rendered":"<p>f\u00fcr Block- und Sattelheftung bis 4 mm Zustand wie Neu Zwei Klammern in einem Arbeitsgang F\u00fcr alle Anwender, die die Unterlagen in nur einem einzigen Arbeitsgang mit zwei Klammern heften m\u00f6chten, ist der Elektrohefter NAGEL RINAK DUO besonders geeignet. Er besteht aus zwei RINAK-Einzelheftern, welche elektrisch gekoppelt sind und in variablem Abstand eingestellt werden k\u00f6nnen. [&hellip;]<\/p>\n","protected":false},"featured_media":14388,"template":"","meta":[],"product_brand":[],"product_cat":[1750],"product_tag":[],"class_list":{"0":"post-14387","1":"product","2":"type-product","3":"status-publish","4":"has-post-thumbnail","6":"product_cat-heftmaschinen","7":"pa_hersteller-ernst-nagel","8":"pa_typ-rinak-duo","10":"first","11":"instock","12":"taxable","13":"shipping-taxable","14":"purchasable","15":"product-type-simple"},"jetpack_sharing_enabled":true,"_links":{"self":[{"href":"https:\/\/www.3p-gmbh.de\/nl\/wp-json\/wp\/v2\/product\/14387","targetHints":{"allow":["GET"]}}],"collection":[{"href":"https:\/\/www.3p-gmbh.de\/nl\/wp-json\/wp\/v2\/product"}],"about":[{"href":"https:\/\/www.3p-gmbh.de\/nl\/wp-json\/wp\/v2\/types\/product"}],"wp:featuredmedia":[{"embeddable":true,"href":"https:\/\/www.3p-gmbh.de\/nl\/wp-json\/wp\/v2\/media\/14388"}],"wp:attachment":[{"href":"https:\/\/www.3p-gmbh.de\/nl\/wp-json\/wp\/v2\/media?parent=14387"}],"wp:term":[{"taxonomy":"product_brand","embeddable":true,"href":"https:\/\/www.3p-gmbh.de\/nl\/wp-json\/wp\/v2\/product_brand?post=14387"},{"taxonomy":"product_cat","embeddable":true,"href":"https:\/\/www.3p-gmbh.de\/nl\/wp-json\/wp\/v2\/product_cat?post=14387"},{"taxonomy":"product_tag","embeddable":true,"href":"https:\/\/www.3p-gmbh.de\/nl\/wp-json\/wp\/v2\/product_tag?post=14387"}],"curies":[{"name":"wp","href":"https:\/\/api.w.org\/{rel}","templated":true}]}}