{"id":13624,"date":"2019-10-28T12:02:38","date_gmt":"2019-10-28T12:02:38","guid":{"rendered":"http:\/\/www.3p-gmbh.de\/?post_type=product&#038;p=13624"},"modified":"2020-04-15T14:15:39","modified_gmt":"2020-04-15T14:15:39","slug":"herzog-heymann-model-kl-112-8-4-fbs","status":"publish","type":"product","link":"https:\/\/www.3p-gmbh.de\/nl\/produkt\/herzog-heymann-model-kl-112-8-4-fbs\/","title":{"rendered":"Herzog &#038; Heymann Model KL 112-8-4-FBS"},"content":{"rendered":"<p>A3 Kleinstfalzmaschine, insbesondere f\u00fcr Beipackzettel<\/p>\n<p>Format max. 35 x 50 cm<br \/>\nFormat min. 5 x 7 cm<br \/>\nminimale Falzl\u00e4nge 18 mm<\/p>\n<p>Diese Kleinstformatfalzmaschine Herzog + Heymann der Serie KL 112 ist f\u00fcr die Verarbeitung von kleinen und Kleinstprodukten ausgelegt.<br \/>\nAufgrund des Falzwalzendurchmessers von 26 mm kann eine minimale Falzl\u00e4nge von 18 mm erreicht werden.<\/p>\n<p>Die Maschine ist \u00e4u\u00dferst flexibel, es k\u00f6nnen z.B. Produkte f\u00fcr die Pharmaindustrie (Inserts oder Outserts), Gebrauchsanweisungen und geleimte oder geheftete Produkte verarbeitet werden.<\/p>\n<p>Ausstattung:<br \/>\n&#8211; FBS Sauganleger mit Kompressor und Luftabscheider<br \/>\n&#8211; Gesamt- oder Chargenz\u00e4hler<br \/>\n&#8211; erste Station mit 8 Taschen 35cm Einlaufbreite, nachgelagerte Messerwellen (zum nuten und perforieren), L\u00e4rmschutzhaube<br \/>\n&#8211; zweite Station mit 4 Taschen 35cm Einlaufbreite, nachgelagerte Messerwellen (zum nuten und perforieren), L\u00e4rmschutzhaube<br \/>\n&#8211; montierbarer Bandtransfertisch H&amp;H 177<br \/>\n&#8211; Kleinformat-Stehendauslage 177<\/p>\n","protected":false},"excerpt":{"rendered":"<p>A3 Kleinstfalzmaschine, insbesondere f\u00fcr Beipackzettel Format max. 35 x 50 cm Format min. 5 x 7 cm minimale Falzl\u00e4nge 18 mm Diese Kleinstformatfalzmaschine Herzog + Heymann der Serie KL 112 ist f\u00fcr die Verarbeitung von kleinen und Kleinstprodukten ausgelegt. Aufgrund des Falzwalzendurchmessers von 26 mm kann eine minimale Falzl\u00e4nge von 18 mm erreicht werden. Die [&hellip;]<\/p>\n","protected":false},"featured_media":13625,"template":"","meta":[],"product_brand":[],"product_cat":[83],"product_tag":[],"class_list":{"0":"post-13624","1":"product","2":"type-product","3":"status-publish","4":"has-post-thumbnail","6":"product_cat-falzmaschinen","7":"pa_hersteller-herzog-heymann","8":"pa_typ-kl-112-8-4-fbs","10":"first","11":"instock","12":"taxable","13":"shipping-taxable","14":"purchasable","15":"product-type-simple"},"jetpack_sharing_enabled":true,"_links":{"self":[{"href":"https:\/\/www.3p-gmbh.de\/nl\/wp-json\/wp\/v2\/product\/13624","targetHints":{"allow":["GET"]}}],"collection":[{"href":"https:\/\/www.3p-gmbh.de\/nl\/wp-json\/wp\/v2\/product"}],"about":[{"href":"https:\/\/www.3p-gmbh.de\/nl\/wp-json\/wp\/v2\/types\/product"}],"wp:featuredmedia":[{"embeddable":true,"href":"https:\/\/www.3p-gmbh.de\/nl\/wp-json\/wp\/v2\/media\/13625"}],"wp:attachment":[{"href":"https:\/\/www.3p-gmbh.de\/nl\/wp-json\/wp\/v2\/media?parent=13624"}],"wp:term":[{"taxonomy":"product_brand","embeddable":true,"href":"https:\/\/www.3p-gmbh.de\/nl\/wp-json\/wp\/v2\/product_brand?post=13624"},{"taxonomy":"product_cat","embeddable":true,"href":"https:\/\/www.3p-gmbh.de\/nl\/wp-json\/wp\/v2\/product_cat?post=13624"},{"taxonomy":"product_tag","embeddable":true,"href":"https:\/\/www.3p-gmbh.de\/nl\/wp-json\/wp\/v2\/product_tag?post=13624"}],"curies":[{"name":"wp","href":"https:\/\/api.w.org\/{rel}","templated":true}]}}