{"id":13453,"date":"2019-10-24T15:18:37","date_gmt":"2019-10-24T15:18:37","guid":{"rendered":"http:\/\/www.3p-gmbh.de\/?post_type=product&#038;p=13453"},"modified":"2020-04-15T14:15:39","modified_gmt":"2020-04-15T14:15:39","slug":"mueller-martini-printroll-p-doppel-abrollung","status":"publish","type":"product","link":"https:\/\/www.3p-gmbh.de\/nl\/produkt\/mueller-martini-printroll-p-doppel-abrollung\/","title":{"rendered":"M\u00fcller Martini PrintRoll P Doppel-Abrollung"},"content":{"rendered":"<p>Diese M\u00fcller Martini Doppel-Abrollung zu PrintRoll P Type 0350.0427 aus Baujahr 2001 (ohne Rollenst\u00e4nder und Einlaufmodule f\u00fcr die Anleger) dient zum Anschlu\u00df an Sammelhefter M\u00fcller Martini Serie Prima, Tempo und Primera, zuletzt war elektronisch ein Primera A 140 aus Baujahr 2014 softwareseitig eingebunden.<\/p>\n","protected":false},"excerpt":{"rendered":"<p>Diese M\u00fcller Martini Doppel-Abrollung zu PrintRoll P Type 0350.0427 aus Baujahr 2001 (ohne Rollenst\u00e4nder und Einlaufmodule f\u00fcr die Anleger) dient zum Anschlu\u00df an Sammelhefter M\u00fcller Martini Serie Prima, Tempo und Primera, zuletzt war elektronisch ein Primera A 140 aus Baujahr 2014 softwareseitig eingebunden.<\/p>\n","protected":false},"featured_media":13454,"template":"","meta":[],"product_brand":[],"product_cat":[86],"product_tag":[],"class_list":{"0":"post-13453","1":"product","2":"type-product","3":"status-publish","4":"has-post-thumbnail","6":"product_cat-sammelhefter","7":"pa_bezeichnung_typ-printroll-p","8":"pa_hersteller-mueller-martini","10":"first","11":"instock","12":"taxable","13":"shipping-taxable","14":"purchasable","15":"product-type-simple"},"jetpack_sharing_enabled":true,"_links":{"self":[{"href":"https:\/\/www.3p-gmbh.de\/nl\/wp-json\/wp\/v2\/product\/13453","targetHints":{"allow":["GET"]}}],"collection":[{"href":"https:\/\/www.3p-gmbh.de\/nl\/wp-json\/wp\/v2\/product"}],"about":[{"href":"https:\/\/www.3p-gmbh.de\/nl\/wp-json\/wp\/v2\/types\/product"}],"wp:featuredmedia":[{"embeddable":true,"href":"https:\/\/www.3p-gmbh.de\/nl\/wp-json\/wp\/v2\/media\/13454"}],"wp:attachment":[{"href":"https:\/\/www.3p-gmbh.de\/nl\/wp-json\/wp\/v2\/media?parent=13453"}],"wp:term":[{"taxonomy":"product_brand","embeddable":true,"href":"https:\/\/www.3p-gmbh.de\/nl\/wp-json\/wp\/v2\/product_brand?post=13453"},{"taxonomy":"product_cat","embeddable":true,"href":"https:\/\/www.3p-gmbh.de\/nl\/wp-json\/wp\/v2\/product_cat?post=13453"},{"taxonomy":"product_tag","embeddable":true,"href":"https:\/\/www.3p-gmbh.de\/nl\/wp-json\/wp\/v2\/product_tag?post=13453"}],"curies":[{"name":"wp","href":"https:\/\/api.w.org\/{rel}","templated":true}]}}