{"id":13371,"date":"2019-10-24T14:12:59","date_gmt":"2019-10-24T14:12:59","guid":{"rendered":"http:\/\/www.3p-gmbh.de\/?post_type=product&#038;p=13371"},"modified":"2020-04-15T14:15:40","modified_gmt":"2020-04-15T14:15:40","slug":"heidelberg-stahl-vorwahlzaehler-evz-30","status":"publish","type":"product","link":"https:\/\/www.3p-gmbh.de\/nl\/produkt\/heidelberg-stahl-vorwahlzaehler-evz-30\/","title":{"rendered":"Heidelberg Stahl Vorwahlz\u00e4hler EVZ 30"},"content":{"rendered":"<p>Vorwahlz\u00e4hlger\u00e4t mit Kicker und Konsole<\/p>\n","protected":false},"excerpt":{"rendered":"<p>Vorwahlz\u00e4hlger\u00e4t mit Kicker und Konsole<\/p>\n","protected":false},"featured_media":13374,"template":"","meta":[],"product_brand":[],"product_cat":[1845],"product_tag":[],"class_list":{"0":"post-13371","1":"product","2":"type-product","3":"status-publish","4":"has-post-thumbnail","6":"product_cat-falzmaschinenzubehoer","7":"pa_bezeichnung_typ-evz-30","8":"pa_hersteller-heidelberg-stahlfolder","10":"first","11":"instock","12":"taxable","13":"shipping-taxable","14":"purchasable","15":"product-type-simple"},"jetpack_sharing_enabled":true,"_links":{"self":[{"href":"https:\/\/www.3p-gmbh.de\/nl\/wp-json\/wp\/v2\/product\/13371","targetHints":{"allow":["GET"]}}],"collection":[{"href":"https:\/\/www.3p-gmbh.de\/nl\/wp-json\/wp\/v2\/product"}],"about":[{"href":"https:\/\/www.3p-gmbh.de\/nl\/wp-json\/wp\/v2\/types\/product"}],"wp:featuredmedia":[{"embeddable":true,"href":"https:\/\/www.3p-gmbh.de\/nl\/wp-json\/wp\/v2\/media\/13374"}],"wp:attachment":[{"href":"https:\/\/www.3p-gmbh.de\/nl\/wp-json\/wp\/v2\/media?parent=13371"}],"wp:term":[{"taxonomy":"product_brand","embeddable":true,"href":"https:\/\/www.3p-gmbh.de\/nl\/wp-json\/wp\/v2\/product_brand?post=13371"},{"taxonomy":"product_cat","embeddable":true,"href":"https:\/\/www.3p-gmbh.de\/nl\/wp-json\/wp\/v2\/product_cat?post=13371"},{"taxonomy":"product_tag","embeddable":true,"href":"https:\/\/www.3p-gmbh.de\/nl\/wp-json\/wp\/v2\/product_tag?post=13371"}],"curies":[{"name":"wp","href":"https:\/\/api.w.org\/{rel}","templated":true}]}}