{"id":13319,"date":"2019-10-24T07:38:35","date_gmt":"2019-10-24T07:38:35","guid":{"rendered":"http:\/\/www.3p-gmbh.de\/?post_type=product&#038;p=13319"},"modified":"2020-04-15T14:15:40","modified_gmt":"2020-04-15T14:15:40","slug":"vakuumtrockner-zirbus-vta-200","status":"publish","type":"product","link":"https:\/\/www.3p-gmbh.de\/nl\/produkt\/vakuumtrockner-zirbus-vta-200\/","title":{"rendered":"Vakuumtrockner Zirbus VTA 200"},"content":{"rendered":"<p>f\u00fcr den Einsatz im Labor und zur Produktion<\/p>\n<p>Runde Trocknungskammer<br \/>\nZwei-Kammer Systeme mit Trennventil<br \/>\nKlappt\u00fcr<br \/>\nMateriali Edelstahl 316TI, 316L<br \/>\nL\u00f6sungsmittelkondensatoren<br \/>\nAutomatische Reinigung CIP<br \/>\nProzessvisualisierung<br \/>\nProduktschalen<br \/>\nEx-Schutz Ausf\u00fchrung<br \/>\nGMP konforme Ausf\u00fchrung<br \/>\nDokumentation \/ Qualifizierung<\/p>\n<p>aus Bj. 2015<br \/>\nAnschaffungspreis pro St\u00fcck war 40.000 Euro zzgl. Mwst<br \/>\ngekauft zum Entfeuchten von Papier<br \/>\nd.h. die Einsch\u00fcbe mit dem Rollentransport lassen sich entfernen<\/p>\n","protected":false},"excerpt":{"rendered":"<p>f\u00fcr den Einsatz im Labor und zur Produktion Runde Trocknungskammer Zwei-Kammer Systeme mit Trennventil Klappt\u00fcr Materiali Edelstahl 316TI, 316L L\u00f6sungsmittelkondensatoren Automatische Reinigung CIP Prozessvisualisierung Produktschalen Ex-Schutz Ausf\u00fchrung GMP konforme Ausf\u00fchrung Dokumentation \/ Qualifizierung aus Bj. 2015 Anschaffungspreis pro St\u00fcck war 40.000 Euro zzgl. Mwst gekauft zum Entfeuchten von Papier d.h. die Einsch\u00fcbe mit dem Rollentransport [&hellip;]<\/p>\n","protected":false},"featured_media":13320,"template":"","meta":[],"product_brand":[],"product_cat":[1458],"product_tag":[],"class_list":{"0":"post-13319","1":"product","2":"type-product","3":"status-publish","4":"has-post-thumbnail","6":"product_cat-sonstige-maschinen-und-anlagen","7":"pa_hersteller-zirbus","8":"pa_typ-vta-200","10":"first","11":"instock","12":"taxable","13":"shipping-taxable","14":"purchasable","15":"product-type-simple"},"jetpack_sharing_enabled":true,"_links":{"self":[{"href":"https:\/\/www.3p-gmbh.de\/nl\/wp-json\/wp\/v2\/product\/13319","targetHints":{"allow":["GET"]}}],"collection":[{"href":"https:\/\/www.3p-gmbh.de\/nl\/wp-json\/wp\/v2\/product"}],"about":[{"href":"https:\/\/www.3p-gmbh.de\/nl\/wp-json\/wp\/v2\/types\/product"}],"wp:featuredmedia":[{"embeddable":true,"href":"https:\/\/www.3p-gmbh.de\/nl\/wp-json\/wp\/v2\/media\/13320"}],"wp:attachment":[{"href":"https:\/\/www.3p-gmbh.de\/nl\/wp-json\/wp\/v2\/media?parent=13319"}],"wp:term":[{"taxonomy":"product_brand","embeddable":true,"href":"https:\/\/www.3p-gmbh.de\/nl\/wp-json\/wp\/v2\/product_brand?post=13319"},{"taxonomy":"product_cat","embeddable":true,"href":"https:\/\/www.3p-gmbh.de\/nl\/wp-json\/wp\/v2\/product_cat?post=13319"},{"taxonomy":"product_tag","embeddable":true,"href":"https:\/\/www.3p-gmbh.de\/nl\/wp-json\/wp\/v2\/product_tag?post=13319"}],"curies":[{"name":"wp","href":"https:\/\/api.w.org\/{rel}","templated":true}]}}