{"id":12493,"date":"2019-10-11T09:54:03","date_gmt":"2019-10-11T09:54:03","guid":{"rendered":"http:\/\/www.3p-gmbh.de\/?post_type=product&#038;p=12493"},"modified":"2020-04-15T14:14:32","modified_gmt":"2020-04-15T14:14:32","slug":"vacuumatic-cuti-2-streifeneinschussgeraet","status":"publish","type":"product","link":"https:\/\/www.3p-gmbh.de\/nl\/produkt\/vacuumatic-cuti-2-streifeneinschussgeraet\/","title":{"rendered":"Vacuumatic Cuti 2 Streifeneinschu\u00dfger\u00e4t"},"content":{"rendered":"<ul>\n<li>drucken &#8211; z\u00e4hlen &#8211; unterteilen<\/li>\n<li>mit elektrischer Verbindung zur Druckmaschine<\/li>\n<li>einfache Eingabe der gew\u00fcnschten Z\u00e4hlmenge mit Tastatur und Display<\/li>\n<li>mit 600 mm Kanall\u00e4nge<\/li>\n<li>Einsatzh\u00f6he verstellbar bis 150 cm<\/li>\n<li>Streifenl\u00e4nge einstellbar von ca. 10 bis 20 cm<\/li>\n<li>abz\u00e4hlen von 6 bis 9999 Bogen<\/li>\n<li>Z\u00e4hlgeschwindigkeit bis 25.000 Bg.\/h<\/li>\n<li>elektr. Anschlu\u00df 230 V<\/li>\n<\/ul>\n","protected":false},"excerpt":{"rendered":"<p>drucken &#8211; z\u00e4hlen &#8211; unterteilen mit elektrischer Verbindung zur Druckmaschine einfache Eingabe der gew\u00fcnschten Z\u00e4hlmenge mit Tastatur und Display mit 600 mm Kanall\u00e4nge Einsatzh\u00f6he verstellbar bis 150 cm Streifenl\u00e4nge einstellbar von ca. 10 bis 20 cm abz\u00e4hlen von 6 bis 9999 Bogen Z\u00e4hlgeschwindigkeit bis 25.000 Bg.\/h elektr. Anschlu\u00df 230 V<\/p>\n","protected":false},"featured_media":12494,"template":"","meta":[],"product_brand":[],"product_cat":[1758],"product_tag":[],"class_list":{"0":"post-12493","1":"product","2":"type-product","3":"status-publish","4":"has-post-thumbnail","6":"product_cat-papierzaehlmaschinen","7":"pa_bezeichnung_typ-cuti-2","8":"pa_hersteller-vacumatic","10":"first","11":"instock","12":"taxable","13":"shipping-taxable","14":"purchasable","15":"product-type-simple"},"jetpack_sharing_enabled":true,"_links":{"self":[{"href":"https:\/\/www.3p-gmbh.de\/nl\/wp-json\/wp\/v2\/product\/12493","targetHints":{"allow":["GET"]}}],"collection":[{"href":"https:\/\/www.3p-gmbh.de\/nl\/wp-json\/wp\/v2\/product"}],"about":[{"href":"https:\/\/www.3p-gmbh.de\/nl\/wp-json\/wp\/v2\/types\/product"}],"wp:featuredmedia":[{"embeddable":true,"href":"https:\/\/www.3p-gmbh.de\/nl\/wp-json\/wp\/v2\/media\/12494"}],"wp:attachment":[{"href":"https:\/\/www.3p-gmbh.de\/nl\/wp-json\/wp\/v2\/media?parent=12493"}],"wp:term":[{"taxonomy":"product_brand","embeddable":true,"href":"https:\/\/www.3p-gmbh.de\/nl\/wp-json\/wp\/v2\/product_brand?post=12493"},{"taxonomy":"product_cat","embeddable":true,"href":"https:\/\/www.3p-gmbh.de\/nl\/wp-json\/wp\/v2\/product_cat?post=12493"},{"taxonomy":"product_tag","embeddable":true,"href":"https:\/\/www.3p-gmbh.de\/nl\/wp-json\/wp\/v2\/product_tag?post=12493"}],"curies":[{"name":"wp","href":"https:\/\/api.w.org\/{rel}","templated":true}]}}