{"id":119801,"date":"2024-11-06T09:06:40","date_gmt":"2024-11-06T09:06:40","guid":{"rendered":"https:\/\/www.3p-gmbh.de\/?post_type=product&#038;p=119801"},"modified":"2024-11-06T09:07:15","modified_gmt":"2024-11-06T09:07:15","slug":"bamberger-kaliko-dura-bel-282-216-blattgruen","status":"publish","type":"product","link":"https:\/\/www.3p-gmbh.de\/nl\/produkt\/bamberger-kaliko-dura-bel-282-216-blattgruen\/","title":{"rendered":"Bamberger Kaliko Dura-bel 282-216 blattgr\u00fcn"},"content":{"rendered":"<p><strong>Bamberger Kaliko Dura-bel 282-216 blattgr\u00fcn<\/strong><\/p>\n<p>Restposten<\/p>\n<p>ca. 10 St\u00fcck, zum Teil Anbruchware in verschieden Ausf\u00fchrungen.<br \/>\ndiverse Textile Einbandstoffe &#8211; Technische Gewebe &#8211; Buchbindereinbandmaterialien<br \/>\nu.a.<br \/>\nBamberger Kaliko Dura-bel 282-216 blattgr\u00fcn<br \/>\nArt.Nr.0282\u00a0 Farbe 216 Blattg\u00fcn 1040mmx50Meter<\/p>\n","protected":false},"excerpt":{"rendered":"<p>Bamberger Kaliko Dura-bel 282-216 blattgr\u00fcn Restposten ca. 10 St\u00fcck, zum Teil Anbruchware in verschieden Ausf\u00fchrungen. diverse Textile Einbandstoffe &#8211; Technische Gewebe &#8211; Buchbindereinbandmaterialien u.a. Bamberger Kaliko Dura-bel 282-216 blattgr\u00fcn Art.Nr.0282\u00a0 Farbe 216 Blattg\u00fcn 1040mmx50Meter<\/p>\n","protected":false},"featured_media":119802,"template":"","meta":[],"product_brand":[],"product_cat":[4056],"product_tag":[],"class_list":{"0":"post-119801","1":"product","2":"type-product","3":"status-publish","4":"has-post-thumbnail","6":"product_cat-buchbinderei","8":"first","9":"instock","10":"taxable","11":"shipping-taxable","12":"product-type-simple"},"jetpack_sharing_enabled":true,"_links":{"self":[{"href":"https:\/\/www.3p-gmbh.de\/nl\/wp-json\/wp\/v2\/product\/119801","targetHints":{"allow":["GET"]}}],"collection":[{"href":"https:\/\/www.3p-gmbh.de\/nl\/wp-json\/wp\/v2\/product"}],"about":[{"href":"https:\/\/www.3p-gmbh.de\/nl\/wp-json\/wp\/v2\/types\/product"}],"wp:featuredmedia":[{"embeddable":true,"href":"https:\/\/www.3p-gmbh.de\/nl\/wp-json\/wp\/v2\/media\/119802"}],"wp:attachment":[{"href":"https:\/\/www.3p-gmbh.de\/nl\/wp-json\/wp\/v2\/media?parent=119801"}],"wp:term":[{"taxonomy":"product_brand","embeddable":true,"href":"https:\/\/www.3p-gmbh.de\/nl\/wp-json\/wp\/v2\/product_brand?post=119801"},{"taxonomy":"product_cat","embeddable":true,"href":"https:\/\/www.3p-gmbh.de\/nl\/wp-json\/wp\/v2\/product_cat?post=119801"},{"taxonomy":"product_tag","embeddable":true,"href":"https:\/\/www.3p-gmbh.de\/nl\/wp-json\/wp\/v2\/product_tag?post=119801"}],"curies":[{"name":"wp","href":"https:\/\/api.w.org\/{rel}","templated":true}]}}