{"id":118020,"date":"2024-08-21T12:19:18","date_gmt":"2024-08-21T12:19:18","guid":{"rendered":"https:\/\/www.3p-gmbh.de\/?post_type=product&#038;p=118020"},"modified":"2024-08-21T12:19:18","modified_gmt":"2024-08-21T12:19:18","slug":"ringbuch-und-kalenderbindemaschiene-rilecart-r-500","status":"publish","type":"product","link":"https:\/\/www.3p-gmbh.de\/nl\/produkt\/ringbuch-und-kalenderbindemaschiene-rilecart-r-500\/","title":{"rendered":"Ringbuch- und Kalenderbindemaschiene Rilecart R-500"},"content":{"rendered":"<div>\n<span style=\"color: #0000ff; font-family: Arial;\"><strong>Ringbuch- und Kalenderbindemaschiene Rilecart R-500<\/strong><\/span><\/div>\n<div><span style=\"color: #0000ff; font-family: Arial;\"><strong>inkl. Werkzeuge f\u00fcr das Verwenden von Spiraldraht auf Rollen und Sterntransport f\u00fcr Teilung 3:1<\/strong><\/span><span style=\"color: #0000ff; font-family: Arial;\"><strong><br \/>\nund Spender f\u00fcr Aufh\u00e4nger<\/strong><\/span><\/div>\n<div>\n<div><\/div>\n<div><span style=\"font-family: Arial;\">Eigenschaften:<br \/>\nDrahtbindung mit WireBind Rilematic\u00ae -Draht auf Spulen<br \/>\nHohe Flexibilit\u00e4t, da 7 verschiedene Bindest\u00e4rken von 3\/16\u00a0 bis zu\u00a0 9\/16,<\/span><\/div>\n<div><span style=\"font-family: Arial;\">mit den entsprechenden Werkzeugen, benutzt werden k\u00f6nnen<br \/>\nMaximale Bindel\u00e4nge 500 mm, Minimum 50 mm<br \/>\nMaximale Bindungsst\u00e4rke: 11,5 mm mit vorgestanzten Seiten<\/span><\/div>\n<div><\/div>\n<div><span style=\"font-family: Arial;\">-Kann eine Drahtl\u00e4nge binden, oder zwei identische Drahtl\u00e4ngen f\u00fcr Wandkalender, oder bis zu f\u00fcnf f\u00fcr Skipbindungen<br \/>\n-Mikroprozessorgesteuerter Betrieb<br \/>\n-Automatischer Spulenabwickler\u00a0 mit integriertem Altpapieraufwickler f\u00fcr eine kontinuierliche Versorgung der Maschine<br \/>\n-Elektrisch und pneumatisch angetrieben<br \/>\n-Max. Geschwindigkeit: 1000 Zyklen pro Stunde<br \/>\ndie tats\u00e4chliche Geschwindigkeit h\u00e4ngt von den F\u00e4higkeiten des Bedieners und den Produkteigenschaften ab.<\/span><\/div>\n<div><\/div>\n<div><span style=\"font-family: Arial;\">Technische Spezifikationen:<br \/>\nStromversorgung: 240 V\/50-60Hz;<br \/>\nerforderliche Druckluftversorgung: 6 bar \u2013 150 lt\/min<br \/>\nGr\u00f6\u00dfe: 1100 x 800 x 1200 mm;<br \/>\nGewicht: 485 Kg<\/span><\/div>\n<div><\/div>\n<div><\/div>\n<div><span style=\"font-family: Arial;\"><span style=\"color: #0000ff;\"><strong>sehr guter Zustand<\/strong><\/span><\/span><\/div>\n<\/div>\n","protected":false},"excerpt":{"rendered":"<p>Ringbuch- und Kalenderbindemaschiene Rilecart R-500 inkl. Werkzeuge f\u00fcr das Verwenden von Spiraldraht auf Rollen und Sterntransport f\u00fcr Teilung 3:1 und Spender f\u00fcr Aufh\u00e4nger Eigenschaften: Drahtbindung mit WireBind Rilematic\u00ae -Draht auf Spulen Hohe Flexibilit\u00e4t, da 7 verschiedene Bindest\u00e4rken von 3\/16\u00a0 bis zu\u00a0 9\/16, mit den entsprechenden Werkzeugen, benutzt werden k\u00f6nnen Maximale Bindel\u00e4nge 500 mm, Minimum 50 [&hellip;]<\/p>\n","protected":false},"featured_media":118021,"template":"","meta":[],"product_brand":[],"product_cat":[85],"product_tag":[],"class_list":{"0":"post-118020","1":"product","2":"type-product","3":"status-publish","4":"has-post-thumbnail","6":"product_cat-drahtbindemaschinen","7":"pa_baujahr-158","9":"first","10":"instock","11":"taxable","12":"shipping-taxable","13":"product-type-simple"},"jetpack_sharing_enabled":true,"_links":{"self":[{"href":"https:\/\/www.3p-gmbh.de\/nl\/wp-json\/wp\/v2\/product\/118020","targetHints":{"allow":["GET"]}}],"collection":[{"href":"https:\/\/www.3p-gmbh.de\/nl\/wp-json\/wp\/v2\/product"}],"about":[{"href":"https:\/\/www.3p-gmbh.de\/nl\/wp-json\/wp\/v2\/types\/product"}],"wp:featuredmedia":[{"embeddable":true,"href":"https:\/\/www.3p-gmbh.de\/nl\/wp-json\/wp\/v2\/media\/118021"}],"wp:attachment":[{"href":"https:\/\/www.3p-gmbh.de\/nl\/wp-json\/wp\/v2\/media?parent=118020"}],"wp:term":[{"taxonomy":"product_brand","embeddable":true,"href":"https:\/\/www.3p-gmbh.de\/nl\/wp-json\/wp\/v2\/product_brand?post=118020"},{"taxonomy":"product_cat","embeddable":true,"href":"https:\/\/www.3p-gmbh.de\/nl\/wp-json\/wp\/v2\/product_cat?post=118020"},{"taxonomy":"product_tag","embeddable":true,"href":"https:\/\/www.3p-gmbh.de\/nl\/wp-json\/wp\/v2\/product_tag?post=118020"}],"curies":[{"name":"wp","href":"https:\/\/api.w.org\/{rel}","templated":true}]}}