{"id":116058,"date":"2023-07-26T22:34:33","date_gmt":"2023-07-26T22:34:33","guid":{"rendered":"https:\/\/www.3p-gmbh.de\/produkt\/zweifarbig-mit-wendemaschine-heidelberg-gtozp-46-minus-version-und-crestline-dampening\/"},"modified":"2024-08-21T13:51:54","modified_gmt":"2024-08-21T13:51:54","slug":"zweifarbig-mit-wendemaschine-heidelberg-gtozp-46-minus-version-und-crestline-dampening","status":"publish","type":"product","link":"https:\/\/www.3p-gmbh.de\/nl\/produkt\/zweifarbig-mit-wendemaschine-heidelberg-gtozp-46-minus-version-und-crestline-dampening\/","title":{"rendered":"Zweifarbig mit Wendemaschine Heidelberg GTOZP 46 Minus VERSION und Crestline Dampening"},"content":{"rendered":"<p><strong>Zweifarbig mit Wendemaschine Heidelberg GTOZP 46 Minus VERSION und Crestline Dampening<\/strong><br \/>\n<strong>Alter 1978<\/strong><br \/>\n<strong>Z\u00c4HLER 52 Mio.<br \/>\n<\/strong><br \/>\nGr\u00f6\u00dfe 32&#215;46<\/p>\n<p>Perfektor f\u00fcr 1\/1- oder 2\/0-Farbdruck<br \/>\nCrestline-D\u00e4mpfung<\/p>\n","protected":false},"excerpt":{"rendered":"<p>Zweifarbig mit Wendemaschine Heidelberg GTOZP 46 Minus VERSION und Crestline Dampening Alter 1978 Z\u00c4HLER 52 Mio. Gr\u00f6\u00dfe 32&#215;46 Perfektor f\u00fcr 1\/1- oder 2\/0-Farbdruck Crestline-D\u00e4mpfung<\/p>\n","protected":false},"featured_media":88649,"template":"","meta":[],"product_brand":[],"product_cat":[15,279],"product_tag":[],"class_list":{"0":"post-116058","1":"product","2":"type-product","3":"status-publish","4":"has-post-thumbnail","6":"product_cat-unkategorisiert","7":"product_cat-bogenoffset-2-farben","8":"pa_hersteller-heidelberg","9":"pa_typ-gtozp-46","11":"first","12":"instock","13":"taxable","14":"shipping-taxable","15":"product-type-simple"},"jetpack_sharing_enabled":true,"_links":{"self":[{"href":"https:\/\/www.3p-gmbh.de\/nl\/wp-json\/wp\/v2\/product\/116058","targetHints":{"allow":["GET"]}}],"collection":[{"href":"https:\/\/www.3p-gmbh.de\/nl\/wp-json\/wp\/v2\/product"}],"about":[{"href":"https:\/\/www.3p-gmbh.de\/nl\/wp-json\/wp\/v2\/types\/product"}],"wp:featuredmedia":[{"embeddable":true,"href":"https:\/\/www.3p-gmbh.de\/nl\/wp-json\/wp\/v2\/media\/88649"}],"wp:attachment":[{"href":"https:\/\/www.3p-gmbh.de\/nl\/wp-json\/wp\/v2\/media?parent=116058"}],"wp:term":[{"taxonomy":"product_brand","embeddable":true,"href":"https:\/\/www.3p-gmbh.de\/nl\/wp-json\/wp\/v2\/product_brand?post=116058"},{"taxonomy":"product_cat","embeddable":true,"href":"https:\/\/www.3p-gmbh.de\/nl\/wp-json\/wp\/v2\/product_cat?post=116058"},{"taxonomy":"product_tag","embeddable":true,"href":"https:\/\/www.3p-gmbh.de\/nl\/wp-json\/wp\/v2\/product_tag?post=116058"}],"curies":[{"name":"wp","href":"https:\/\/api.w.org\/{rel}","templated":true}]}}