{"id":115738,"date":"2024-05-30T12:58:59","date_gmt":"2024-05-30T12:58:59","guid":{"rendered":"https:\/\/www.3p-gmbh.de\/?post_type=product&#038;p=115738"},"modified":"2025-11-10T17:30:12","modified_gmt":"2025-11-10T17:30:12","slug":"habicht-heuser-robust-lql-15-laengs-und-quer-formatschneider","status":"publish","type":"product","link":"https:\/\/www.3p-gmbh.de\/nl\/produkt\/habicht-heuser-robust-lql-15-laengs-und-quer-formatschneider\/","title":{"rendered":"Habicht &#038; Heuser  ROBUST LQL 15 &#8211;  L\u00e4ngs- und Quer Formatschneider"},"content":{"rendered":"<p><strong>Habicht &amp; Heuser\u00a0 ROBUST\u00a0LQL 15 &#8211; \u00a0L\u00e4ngs- und Quer Formatschneider<\/strong><br \/>\n<strong>aus 2018<\/strong><\/p>\n<p>-f\u00fcr die verschiedensten Materialien<br \/>\n&#8211; mit L\u00e4ngsschneidesysteme<br \/>\n&#8211; Hohe Schnittgenauigkeit durch modernste Gleich- und Drehstromantriebe und Steuerungssysteme<br \/>\n&#8211; Stabile Schwei\u00dfkonstruktion<\/p>\n<p>Messerbalken mit spezieller Schergeometrie, in hochpr\u00e4zisen, spiel- und wartungsfreien Kugelf\u00fchrungen gelagert<br \/>\nSauberer Schnitt von d\u00fcnnen und dicken Materialien unterschiedlichster Art<br \/>\nVorschubl\u00e4nge von 0 &#8211; 9999 mm serienm\u00e4\u00dfig<br \/>\nGeringe Wartung durch Verwendung modernster Bauelemente und Steuerungstechnik<br \/>\nArbeitsbreiten: 1500 mm<\/p>\n","protected":false},"excerpt":{"rendered":"<p>Habicht &amp; Heuser\u00a0 ROBUST\u00a0LQL 15 &#8211; \u00a0L\u00e4ngs- und Quer Formatschneider aus 2018 -f\u00fcr die verschiedensten Materialien &#8211; mit L\u00e4ngsschneidesysteme &#8211; Hohe Schnittgenauigkeit durch modernste Gleich- und Drehstromantriebe und Steuerungssysteme &#8211; Stabile Schwei\u00dfkonstruktion Messerbalken mit spezieller Schergeometrie, in hochpr\u00e4zisen, spiel- und wartungsfreien Kugelf\u00fchrungen gelagert Sauberer Schnitt von d\u00fcnnen und dicken Materialien unterschiedlichster Art Vorschubl\u00e4nge von 0 [&hellip;]<\/p>\n","protected":false},"featured_media":115739,"template":"","meta":[],"product_brand":[],"product_cat":[83],"product_tag":[],"class_list":{"0":"post-115738","1":"product","2":"type-product","3":"status-publish","4":"has-post-thumbnail","6":"product_cat-falzmaschinen","7":"pa_bezeichnung_typ-robust-lql-15","8":"pa_hersteller-habicht-heuser","10":"first","11":"instock","12":"taxable","13":"shipping-taxable","14":"product-type-simple"},"jetpack_sharing_enabled":true,"_links":{"self":[{"href":"https:\/\/www.3p-gmbh.de\/nl\/wp-json\/wp\/v2\/product\/115738","targetHints":{"allow":["GET"]}}],"collection":[{"href":"https:\/\/www.3p-gmbh.de\/nl\/wp-json\/wp\/v2\/product"}],"about":[{"href":"https:\/\/www.3p-gmbh.de\/nl\/wp-json\/wp\/v2\/types\/product"}],"wp:featuredmedia":[{"embeddable":true,"href":"https:\/\/www.3p-gmbh.de\/nl\/wp-json\/wp\/v2\/media\/115739"}],"wp:attachment":[{"href":"https:\/\/www.3p-gmbh.de\/nl\/wp-json\/wp\/v2\/media?parent=115738"}],"wp:term":[{"taxonomy":"product_brand","embeddable":true,"href":"https:\/\/www.3p-gmbh.de\/nl\/wp-json\/wp\/v2\/product_brand?post=115738"},{"taxonomy":"product_cat","embeddable":true,"href":"https:\/\/www.3p-gmbh.de\/nl\/wp-json\/wp\/v2\/product_cat?post=115738"},{"taxonomy":"product_tag","embeddable":true,"href":"https:\/\/www.3p-gmbh.de\/nl\/wp-json\/wp\/v2\/product_tag?post=115738"}],"curies":[{"name":"wp","href":"https:\/\/api.w.org\/{rel}","templated":true}]}}