{"id":113787,"date":"2019-11-21T14:29:57","date_gmt":"2019-11-21T14:29:57","guid":{"rendered":"https:\/\/www.3p-gmbh.de\/produkt\/traenklein-usm-universele-ponsmachine\/"},"modified":"2019-11-21T14:29:57","modified_gmt":"2019-11-21T14:29:57","slug":"traenklein-usm-universele-ponsmachine","status":"publish","type":"product","link":"https:\/\/www.3p-gmbh.de\/nl\/produkt\/traenklein-usm-universele-ponsmachine\/","title":{"rendered":"Tr\u00e4nklein USM universele ponsmachine"},"content":{"rendered":"<p>met \u00e9\u00e9n gereedschap voor 45\u00b0 registersnede, bladlengte 40 cm<\/p>\n<p>is geschikt voor het perforeren van papier, karton, plastic, enz.<br \/>\nHij kan worden uitgerust met tal van gemakkelijk verwisselbare ponsgereedschappen voor een grote verscheidenheid aan ponstaken.<br \/>\nHet ontwerp van de ponsmachine bestaat uit drie hoofdonderdelen: Basisframe, gereedschapslede en ondersteuningstafel.<br \/>\nDe lift wordt geactiveerd door een elektrische voetschakelaar (of automatisch),<br \/>\nDe hefhoogte van de machine kan worden aangepast aan de vorm van het gereedschap en het ponsmateriaal.<br \/>\nHet afval dat tijdens het ponsen ontstaat, valt via twee goten naar beneden en kan in containers worden verzameld.<\/p>\n<p>+Voor het perforeren van papier, karton en plastic met boven- en ondermes<br \/>\n+Elektrische uitrusting: Tandwielremmotor 400 Volt, 3 Ph, 50 Hz, 1,5 kW<br \/>\n+Stapelhoogte max. 80 mm<br \/>\n+slag max. 100 mm<br \/>\n+Afmetingen tafel 900 x 480 mm<br \/>\n+Benodigde ruimte 100 x 95 x 140 cm<br \/>\n+Nettogewicht 350 kg<\/p>\n","protected":false},"excerpt":{"rendered":"<p>met \u00e9\u00e9n gereedschap voor 45\u00b0 registersnede, bladlengte 40 cm is geschikt voor het perforeren van papier, karton, plastic, enz. Hij kan worden uitgerust met tal van gemakkelijk verwisselbare ponsgereedschappen voor een grote verscheidenheid aan ponstaken. Het ontwerp van de ponsmachine bestaat uit drie hoofdonderdelen: Basisframe, gereedschapslede en ondersteuningstafel. De lift wordt geactiveerd door een elektrische [&hellip;]<\/p>\n","protected":false},"featured_media":113819,"template":"","meta":[],"product_brand":[],"product_cat":[3240],"product_tag":[],"class_list":{"0":"post-113787","1":"product","2":"type-product","3":"status-publish","4":"has-post-thumbnail","6":"product_cat-ponsen","7":"pa_hersteller-karl-traenklein","8":"pa_typ-usm","10":"first","11":"instock","12":"taxable","13":"shipping-taxable","14":"purchasable","15":"product-type-simple"},"jetpack_sharing_enabled":true,"_links":{"self":[{"href":"https:\/\/www.3p-gmbh.de\/nl\/wp-json\/wp\/v2\/product\/113787","targetHints":{"allow":["GET"]}}],"collection":[{"href":"https:\/\/www.3p-gmbh.de\/nl\/wp-json\/wp\/v2\/product"}],"about":[{"href":"https:\/\/www.3p-gmbh.de\/nl\/wp-json\/wp\/v2\/types\/product"}],"wp:featuredmedia":[{"embeddable":true,"href":"https:\/\/www.3p-gmbh.de\/nl\/wp-json\/wp\/v2\/media\/113819"}],"wp:attachment":[{"href":"https:\/\/www.3p-gmbh.de\/nl\/wp-json\/wp\/v2\/media?parent=113787"}],"wp:term":[{"taxonomy":"product_brand","embeddable":true,"href":"https:\/\/www.3p-gmbh.de\/nl\/wp-json\/wp\/v2\/product_brand?post=113787"},{"taxonomy":"product_cat","embeddable":true,"href":"https:\/\/www.3p-gmbh.de\/nl\/wp-json\/wp\/v2\/product_cat?post=113787"},{"taxonomy":"product_tag","embeddable":true,"href":"https:\/\/www.3p-gmbh.de\/nl\/wp-json\/wp\/v2\/product_tag?post=113787"}],"curies":[{"name":"wp","href":"https:\/\/api.w.org\/{rel}","templated":true}]}}