{"id":112359,"date":"2021-06-14T21:11:43","date_gmt":"2021-06-14T21:11:43","guid":{"rendered":"https:\/\/www.3p-gmbh.de\/produkt\/folieverpakking-zo-goed-als-nieuw-met-beck-multiplex-pico-mp-vormschoudermachine-met-hv-601-krimptunnel\/"},"modified":"2021-06-14T21:11:43","modified_gmt":"2021-06-14T21:11:43","slug":"folieverpakking-zo-goed-als-nieuw-met-beck-multiplex-pico-mp-vormschoudermachine-met-hv-601-krimptunnel","status":"publish","type":"product","link":"https:\/\/www.3p-gmbh.de\/nl\/produkt\/folieverpakking-zo-goed-als-nieuw-met-beck-multiplex-pico-mp-vormschoudermachine-met-hv-601-krimptunnel\/","title":{"rendered":"Folieverpakking zo goed als nieuw met Beck Multiplex Pico MP vormschoudermachine met HV 601 krimptunnel"},"content":{"rendered":"<p><strong>Folieverpakking zo goed als nieuw met Beck Multiplex Pico MP vormschoudermachine met HV 601 krimptunnel  <\/strong><br \/>\n<strong>van Bj. 2008<\/strong><\/p>\n<div>\n<p><em>1 (\u00e9\u00e9n) invoerband met gespleten bandlichaam van 40 mm breed en 340 mm lang<\/em><\/p>\n<p><em>1 (\u00e9\u00e9n) schouderafdrukmachine beck-Multiplex MP pico<\/em><br \/>\nInstapmodel voor standaardtoepassingen, flexibel in gebruik en gebruiksvriendelijk.<br \/>\nOnderhoudsarme sealsystemen voor alle soorten folie, 3-zijdig sealen en de nieuwste generatie energiebesparende aandrijvingen.<\/p>\n<p>Het principe van de voorgevormde schouder zorgt voor een voorbeeldige flexibiliteit met verschillende formaten en materialen.<br \/>\nEen rol halfbuisfolie wordt over een vormschouder gevoerd en dan aan 3 zijden of overlappend gelast.<\/p>\n<p>Flexibele en eenvoudige bediening<br \/>\nPaneelafdekking uit \u00e9\u00e9n stuk voor optimale toegankelijkheid<br \/>\nMobiel bedieningspaneel met geheugen voor verpakte goederen<br \/>\nPermanent verwarmde, onderhoudsarme lassystemen<\/p>\n<p><em>1 (\u00e9\u00e9n) beck krimptunnel HV 601 Standaard<br \/>\n<\/em>Hoge prestaties, laag verbruik. Een echte energiebundel op het gebied van duurzaamheid.<br \/>\nMet zijn geoptimaliseerde energiebalans, luchtgeleiding en krimpsysteem levert de Beck krimptunnel briljante krimp met een grote verscheidenheid aan folies.<\/p>\n<\/div>\n","protected":false},"excerpt":{"rendered":"<p>Folieverpakking zo goed als nieuw met Beck Multiplex Pico MP vormschoudermachine met HV 601 krimptunnel van Bj. 2008 1 (\u00e9\u00e9n) invoerband met gespleten bandlichaam van 40 mm breed en 340 mm lang 1 (\u00e9\u00e9n) schouderafdrukmachine beck-Multiplex MP pico Instapmodel voor standaardtoepassingen, flexibel in gebruik en gebruiksvriendelijk. Onderhoudsarme sealsystemen voor alle soorten folie, 3-zijdig sealen en [&hellip;]<\/p>\n","protected":false},"featured_media":112365,"template":"","meta":[],"product_brand":[],"product_cat":[3358],"product_tag":[],"class_list":{"0":"post-112359","1":"product","2":"type-product","3":"status-publish","4":"has-post-thumbnail","6":"product_cat-folieverpakking-en-stretchpackers","7":"pa_hersteller-beck","8":"pa_typ-multiplex-pico-mp","10":"first","11":"instock","12":"taxable","13":"shipping-taxable","14":"product-type-simple"},"jetpack_sharing_enabled":true,"_links":{"self":[{"href":"https:\/\/www.3p-gmbh.de\/nl\/wp-json\/wp\/v2\/product\/112359","targetHints":{"allow":["GET"]}}],"collection":[{"href":"https:\/\/www.3p-gmbh.de\/nl\/wp-json\/wp\/v2\/product"}],"about":[{"href":"https:\/\/www.3p-gmbh.de\/nl\/wp-json\/wp\/v2\/types\/product"}],"wp:featuredmedia":[{"embeddable":true,"href":"https:\/\/www.3p-gmbh.de\/nl\/wp-json\/wp\/v2\/media\/112365"}],"wp:attachment":[{"href":"https:\/\/www.3p-gmbh.de\/nl\/wp-json\/wp\/v2\/media?parent=112359"}],"wp:term":[{"taxonomy":"product_brand","embeddable":true,"href":"https:\/\/www.3p-gmbh.de\/nl\/wp-json\/wp\/v2\/product_brand?post=112359"},{"taxonomy":"product_cat","embeddable":true,"href":"https:\/\/www.3p-gmbh.de\/nl\/wp-json\/wp\/v2\/product_cat?post=112359"},{"taxonomy":"product_tag","embeddable":true,"href":"https:\/\/www.3p-gmbh.de\/nl\/wp-json\/wp\/v2\/product_tag?post=112359"}],"curies":[{"name":"wp","href":"https:\/\/api.w.org\/{rel}","templated":true}]}}