{"id":112233,"date":"2021-11-18T10:00:20","date_gmt":"2021-11-18T10:00:20","guid":{"rendered":"https:\/\/www.3p-gmbh.de\/produkt\/constantin-hang-oliemachine-hang-101-11-piccolo-iii-met-steuntafel-en-hekwerk\/"},"modified":"2021-11-18T10:00:20","modified_gmt":"2021-11-18T10:00:20","slug":"constantin-hang-oliemachine-hang-101-11-piccolo-iii-met-steuntafel-en-hekwerk","status":"publish","type":"product","link":"https:\/\/www.3p-gmbh.de\/nl\/produkt\/constantin-hang-oliemachine-hang-101-11-piccolo-iii-met-steuntafel-en-hekwerk\/","title":{"rendered":"Constantin Hang oliemachine Hang 101-11 Piccolo III met steuntafel en hekwerk"},"content":{"rendered":"<p><strong>Constantin Hang oliemachine Hang 101-11 Piccolo III met steuntafel en hekwerk<\/strong><\/p>\n<ul>\n<li>Voor papier, karton of soortgelijke materialen. Materialen tot 2 mm dik.<\/li>\n<li>Onge\u00ebvenaard, onge\u00ebvenaard bewegingsgemak<\/li>\n<li>Met automatische olietoevoer via magazijn<\/li>\n<li>Pons en oogje in \u00e9\u00e9n handeling, waarbij het oogje zelf het gat ponst<\/li>\n<li>voor zeilringen met een binnendiameter van 5,5 mm (vijlgaten)<\/li>\n<li>Kan worden gebruikt met oogje model 24 voor 2-15 vellen<\/li>\n<\/ul>\n","protected":false},"excerpt":{"rendered":"<p>Constantin Hang oliemachine Hang 101-11 Piccolo III met steuntafel en hekwerk Voor papier, karton of soortgelijke materialen. Materialen tot 2 mm dik. Onge\u00ebvenaard, onge\u00ebvenaard bewegingsgemak Met automatische olietoevoer via magazijn Pons en oogje in \u00e9\u00e9n handeling, waarbij het oogje zelf het gat ponst voor zeilringen met een binnendiameter van 5,5 mm (vijlgaten) Kan worden gebruikt [&hellip;]<\/p>\n","protected":false},"featured_media":112234,"template":"","meta":[],"product_brand":[],"product_cat":[3241],"product_tag":[],"class_list":{"0":"post-112233","1":"product","2":"type-product","3":"status-publish","4":"has-post-thumbnail","6":"product_cat-machines-olien","7":"pa_hersteller-constantin-hang","8":"pa_typ-101-11-piccolo-iii","10":"first","11":"instock","12":"taxable","13":"shipping-taxable","14":"product-type-simple"},"jetpack_sharing_enabled":true,"_links":{"self":[{"href":"https:\/\/www.3p-gmbh.de\/nl\/wp-json\/wp\/v2\/product\/112233","targetHints":{"allow":["GET"]}}],"collection":[{"href":"https:\/\/www.3p-gmbh.de\/nl\/wp-json\/wp\/v2\/product"}],"about":[{"href":"https:\/\/www.3p-gmbh.de\/nl\/wp-json\/wp\/v2\/types\/product"}],"wp:featuredmedia":[{"embeddable":true,"href":"https:\/\/www.3p-gmbh.de\/nl\/wp-json\/wp\/v2\/media\/112234"}],"wp:attachment":[{"href":"https:\/\/www.3p-gmbh.de\/nl\/wp-json\/wp\/v2\/media?parent=112233"}],"wp:term":[{"taxonomy":"product_brand","embeddable":true,"href":"https:\/\/www.3p-gmbh.de\/nl\/wp-json\/wp\/v2\/product_brand?post=112233"},{"taxonomy":"product_cat","embeddable":true,"href":"https:\/\/www.3p-gmbh.de\/nl\/wp-json\/wp\/v2\/product_cat?post=112233"},{"taxonomy":"product_tag","embeddable":true,"href":"https:\/\/www.3p-gmbh.de\/nl\/wp-json\/wp\/v2\/product_tag?post=112233"}],"curies":[{"name":"wp","href":"https:\/\/api.w.org\/{rel}","templated":true}]}}