{"id":111897,"date":"2019-12-05T13:15:55","date_gmt":"2019-12-05T13:15:55","guid":{"rendered":"https:\/\/www.3p-gmbh.de\/produkt\/ats-tanner-ultrasonic-us-2000-ab-transit-banderolleermachine-met-pneumatische-productaanslag-en-invoerrollenbaan\/"},"modified":"2019-12-05T13:15:55","modified_gmt":"2019-12-05T13:15:55","slug":"ats-tanner-ultrasonic-us-2000-ab-transit-banderolleermachine-met-pneumatische-productaanslag-en-invoerrollenbaan","status":"publish","type":"product","link":"https:\/\/www.3p-gmbh.de\/nl\/produkt\/ats-tanner-ultrasonic-us-2000-ab-transit-banderolleermachine-met-pneumatische-productaanslag-en-invoerrollenbaan\/","title":{"rendered":"ATS Tanner UltraSonic US 2000-AB Transit banderolleermachine met pneumatische productaanslag en invoerrollenbaan"},"content":{"rendered":"<div><span style=\"font-family: Arial;\"><span style=\"color: #0000ff;\"><strong>ATS Tanner UltraSonic US 2000-AB Transit banderolleermachine met Shuttleworth aangedreven invoerrollenbaan<br \/>\nBouwjaar 2001<br \/>\nTeller slechts 772.280 omsnoeringen<\/strong><\/span><\/p>\n<p>Uitvoer tot 35 banderolleringen per minuut<br \/>\nVelformaat 360 x 180 mm<br \/>\nBandbreedte 30 mm<\/p>\n<p>Dankzij de ge\u00efntegreerde transportband bandt dit model een grote verscheidenheid aan producten in \u00e9\u00e9n keer,<br \/>\nis geschikt voor volautomatische verpakkingslijnen en verwerkt een grote verscheidenheid aan producten in \u00e9\u00e9n enkel werkproces.<br \/>\nProducten zoals drukwerk, computerformulieren, voedsel, stapels wasgoed of technische producten.<\/p>\n<p>Geen overschakeling van papier naar filmtape<br \/>\nGeen opwarmtijd, direct klaar voor gebruik<br \/>\nzonder geurvorming<br \/>\nComputerbesturing en LED-storingsindicator<\/p>\n<p>Minder onderhoud:<br \/>\nAfzettingen van filmbranden en vervanging van verwarmingselementen zijn niet langer nodig<\/p>\n<p>Speciale uitrusting<br \/>\n&#8211; Shuttleworth aangedreven invoerrollenbank<span style=\"color: #ff0000;\"> (alle aandrijfriemen vervangen)<\/span><\/span><\/div>\n<div><span style=\"font-family: Arial;\">&#8211; Pneumatische achteraanslag<\/span><\/div>\n<div><span style=\"font-family: Arial;\">&#8211; Pneumatisch centreren<\/span><\/div>\n<div><span style=\"font-family: Arial;\">&#8211; Twee pneumatische vastzetapparaten<\/span><\/div>\n<div><span style=\"font-family: Arial;\">-een pneumatische vastzetinrichting in de werkbreedte inbegrepen als de centreereenheid niet wordt gebruikt<br \/>\n<span style=\"color: #ff0000;\">&#8211; met Markem thermische transfer afdrukeenheid<\/span><\/span><\/div>\n<div><\/div>\n<div><span style=\"font-family: Arial;\">(Perslucht moet door de klant worden geleverd)<\/span><\/div>\n","protected":false},"excerpt":{"rendered":"<p>ATS Tanner UltraSonic US 2000-AB Transit banderolleermachine met Shuttleworth aangedreven invoerrollenbaan Bouwjaar 2001 Teller slechts 772.280 omsnoeringen Uitvoer tot 35 banderolleringen per minuut Velformaat 360 x 180 mm Bandbreedte 30 mm Dankzij de ge\u00efntegreerde transportband bandt dit model een grote verscheidenheid aan producten in \u00e9\u00e9n keer, is geschikt voor volautomatische verpakkingslijnen en verwerkt een grote [&hellip;]<\/p>\n","protected":false},"featured_media":111899,"template":"","meta":[],"product_brand":[],"product_cat":[3243],"product_tag":[],"class_list":{"0":"post-111897","1":"product","2":"type-product","3":"status-publish","4":"has-post-thumbnail","6":"product_cat-banderolleermachines","7":"pa_hersteller-ats-tanner","8":"pa_typ-ultrasonic-us-2000-ab-transit","10":"first","11":"instock","12":"taxable","13":"shipping-taxable","14":"purchasable","15":"product-type-simple"},"jetpack_sharing_enabled":true,"_links":{"self":[{"href":"https:\/\/www.3p-gmbh.de\/nl\/wp-json\/wp\/v2\/product\/111897","targetHints":{"allow":["GET"]}}],"collection":[{"href":"https:\/\/www.3p-gmbh.de\/nl\/wp-json\/wp\/v2\/product"}],"about":[{"href":"https:\/\/www.3p-gmbh.de\/nl\/wp-json\/wp\/v2\/types\/product"}],"wp:featuredmedia":[{"embeddable":true,"href":"https:\/\/www.3p-gmbh.de\/nl\/wp-json\/wp\/v2\/media\/111899"}],"wp:attachment":[{"href":"https:\/\/www.3p-gmbh.de\/nl\/wp-json\/wp\/v2\/media?parent=111897"}],"wp:term":[{"taxonomy":"product_brand","embeddable":true,"href":"https:\/\/www.3p-gmbh.de\/nl\/wp-json\/wp\/v2\/product_brand?post=111897"},{"taxonomy":"product_cat","embeddable":true,"href":"https:\/\/www.3p-gmbh.de\/nl\/wp-json\/wp\/v2\/product_cat?post=111897"},{"taxonomy":"product_tag","embeddable":true,"href":"https:\/\/www.3p-gmbh.de\/nl\/wp-json\/wp\/v2\/product_tag?post=111897"}],"curies":[{"name":"wp","href":"https:\/\/api.w.org\/{rel}","templated":true}]}}