{"id":106941,"date":"2021-05-09T14:00:37","date_gmt":"2021-05-09T14:00:37","guid":{"rendered":"https:\/\/www.3p-gmbh.de\/produkt\/herzog-heymann-mobiel-vacuumautomaatstation-met-servoaandrijving-en-becker-dsk-4-40-vacuumgenerator\/"},"modified":"2021-05-09T14:00:37","modified_gmt":"2021-05-09T14:00:37","slug":"herzog-heymann-mobiel-vacuumautomaatstation-met-servoaandrijving-en-becker-dsk-4-40-vacuumgenerator","status":"publish","type":"product","link":"https:\/\/www.3p-gmbh.de\/nl\/produkt\/herzog-heymann-mobiel-vacuumautomaatstation-met-servoaandrijving-en-becker-dsk-4-40-vacuumgenerator\/","title":{"rendered":"Herzog &amp; Heymann mobiel vacu\u00fcmautomaatstation met servoaandrijving en Becker DSK 4.40 vacu\u00fcmgenerator"},"content":{"rendered":"<div><strong>Herzog &amp; Heymann mobiel vacu\u00fcmautomaatstation met servoaandrijving en Becker DSK 4.40 vacu\u00fcmgenerator<\/strong><\/div>\n<div><strong>van 2003<\/strong><\/div>\n","protected":false},"excerpt":{"rendered":"<p>Herzog &amp; Heymann mobiel vacu\u00fcmautomaatstation met servoaandrijving en Becker DSK 4.40 vacu\u00fcmgenerator van 2003<\/p>\n","protected":false},"featured_media":106942,"template":"","meta":[],"product_brand":[],"product_cat":[3347],"product_tag":[],"class_list":{"0":"post-106941","1":"product","2":"type-product","3":"status-publish","4":"has-post-thumbnail","6":"product_cat-mailingsystemen","7":"pa_hersteller-herzog-heymann","9":"first","10":"instock","11":"taxable","12":"shipping-taxable","13":"product-type-simple"},"jetpack_sharing_enabled":true,"_links":{"self":[{"href":"https:\/\/www.3p-gmbh.de\/nl\/wp-json\/wp\/v2\/product\/106941","targetHints":{"allow":["GET"]}}],"collection":[{"href":"https:\/\/www.3p-gmbh.de\/nl\/wp-json\/wp\/v2\/product"}],"about":[{"href":"https:\/\/www.3p-gmbh.de\/nl\/wp-json\/wp\/v2\/types\/product"}],"wp:featuredmedia":[{"embeddable":true,"href":"https:\/\/www.3p-gmbh.de\/nl\/wp-json\/wp\/v2\/media\/106942"}],"wp:attachment":[{"href":"https:\/\/www.3p-gmbh.de\/nl\/wp-json\/wp\/v2\/media?parent=106941"}],"wp:term":[{"taxonomy":"product_brand","embeddable":true,"href":"https:\/\/www.3p-gmbh.de\/nl\/wp-json\/wp\/v2\/product_brand?post=106941"},{"taxonomy":"product_cat","embeddable":true,"href":"https:\/\/www.3p-gmbh.de\/nl\/wp-json\/wp\/v2\/product_cat?post=106941"},{"taxonomy":"product_tag","embeddable":true,"href":"https:\/\/www.3p-gmbh.de\/nl\/wp-json\/wp\/v2\/product_tag?post=106941"}],"curies":[{"name":"wp","href":"https:\/\/api.w.org\/{rel}","templated":true}]}}