{"id":102863,"date":"2022-02-10T14:59:04","date_gmt":"2022-02-10T14:59:04","guid":{"rendered":"https:\/\/www.3p-gmbh.de\/produkt\/opslag-gevaarlijke-stoffen-denios-ibc-station-1000-liter\/"},"modified":"2022-02-10T14:59:04","modified_gmt":"2022-02-10T14:59:04","slug":"opslag-gevaarlijke-stoffen-denios-ibc-station-1000-liter","status":"publish","type":"product","link":"https:\/\/www.3p-gmbh.de\/nl\/produkt\/opslag-gevaarlijke-stoffen-denios-ibc-station-1000-liter\/","title":{"rendered":"Opslag gevaarlijke stoffen Denios IBC station 1000 liter"},"content":{"rendered":"<p><strong>Denios IBC-station voor 1000 Lite<\/strong><\/p>\n<p>Denios IBC-station S van PE &#8211; voor optimale opslag van gevaarlijke vloeistoffen<br \/>\nIdeaal voor het opslaan van containers van 1.000 liter of kleinere containers,<br \/>\nVoor optimale opslag van verschillende zuren en logen en oli\u00ebn<br \/>\nen niet-ontvlambare reinigingschemicali\u00ebn<\/p>\n<p>Ge\u00efntegreerd opbergoppervlak<br \/>\nOpvangvolume 1000 liter<br \/>\nOpslaglocatie onder dak<br \/>\nHoogte 860 mm<br \/>\nBreedte 1280 mm<br \/>\nLengte 1660 mm<br \/>\nMateriaal Polyethyleen (PE)<br \/>\nCapaciteit KTC\/IBC1<br \/>\nMateriaal plank Polyethyleen (PE)<br \/>\nOnderconstructie met steunpoten Kan worden verplaatst met een vorkheftruck<br \/>\nLaadvermogen 2000 kg<\/p>\n<p>Goedkeuringen Goedkeuring bouwautoriteit (DIBt)<br \/>\nIndeling van vloeistoffen die gevaarlijk zijn voor het aquatisch milieu acuut, chronisch GHS 1, chronisch GHS 2, chronisch GHS 3, chronisch GHS 4<br \/>\nIndeling volgens GefStoffV\/BetrSichVACorrosief voor metalen, corrosief voor de huid, veroorzaakt ernstig oogletsel<br \/>\nKleur blauw<\/p>\n","protected":false},"excerpt":{"rendered":"<p>Denios IBC-station voor 1000 Lite Denios IBC-station S van PE &#8211; voor optimale opslag van gevaarlijke vloeistoffen Ideaal voor het opslaan van containers van 1.000 liter of kleinere containers, Voor optimale opslag van verschillende zuren en logen en oli\u00ebn en niet-ontvlambare reinigingschemicali\u00ebn Ge\u00efntegreerd opbergoppervlak Opvangvolume 1000 liter Opslaglocatie onder dak Hoogte 860 mm Breedte 1280 [&hellip;]<\/p>\n","protected":false},"featured_media":102852,"template":"","meta":[],"product_brand":[],"product_cat":[3558],"product_tag":[],"class_list":{"0":"post-102863","1":"product","2":"type-product","3":"status-publish","4":"has-post-thumbnail","6":"product_cat-andere-machines-en-uitrusting","7":"pa_hersteller-denios","9":"first","10":"instock","11":"taxable","12":"shipping-taxable","13":"product-type-simple"},"jetpack_sharing_enabled":true,"_links":{"self":[{"href":"https:\/\/www.3p-gmbh.de\/nl\/wp-json\/wp\/v2\/product\/102863","targetHints":{"allow":["GET"]}}],"collection":[{"href":"https:\/\/www.3p-gmbh.de\/nl\/wp-json\/wp\/v2\/product"}],"about":[{"href":"https:\/\/www.3p-gmbh.de\/nl\/wp-json\/wp\/v2\/types\/product"}],"wp:featuredmedia":[{"embeddable":true,"href":"https:\/\/www.3p-gmbh.de\/nl\/wp-json\/wp\/v2\/media\/102852"}],"wp:attachment":[{"href":"https:\/\/www.3p-gmbh.de\/nl\/wp-json\/wp\/v2\/media?parent=102863"}],"wp:term":[{"taxonomy":"product_brand","embeddable":true,"href":"https:\/\/www.3p-gmbh.de\/nl\/wp-json\/wp\/v2\/product_brand?post=102863"},{"taxonomy":"product_cat","embeddable":true,"href":"https:\/\/www.3p-gmbh.de\/nl\/wp-json\/wp\/v2\/product_cat?post=102863"},{"taxonomy":"product_tag","embeddable":true,"href":"https:\/\/www.3p-gmbh.de\/nl\/wp-json\/wp\/v2\/product_tag?post=102863"}],"curies":[{"name":"wp","href":"https:\/\/api.w.org\/{rel}","templated":true}]}}