{"id":96442,"date":"2019-07-14T10:19:13","date_gmt":"2019-07-14T10:19:13","guid":{"rendered":"https:\/\/www.3p-gmbh.de\/?page_id=96442"},"modified":"2023-12-19T13:07:07","modified_gmt":"2023-12-19T13:07:07","slug":"gegevensbescherming","status":"publish","type":"page","link":"https:\/\/www.3p-gmbh.de\/nl\/gegevensbescherming\/","title":{"rendered":"gegevensbescherming"},"content":{"rendered":"\n<p>Durch Inkrafttreten der DGSVO sind wir verpflichtet, die folgenden Hinweise<\/p>\n\n\n\n<p>zur Datenverarbeitung zu geben:<\/p>\n\n\n\n<p><br><strong>1. Name und Kontaktdaten des f\u00fcr die Verarbeitung Verantwortlichen sowie des betrieblichen Datenschutzbeauftragten<\/strong><br> Diese Datenschutzhinweise gelten f\u00fcr die Datenverarbeitung durch:<br> Verantwortlicher: 3p Vertriebsgesellschaft mbH, vertreten durch den Gesch\u00e4ftsf\u00fchrer Torsten Kirchhof,<\/p>\n\n\n\n<p>Bahnhofstrasse 13 a, D-16818 Dabergotz, Telefon: 03391-401570, Fax: 03391-4015722, info(at)3p-gmbh.de (nachfolgend: 3p)<br><\/p>\n\n\n\n<p><strong>2. Erhebung und Speicherung personenbezogener Daten sowie Art und Zweck und deren Verwendung<\/strong><br> Wenn Sie Kunde, Lieferant oder Vertragspartner von 3p sind, erheben wir folgende Informationen:<br> &#8211; Anrede, Vorname, Nachname, ggf. auch von weiteren Ansprechpartnern im Unternehmen<br> &#8211; eine g\u00fcltige E-Mail-Adresse<br> &#8211; Anschrift<br> &#8211; Telefonnummer (Festnetz und\/oder Mobilfunk)<br> &#8211; Steuernummern, Umsatzsteueridentnummern<br> &#8211; Bankdaten und Umsatzdaten<br> &#8211; Informationen, die f\u00fcr die Durchf\u00fchrung des jeweiligen Vertragsverh\u00e4ltnisses notwendig sind<\/p>\n\n\n\n<p><br> Die Erhebung dieser Daten erfolgt<\/p>\n\n\n\n<p>&#8211; um Sie als unseren Vertragspartner identifizieren zu k\u00f6nnen;<br> &#8211; um Sie angemessen beraten und das bestehende Vertragsverh\u00e4ltnis erf\u00fcllen zu k\u00f6nnen;<br> &#8211; zur Korrespondenz mit Ihnen;<br> &#8211; zur Rechnungsstellung;<br> &#8211; zur Abwicklung von evtl. vorliegenden Haftungsanspr\u00fcchen sowie der Geltendmachung etwaiger Anspr\u00fcche gegen Sie.<\/p>\n\n\n\n<p><br> Die Datenverarbeitung erfolgt auf Ihre Anfrage hin und ist nach Art. 6 Abs. 1 S. 1 lit. b DSGVO zu den genannten Zwecken<\/p>\n\n\n\n<p>f\u00fcr die angemessene Bearbeitung und die beidseitige Erf\u00fcllung von Verpflichtungen aus dem Vertrag erforderlich.<\/p>\n\n\n\n<p>Wir\n verarbeiten die Daten, die wir im Rahmen unserer Gesch\u00e4ftsbeziehung von\n Ihnen erhalten haben sowie Daten, die wir aus \u00f6ffentlich zug\u00e4nglichen \nVerzeichnissen erhalten k\u00f6nnen.<br> Die f\u00fcr die Gesch\u00e4ftsbeziehung von \nuns erhobenen personenbezogenen Daten werden bis zum Ablauf der \ngesetzlichen Aufbewahrungspflicht<\/p>\n\n\n\n<p>gespeichert\n und danach gel\u00f6scht, es sei denn, dass wir nach Artikel 6 Abs. 1 S. 1 \nlit. c DSGVO aufgrund von steuer- und handelsrechtlichen<\/p>\n\n\n\n<p>Aufbewahrungs-\n und Dokumentationspflichten (aus HGB, StGB oder AO) zu einer l\u00e4ngeren \nSpeicherung verpflichtet sind oder Sie in eine dar\u00fcber<\/p>\n\n\n\n<p>hinausgehende Speicherung nach Art. 6 Abs. 1 S. 1 lit. a DSGVO eingewilligt haben.<\/p>\n\n\n\n<p><br><strong>3. Weitergabe von Daten an Dritte\/Bonit\u00e4tsausk\u00fcnfte<\/strong><br>\n Eine \u00dcbermittlung Ihrer pers\u00f6nlichen Daten an Dritte zu anderen als den\n im Folgenden aufgef\u00fchrten Zwecken findet nicht statt. Eine \u00dcbermittlung\n an ein Land au\u00dferhalb der EU findet nicht statt.<br> Soweit dies nach \nArt. 6 Abs. 1 S. 1 lit. b und lit. f DSGVO f\u00fcr die Erf\u00fcllung von \nVertragsverh\u00e4ltnissen mit Ihnen erforderlich ist, werden Ihre \npersonenbezogenen Daten an Dritte weitergegeben. Hierzu geh\u00f6rt \ninsbesondere folgende Weitergaben:<br> &#8211; im Rahmen der Finanzbuchhaltung an den beauftragten Steuerberater, <br> &#8211; an Inkasso-Dienstleister und Rechtsanw\u00e4lte um Forderungen einzuziehen und Anspr\u00fcche gerichtlich durchzusetzen<br> &#8211; an Speditionen und Logistikdienstleister zur Erf\u00fcllung der bestehenden Lieferverpflichtungen<br> &#8211; an Kreditinstitute und Anbieter von Zahlungsdienstleistungen f\u00fcr die Abrechnung und Abwicklung von Zahlungen<br> &#8211; \u00f6ffentliche Stellen in begr\u00fcndeten F\u00e4llen, z.B. Finanzbeh\u00f6rden <br> &#8211; IT-Dienstleister zur Aufrechterhaltung unserer IT-Infrastruktur und Datensicherung<br><br><strong>4. Betroffenenrechte<\/strong><br> Sie haben das Recht:<br>\n &#8211; gem\u00e4\u00df Art. 7 Abs. 3 DSGVO Ihre einmal erteilte Einwilligung jederzeit\n gegen\u00fcber uns zu widerrufen. Dies hat zur Folge, dass wir die \nDatenverarbeitung, die auf dieser Einwilligung beruhte, f\u00fcr die Zukunft \nnicht mehr fortf\u00fchren d\u00fcrfen;<br> &#8211; gem\u00e4\u00df Art. 15 DSGVO Auskunft \u00fcber \nIhre von uns verarbeiteten personenbezogenen Daten zu verlangen. \nInsbesondere k\u00f6nnen Sie Auskunft \u00fcber die Verarbeitungszwecke, die \nKategorie der personenbezogenen Daten, die Kategorien von Empf\u00e4ngern, \ngegen\u00fcber denen Ihre Daten offengelegt wurden oder werden, die geplante \nSpeicherdauer, das Bestehen eines Rechts auf Berichtigung, L\u00f6schung, \nEinschr\u00e4nkung der Verarbeitung oder Widerspruch, das Bestehen eines \nBeschwerderechts, die Herkunft ihrer Daten, sofern diese nicht bei uns \nerhoben wurden, sowie \u00fcber das Bestehen einer automatisierten \nEntscheidungsfindung einschlie\u00dflich Profiling und ggf. aussagekr\u00e4ftigen \nInformationen zu deren Einzelheiten verlangen;<br> &#8211; gem\u00e4\u00df Art. 16 DSGVO\n unverz\u00fcglich die Berichtigung unrichtiger oder Vervollst\u00e4ndigung Ihrer \nbei uns gespeicherten personenbezogenen Daten zu verlangen;<br> &#8211; gem\u00e4\u00df \nArt. 17 DSGVO die L\u00f6schung Ihrer bei uns gespeicherten personenbezogenen\n Daten zu verlangen, soweit nicht die Verarbeitung zur Aus\u00fcbung des \nRechts auf freie Meinungs\u00e4u\u00dferung und Information, zur Erf\u00fcllung einer \nrechtlichen Verpflichtung, aus Gr\u00fcnden des \u00f6ffentlichen Interesses oder \nzur Geltendmachung, Aus\u00fcbung oder Verteidigung von Rechtsanspr\u00fcchen \nerforderlich ist;<br> &#8211; gem\u00e4\u00df Art. 18 DSGVO die Einschr\u00e4nkung der \nVerarbeitung Ihrer personenbezogenen Daten zu verlangen, soweit die \nRichtigkeit der Daten von Ihnen bestritten wird, die Verarbeitung \nunrechtm\u00e4\u00dfig ist, Sie aber deren L\u00f6schung ablehnen und wir die Daten \nnicht mehr ben\u00f6tigen, Sie jedoch diese zur Geltendmachung, Aus\u00fcbung oder\n Verteidigung von Rechtsanspr\u00fcchen ben\u00f6tigen oder Sie gem\u00e4\u00df Art. 21 \nDSGVO Widerspruch gegen die Verarbeitung eingelegt haben;<br> &#8211; gem\u00e4\u00df \nArt. 20 DSGVO Ihre personenbezogenen Daten, die Sie uns bereitgestellt \nhaben, in einem strukturierten, g\u00e4ngigen und maschinenlesebaren Format \nzu erhalten oder die \u00dcbermittlung an einen anderen Verantwortlichen zu \nverlangen und<br> &#8211; gem\u00e4\u00df Art. 77 DSGVO sich bei einer Aufsichtsbeh\u00f6rde \nzu beschweren. In der Regel k\u00f6nnen Sie sich hierf\u00fcr an die \nAufsichtsbeh\u00f6rde Ihres \u00fcblichen Aufenthaltsortes oder Arbeitsplatzes \noder unseres Unternehmenssitzes wenden.<\/p>\n\n\n\n<p><br><strong>5. Widerspruchsrecht<\/strong><br>\n Sofern Ihre personenbezogenen Daten auf Grundlage von berechtigten \nInteressen gem\u00e4\u00df Art. 6 Abs. 1 S. 1 lit. f DSGVO verarbeitet werden, \nhaben Sie das Recht, gem\u00e4\u00df Art. 21 DSGVO Widerspruch gegen die \nVerarbeitung Ihrer personenbezogenen Daten einzulegen, soweit daf\u00fcr \nGr\u00fcnde vorliegen, die sich aus Ihrer besonderen Situation ergeben.<br> \nM\u00f6chten Sie von Ihrem Widerspruchsrecht Gebrauch machen, gen\u00fcgt eine \nE-Mail an die in 1. genannte E-Mail-Adresse, ein Schreiben oder ein Fax.\n3p Vertriebsgesellschaft mbH\n\n<\/p>\n","protected":false},"excerpt":{"rendered":"<p>Durch Inkrafttreten der DGSVO sind wir verpflichtet, die folgenden Hinweise zur Datenverarbeitung zu geben: 1. Name und Kontaktdaten des f\u00fcr die Verarbeitung Verantwortlichen sowie des betrieblichen Datenschutzbeauftragten Diese Datenschutzhinweise gelten f\u00fcr die Datenverarbeitung durch: Verantwortlicher: 3p Vertriebsgesellschaft mbH, vertreten durch den Gesch\u00e4ftsf\u00fchrer Torsten Kirchhof, Bahnhofstrasse 13 a, D-16818 Dabergotz, Telefon: 03391-401570, Fax: 03391-4015722, info(at)3p-gmbh.de (nachfolgend: [&hellip;]<\/p>\n","protected":false},"author":5,"featured_media":0,"parent":0,"menu_order":0,"comment_status":"closed","ping_status":"closed","template":"","meta":{"footnotes":""},"class_list":["post-96442","page","type-page","status-publish","hentry"],"jetpack_sharing_enabled":true,"_links":{"self":[{"href":"https:\/\/www.3p-gmbh.de\/nl\/wp-json\/wp\/v2\/pages\/96442","targetHints":{"allow":["GET"]}}],"collection":[{"href":"https:\/\/www.3p-gmbh.de\/nl\/wp-json\/wp\/v2\/pages"}],"about":[{"href":"https:\/\/www.3p-gmbh.de\/nl\/wp-json\/wp\/v2\/types\/page"}],"author":[{"embeddable":true,"href":"https:\/\/www.3p-gmbh.de\/nl\/wp-json\/wp\/v2\/users\/5"}],"replies":[{"embeddable":true,"href":"https:\/\/www.3p-gmbh.de\/nl\/wp-json\/wp\/v2\/comments?post=96442"}],"version-history":[{"count":1,"href":"https:\/\/www.3p-gmbh.de\/nl\/wp-json\/wp\/v2\/pages\/96442\/revisions"}],"predecessor-version":[{"id":96443,"href":"https:\/\/www.3p-gmbh.de\/nl\/wp-json\/wp\/v2\/pages\/96442\/revisions\/96443"}],"wp:attachment":[{"href":"https:\/\/www.3p-gmbh.de\/nl\/wp-json\/wp\/v2\/media?parent=96442"}],"curies":[{"name":"wp","href":"https:\/\/api.w.org\/{rel}","templated":true}]}}