{"id":99801,"date":"2023-03-05T23:10:18","date_gmt":"2023-03-05T23:10:18","guid":{"rendered":"https:\/\/www.3p-gmbh.de\/produkt\/fresa-ad-alta-velocita-wohlenberg-wp-92-spm\/"},"modified":"2023-03-05T23:10:18","modified_gmt":"2023-03-05T23:10:18","slug":"fresa-ad-alta-velocita-wohlenberg-wp-92-spm","status":"publish","type":"product","link":"https:\/\/www.3p-gmbh.de\/it\/produkt\/fresa-ad-alta-velocita-wohlenberg-wp-92-spm\/","title":{"rendered":"Fresa ad alta velocit\u00e0 Wohlenberg WP 92 SPM"},"content":{"rendered":"<p><strong>Fresa ad alta velocit\u00e0 Wohlenberg WP 92 SPM  <\/strong><br \/>\n<strong>SN 3486-009<\/strong><br \/>\n<strong>Macchina dell&#8217;autorit\u00e0 da Bj. 1991<\/strong><\/p>\n<p>Larghezza di taglio 92 cm<br \/>\nAltezza inserto 110 mm<br \/>\nVelocit\u00e0 di taglio 42\/min<br \/>\nProgramma automatico SPM<br \/>\nBarriere luminose<br \/>\nTavolo d&#8217;aria<br \/>\n3 coltelli (1x acciaio svedese e 2x HSS)<\/p>\n","protected":false},"excerpt":{"rendered":"<p>Fresa ad alta velocit\u00e0 Wohlenberg WP 92 SPM SN 3486-009 Macchina dell&#8217;autorit\u00e0 da Bj. 1991 Larghezza di taglio 92 cm Altezza inserto 110 mm Velocit\u00e0 di taglio 42\/min Programma automatico SPM Barriere luminose Tavolo d&#8217;aria 3 coltelli (1x acciaio svedese e 2x HSS)<\/p>\n","protected":false},"featured_media":99803,"template":"","meta":[],"product_brand":[],"product_cat":[3175],"product_tag":[],"class_list":{"0":"post-99801","1":"product","2":"type-product","3":"status-publish","4":"has-post-thumbnail","6":"product_cat-macchine-da-taglio","7":"pa_hersteller-wohlenberg","8":"pa_typ-wp-92-spm","10":"first","11":"instock","12":"taxable","13":"shipping-taxable","14":"product-type-simple"},"jetpack_sharing_enabled":true,"_links":{"self":[{"href":"https:\/\/www.3p-gmbh.de\/it\/wp-json\/wp\/v2\/product\/99801","targetHints":{"allow":["GET"]}}],"collection":[{"href":"https:\/\/www.3p-gmbh.de\/it\/wp-json\/wp\/v2\/product"}],"about":[{"href":"https:\/\/www.3p-gmbh.de\/it\/wp-json\/wp\/v2\/types\/product"}],"wp:featuredmedia":[{"embeddable":true,"href":"https:\/\/www.3p-gmbh.de\/it\/wp-json\/wp\/v2\/media\/99803"}],"wp:attachment":[{"href":"https:\/\/www.3p-gmbh.de\/it\/wp-json\/wp\/v2\/media?parent=99801"}],"wp:term":[{"taxonomy":"product_brand","embeddable":true,"href":"https:\/\/www.3p-gmbh.de\/it\/wp-json\/wp\/v2\/product_brand?post=99801"},{"taxonomy":"product_cat","embeddable":true,"href":"https:\/\/www.3p-gmbh.de\/it\/wp-json\/wp\/v2\/product_cat?post=99801"},{"taxonomy":"product_tag","embeddable":true,"href":"https:\/\/www.3p-gmbh.de\/it\/wp-json\/wp\/v2\/product_tag?post=99801"}],"curies":[{"name":"wp","href":"https:\/\/api.w.org\/{rel}","templated":true}]}}