{"id":99775,"date":"2023-03-05T23:17:13","date_gmt":"2023-03-05T23:17:13","guid":{"rendered":"https:\/\/www.3p-gmbh.de\/produkt\/stampante-professionale-da-24-pollici-epson-stylus-pro-7900\/"},"modified":"2023-03-05T23:17:13","modified_gmt":"2023-03-05T23:17:13","slug":"stampante-professionale-da-24-pollici-epson-stylus-pro-7900","status":"publish","type":"product","link":"https:\/\/www.3p-gmbh.de\/it\/produkt\/stampante-professionale-da-24-pollici-epson-stylus-pro-7900\/","title":{"rendered":"stampante professionale da 24 pollici &#8211; Epson Stylus Pro 7900"},"content":{"rendered":"<p><strong>stampante professionale da 24 pollici &#8211; Epson Stylus Pro 7900<\/strong><\/p>\n<p><em>Caratteristiche del prodotto<\/em><br \/>\nIl nuovo sistema di inchiostri a dieci colori produce una gamma cromatica pi\u00f9 ampia, per prestazioni ottimali.<br \/>\nLa testina di stampa Epson MicroPiezoTM TFP offre prestazioni migliori e una maggiore durata.<br \/>\nIl sistema di inchiostri include ora l&#8217;arancione e il verde come nuovi colori; ci\u00f2 consente di ottenere uno spettro cromatico pi\u00f9 ampio e una maggiore fedelt\u00e0 dei colori su materiali di stampa speciali.<\/p>\n<p><em>Sperimentate la fedelt\u00e0 del colore e la coerenza cromatica su larga scala<\/em><br \/>\nAlta velocit\u00e0, funzionamento semplice e anche manutenzione automatica.<br \/>\nNon ci sono limiti alla produttivit\u00e0, quindi potete concentrarvi sulla vostra produzione creativa.<\/p>\n<p><em>Precisione e riproducibilit\u00e0<\/em><br \/>\nRisultati uniformi, precisi e duraturi a colori e in bianco e nero. \u00c8 possibile utilizzare contemporaneamente l&#8217;inchiostro nero opaco e l&#8217;inchiostro nero fotografico. La stampante passa automaticamente da una tonalit\u00e0 all&#8217;altra di nero per ottenere risultati ottimali su qualsiasi materiale. Le stampe sono asciutte e durevoli in pochi minuti e sono resistenti alla luce fino a 200 anni.<\/p>\n<p><em>Scala colori estesa<\/em><br \/>\nI nuovi inchiostri verdi e arancioni migliorano la riproduzione dei colori e le tonalit\u00e0 della pelle appaiono decisamente meno sgranate. I tre inchiostri neri contribuiscono a ridurre le incongruenze cromatiche. Le vostre stampe sono perfette in tutte le condizioni di illuminazione.<\/p>\n<p><em>Sistema di controllo automatico degli ugelli dell&#8217;inchiostro<\/em><br \/>\nGli ugelli dell&#8217;inchiostro vengono controllati automaticamente e puliti se necessario. L&#8217;intero processo di pulizia richiede solo 15 secondi e pu\u00f2 essere eseguito tra due lavori di stampa non presidiati per motivi di sicurezza.<\/p>\n","protected":false},"excerpt":{"rendered":"<p>stampante professionale da 24 pollici &#8211; Epson Stylus Pro 7900 Caratteristiche del prodotto Il nuovo sistema di inchiostri a dieci colori produce una gamma cromatica pi\u00f9 ampia, per prestazioni ottimali. La testina di stampa Epson MicroPiezoTM TFP offre prestazioni migliori e una maggiore durata. Il sistema di inchiostri include ora l&#8217;arancione e il verde come [&hellip;]<\/p>\n","protected":false},"featured_media":99777,"template":"","meta":[],"product_brand":[],"product_cat":[3205],"product_tag":[],"class_list":{"0":"post-99775","1":"product","2":"type-product","3":"status-publish","4":"has-post-thumbnail","6":"product_cat-stampa-digitale","7":"pa_hersteller-epson","8":"pa_typ-stylus-pro-7900","10":"first","11":"instock","12":"taxable","13":"shipping-taxable","14":"product-type-simple"},"jetpack_sharing_enabled":true,"_links":{"self":[{"href":"https:\/\/www.3p-gmbh.de\/it\/wp-json\/wp\/v2\/product\/99775","targetHints":{"allow":["GET"]}}],"collection":[{"href":"https:\/\/www.3p-gmbh.de\/it\/wp-json\/wp\/v2\/product"}],"about":[{"href":"https:\/\/www.3p-gmbh.de\/it\/wp-json\/wp\/v2\/types\/product"}],"wp:featuredmedia":[{"embeddable":true,"href":"https:\/\/www.3p-gmbh.de\/it\/wp-json\/wp\/v2\/media\/99777"}],"wp:attachment":[{"href":"https:\/\/www.3p-gmbh.de\/it\/wp-json\/wp\/v2\/media?parent=99775"}],"wp:term":[{"taxonomy":"product_brand","embeddable":true,"href":"https:\/\/www.3p-gmbh.de\/it\/wp-json\/wp\/v2\/product_brand?post=99775"},{"taxonomy":"product_cat","embeddable":true,"href":"https:\/\/www.3p-gmbh.de\/it\/wp-json\/wp\/v2\/product_cat?post=99775"},{"taxonomy":"product_tag","embeddable":true,"href":"https:\/\/www.3p-gmbh.de\/it\/wp-json\/wp\/v2\/product_tag?post=99775"}],"curies":[{"name":"wp","href":"https:\/\/api.w.org\/{rel}","templated":true}]}}