{"id":98298,"date":"2022-12-29T23:26:04","date_gmt":"2022-12-29T23:26:04","guid":{"rendered":"https:\/\/www.3p-gmbh.de\/produkt\/1a-unita-di-piegatura-stahlfolder-buh-66-6-semiautomatica\/"},"modified":"2022-12-29T23:26:04","modified_gmt":"2022-12-29T23:26:04","slug":"1a-unita-di-piegatura-stahlfolder-buh-66-6-semiautomatica","status":"publish","type":"product","link":"https:\/\/www.3p-gmbh.de\/it\/produkt\/1a-unita-di-piegatura-stahlfolder-buh-66-6-semiautomatica\/","title":{"rendered":"1a unit\u00e0 di piegatura Stahlfolder BUH 66-6 semiautomatica"},"content":{"rendered":"<p><em>Rarit\u00e0 per il retrofitting e l&#8217;aggiornamento di macchine o unit\u00e0 di piegatura Stahlfolder esistenti<\/em><\/p>\n<p><strong>1.unit\u00e0 di piegatura BUH 66-6 semiautomatica<\/strong><br \/>\n<strong>dal 2006<\/strong><\/p>\n<p>&#8211; Alberi di taglio a monte con copertura di protezione (kit di conversione adatto alle unit\u00e0 pieghevoli)<br \/>\n&#8211; Regolazione motorizzata del rullo pieghevole<br \/>\n&#8211; sei piastre di inarcamento regolabili manualmente larghezza di ingresso 66 cm<br \/>\n&#8211; Alberi di taglio doppi a valle con kit di sollevamento<\/p>\n","protected":false},"excerpt":{"rendered":"<p>Rarit\u00e0 per il retrofitting e l&#8217;aggiornamento di macchine o unit\u00e0 di piegatura Stahlfolder esistenti 1.unit\u00e0 di piegatura BUH 66-6 semiautomatica dal 2006 &#8211; Alberi di taglio a monte con copertura di protezione (kit di conversione adatto alle unit\u00e0 pieghevoli) &#8211; Regolazione motorizzata del rullo pieghevole &#8211; sei piastre di inarcamento regolabili manualmente larghezza di ingresso [&hellip;]<\/p>\n","protected":false},"featured_media":98310,"template":"","meta":[],"product_brand":[],"product_cat":[3323],"product_tag":[],"class_list":{"0":"post-98298","1":"product","2":"type-product","3":"status-publish","4":"has-post-thumbnail","6":"product_cat-unita-pieghevoli","7":"pa_hersteller-heidelberg-stahlfolder","8":"pa_typ-buh-66-6","10":"first","11":"instock","12":"taxable","13":"shipping-taxable","14":"product-type-simple"},"jetpack_sharing_enabled":true,"_links":{"self":[{"href":"https:\/\/www.3p-gmbh.de\/it\/wp-json\/wp\/v2\/product\/98298","targetHints":{"allow":["GET"]}}],"collection":[{"href":"https:\/\/www.3p-gmbh.de\/it\/wp-json\/wp\/v2\/product"}],"about":[{"href":"https:\/\/www.3p-gmbh.de\/it\/wp-json\/wp\/v2\/types\/product"}],"wp:featuredmedia":[{"embeddable":true,"href":"https:\/\/www.3p-gmbh.de\/it\/wp-json\/wp\/v2\/media\/98310"}],"wp:attachment":[{"href":"https:\/\/www.3p-gmbh.de\/it\/wp-json\/wp\/v2\/media?parent=98298"}],"wp:term":[{"taxonomy":"product_brand","embeddable":true,"href":"https:\/\/www.3p-gmbh.de\/it\/wp-json\/wp\/v2\/product_brand?post=98298"},{"taxonomy":"product_cat","embeddable":true,"href":"https:\/\/www.3p-gmbh.de\/it\/wp-json\/wp\/v2\/product_cat?post=98298"},{"taxonomy":"product_tag","embeddable":true,"href":"https:\/\/www.3p-gmbh.de\/it\/wp-json\/wp\/v2\/product_tag?post=98298"}],"curies":[{"name":"wp","href":"https:\/\/api.w.org\/{rel}","templated":true}]}}