{"id":7437,"date":"2019-07-11T13:59:21","date_gmt":"2019-07-11T13:59:21","guid":{"rendered":"http:\/\/www.3p-gmbh.de\/produkt\/doppel-balkenrill-und-falzmaschine\/"},"modified":"2019-11-12T13:20:17","modified_gmt":"2019-11-12T13:20:17","slug":"doppel-balkenrill-und-falzmaschine","status":"publish","type":"product","link":"https:\/\/www.3p-gmbh.de\/it\/produkt\/doppel-balkenrill-und-falzmaschine\/","title":{"rendered":"Petratto Cordoba 3D Doppelbalkenrill- und Falzmaschine"},"content":{"rendered":"<p>mit 2 Rillwerkzeugen und Fensterfalztasche<br \/>\nRillen, Leimen, Falzen<\/p>\n<p>\u00dcber einen Flachstapelanleger wird der Bogen einer Schr\u00e4gbandausrichtung zugef\u00fchrt und von Einzugswalzen \u00fcbernommen. Der Anfang des Bogens wird von einer Lichtschranke erkannt. Positive und negative Rillungen oder die Querperforation werden \u00fcber die an der Steuerung eingegebenen Masse in einem Durchgang ausgef\u00fchrt. Zum Fixieren von Klappen an Brosch\u00fcrenumschl\u00e4gen kann jetzt durch eine Hotmelt-Duese (Option) ein Leimauftrag erfolgen. Anschliessend wird der Bogen einem speziellen Taschenfalzwerk \u00fcbergeben und an den gerillten Stellen gefalzt. Die Ausgabe des Produktes erfolgt in eine Schuppenbandauslage.<\/p>\n<p>Materialst\u00e4rke 170 bis 500 g\/m\u00b2<br \/>\nBogenbreite 150 bis 520 mm<br \/>\nBogenl\u00e4nge 200 bis 1.200 mm<br \/>\nRillabst\u00e4nde sind in 0,1-mm-Schritten einstellbar<br \/>\nEffektive Leistung im A-4-Format mit einer Rillung 12.500 Bogen\/h<\/p>\n","protected":false},"excerpt":{"rendered":"<p>mit 2 Rillwerkzeugen und Fensterfalztasche Rillen, Leimen, Falzen \u00dcber einen Flachstapelanleger wird der Bogen einer Schr\u00e4gbandausrichtung zugef\u00fchrt und von Einzugswalzen \u00fcbernommen. Der Anfang des Bogens wird von einer Lichtschranke erkannt. Positive und negative Rillungen oder die Querperforation werden \u00fcber die an der Steuerung eingegebenen Masse in einem Durchgang ausgef\u00fchrt. Zum Fixieren von Klappen an Brosch\u00fcrenumschl\u00e4gen [&hellip;]<\/p>\n","protected":false},"featured_media":3642,"template":"","meta":[],"product_brand":[],"product_cat":[83],"product_tag":[],"class_list":{"0":"post-7437","1":"product","2":"type-product","3":"status-publish","4":"has-post-thumbnail","6":"product_cat-falzmaschinen","7":"pa_baujahr-452","8":"pa_hersteller-petratto","9":"pa_typ-cordoba-3d","11":"first","12":"instock","13":"sold-individually","14":"taxable","15":"shipping-taxable","16":"purchasable","17":"product-type-simple"},"jetpack_sharing_enabled":true,"_links":{"self":[{"href":"https:\/\/www.3p-gmbh.de\/it\/wp-json\/wp\/v2\/product\/7437","targetHints":{"allow":["GET"]}}],"collection":[{"href":"https:\/\/www.3p-gmbh.de\/it\/wp-json\/wp\/v2\/product"}],"about":[{"href":"https:\/\/www.3p-gmbh.de\/it\/wp-json\/wp\/v2\/types\/product"}],"wp:featuredmedia":[{"embeddable":true,"href":"https:\/\/www.3p-gmbh.de\/it\/wp-json\/wp\/v2\/media\/3642"}],"wp:attachment":[{"href":"https:\/\/www.3p-gmbh.de\/it\/wp-json\/wp\/v2\/media?parent=7437"}],"wp:term":[{"taxonomy":"product_brand","embeddable":true,"href":"https:\/\/www.3p-gmbh.de\/it\/wp-json\/wp\/v2\/product_brand?post=7437"},{"taxonomy":"product_cat","embeddable":true,"href":"https:\/\/www.3p-gmbh.de\/it\/wp-json\/wp\/v2\/product_cat?post=7437"},{"taxonomy":"product_tag","embeddable":true,"href":"https:\/\/www.3p-gmbh.de\/it\/wp-json\/wp\/v2\/product_tag?post=7437"}],"curies":[{"name":"wp","href":"https:\/\/api.w.org\/{rel}","templated":true}]}}