{"id":7426,"date":"2019-07-11T13:59:08","date_gmt":"2019-07-11T13:59:08","guid":{"rendered":"http:\/\/www.3p-gmbh.de\/produkt\/standruettler\/"},"modified":"2019-11-12T12:38:59","modified_gmt":"2019-11-12T12:38:59","slug":"standruettler","status":"publish","type":"product","link":"https:\/\/www.3p-gmbh.de\/it\/produkt\/standruettler\/","title":{"rendered":"Ernst Nagel Rimo 3 Standr\u00fcttler"},"content":{"rendered":"<p>Der Papierr\u00fcttler Rimo 3 wird zum Glattstossen und Bel\u00fcften von Papierstapeln bis zum Format A3 eingesetzt. Die R\u00fcttelst\u00e4rke sowie auch die Tischneigung sind stufenlos verstellbar<br \/>\nmit einem h\u00f6henverstellbaren Staender (80 &#8211; 110 cm)<\/p>\n","protected":false},"excerpt":{"rendered":"<p>Der Papierr\u00fcttler Rimo 3 wird zum Glattstossen und Bel\u00fcften von Papierstapeln bis zum Format A3 eingesetzt. Die R\u00fcttelst\u00e4rke sowie auch die Tischneigung sind stufenlos verstellbar mit einem h\u00f6henverstellbaren Staender (80 &#8211; 110 cm)<\/p>\n","protected":false},"featured_media":8123,"template":"","meta":[],"product_brand":[],"product_cat":[1759],"product_tag":[],"class_list":{"0":"post-7426","1":"product","2":"type-product","3":"status-publish","4":"has-post-thumbnail","6":"product_cat-ruetteltische","7":"pa_baujahr-165","8":"pa_hersteller-ernst-nagel","9":"pa_typ-rimo-3","11":"first","12":"instock","13":"sold-individually","14":"taxable","15":"shipping-taxable","16":"purchasable","17":"product-type-simple"},"jetpack_sharing_enabled":true,"_links":{"self":[{"href":"https:\/\/www.3p-gmbh.de\/it\/wp-json\/wp\/v2\/product\/7426","targetHints":{"allow":["GET"]}}],"collection":[{"href":"https:\/\/www.3p-gmbh.de\/it\/wp-json\/wp\/v2\/product"}],"about":[{"href":"https:\/\/www.3p-gmbh.de\/it\/wp-json\/wp\/v2\/types\/product"}],"wp:featuredmedia":[{"embeddable":true,"href":"https:\/\/www.3p-gmbh.de\/it\/wp-json\/wp\/v2\/media\/8123"}],"wp:attachment":[{"href":"https:\/\/www.3p-gmbh.de\/it\/wp-json\/wp\/v2\/media?parent=7426"}],"wp:term":[{"taxonomy":"product_brand","embeddable":true,"href":"https:\/\/www.3p-gmbh.de\/it\/wp-json\/wp\/v2\/product_brand?post=7426"},{"taxonomy":"product_cat","embeddable":true,"href":"https:\/\/www.3p-gmbh.de\/it\/wp-json\/wp\/v2\/product_cat?post=7426"},{"taxonomy":"product_tag","embeddable":true,"href":"https:\/\/www.3p-gmbh.de\/it\/wp-json\/wp\/v2\/product_tag?post=7426"}],"curies":[{"name":"wp","href":"https:\/\/api.w.org\/{rel}","templated":true}]}}