{"id":7387,"date":"2019-07-11T13:58:49","date_gmt":"2019-07-11T13:58:49","guid":{"rendered":"http:\/\/www.3p-gmbh.de\/produkt\/palettenlift\/"},"modified":"2019-11-12T14:04:12","modified_gmt":"2019-11-12T14:04:12","slug":"palettenlift","status":"publish","type":"product","link":"https:\/\/www.3p-gmbh.de\/it\/produkt\/palettenlift\/","title":{"rendered":"Schneider Senator Profi Line PL 2 Q Palettenlift"},"content":{"rendered":"<p>&#8211; Palettengr\u00f6sse 1000mm x 1480mm<br \/>\n&#8211; Hublast 1000kg<br \/>\n&#8211; mit Hub- Senkautomatik<br \/>\n&#8211; automatische Einstellung der Arbeitsh\u00f6he \u00fcber Lichtschranke<\/p>\n","protected":false},"excerpt":{"rendered":"<p>&#8211; Palettengr\u00f6sse 1000mm x 1480mm &#8211; Hublast 1000kg &#8211; mit Hub- Senkautomatik &#8211; automatische Einstellung der Arbeitsh\u00f6he \u00fcber Lichtschranke<\/p>\n","protected":false},"featured_media":3442,"template":"","meta":[],"product_brand":[],"product_cat":[1761],"product_tag":[],"class_list":{"0":"post-7387","1":"product","2":"type-product","3":"status-publish","4":"has-post-thumbnail","6":"product_cat-stapelheber-stapellifte","7":"pa_baujahr-123","8":"pa_hersteller-schneider-senator","9":"pa_typ-profi-line-pl-2-q","11":"first","12":"instock","13":"sold-individually","14":"taxable","15":"shipping-taxable","16":"purchasable","17":"product-type-simple"},"jetpack_sharing_enabled":true,"_links":{"self":[{"href":"https:\/\/www.3p-gmbh.de\/it\/wp-json\/wp\/v2\/product\/7387","targetHints":{"allow":["GET"]}}],"collection":[{"href":"https:\/\/www.3p-gmbh.de\/it\/wp-json\/wp\/v2\/product"}],"about":[{"href":"https:\/\/www.3p-gmbh.de\/it\/wp-json\/wp\/v2\/types\/product"}],"wp:featuredmedia":[{"embeddable":true,"href":"https:\/\/www.3p-gmbh.de\/it\/wp-json\/wp\/v2\/media\/3442"}],"wp:attachment":[{"href":"https:\/\/www.3p-gmbh.de\/it\/wp-json\/wp\/v2\/media?parent=7387"}],"wp:term":[{"taxonomy":"product_brand","embeddable":true,"href":"https:\/\/www.3p-gmbh.de\/it\/wp-json\/wp\/v2\/product_brand?post=7387"},{"taxonomy":"product_cat","embeddable":true,"href":"https:\/\/www.3p-gmbh.de\/it\/wp-json\/wp\/v2\/product_cat?post=7387"},{"taxonomy":"product_tag","embeddable":true,"href":"https:\/\/www.3p-gmbh.de\/it\/wp-json\/wp\/v2\/product_tag?post=7387"}],"curies":[{"name":"wp","href":"https:\/\/api.w.org\/{rel}","templated":true}]}}