{"id":7375,"date":"2019-07-11T13:58:39","date_gmt":"2019-07-11T13:58:39","guid":{"rendered":"http:\/\/www.3p-gmbh.de\/produkt\/frontschneider\/"},"modified":"2019-11-12T15:43:37","modified_gmt":"2019-11-12T15:43:37","slug":"frontschneider","status":"publish","type":"product","link":"https:\/\/www.3p-gmbh.de\/it\/produkt\/frontschneider\/","title":{"rendered":"Ernst Nagel Trimmer"},"content":{"rendered":"<p>Die Abpressstation vor dem Beschnitt sorgt f\u00fcr flachliegende Brosch\u00fcren mit scharfem Falz, obenliegende Transportb\u00e4nder sorgen f\u00fcr sicheren Papiertransport auch von dicken Heften, regelbarer Bandnachlauf bewirkt immer ein genaues Anliegen am Anschlag, auch bei schr\u00e4g einlaufenden Heften, Formatwechsel in 30 sec.<\/p>\n<p>&#8211; Brosch\u00fcrenumfang bis 100 Seiten (80 g\/m\u00b2 Papier)<br \/>\n&#8211; Brosch\u00fcrenformate A4, A5, A6 (und jedes Zwischenformat), min 10 cm<br \/>\n&#8211; Umschlag: alles was der Foldnak macht<br \/>\n&#8211; Produktionsleistung bis zu 2.000 Brosch\u00fcren\/Stunde<br \/>\n&#8211; Anschluss 230 V, 50 Hz, 600 W<br \/>\n&#8211; Gewicht 160 kg<\/p>\n","protected":false},"excerpt":{"rendered":"<p>Die Abpressstation vor dem Beschnitt sorgt f\u00fcr flachliegende Brosch\u00fcren mit scharfem Falz, obenliegende Transportb\u00e4nder sorgen f\u00fcr sicheren Papiertransport auch von dicken Heften, regelbarer Bandnachlauf bewirkt immer ein genaues Anliegen am Anschlag, auch bei schr\u00e4g einlaufenden Heften, Formatwechsel in 30 sec. &#8211; Brosch\u00fcrenumfang bis 100 Seiten (80 g\/m\u00b2 Papier) &#8211; Brosch\u00fcrenformate A4, A5, A6 (und jedes [&hellip;]<\/p>\n","protected":false},"featured_media":3393,"template":"","meta":[],"product_brand":[],"product_cat":[1747],"product_tag":[],"class_list":{"0":"post-7375","1":"product","2":"type-product","3":"status-publish","4":"has-post-thumbnail","6":"product_cat-broschuerenfertigungssysteme","7":"pa_baujahr-127","8":"pa_hersteller-ernst-nagel","9":"pa_typ-trimmer","11":"first","12":"instock","13":"sold-individually","14":"taxable","15":"shipping-taxable","16":"purchasable","17":"product-type-simple"},"jetpack_sharing_enabled":true,"_links":{"self":[{"href":"https:\/\/www.3p-gmbh.de\/it\/wp-json\/wp\/v2\/product\/7375","targetHints":{"allow":["GET"]}}],"collection":[{"href":"https:\/\/www.3p-gmbh.de\/it\/wp-json\/wp\/v2\/product"}],"about":[{"href":"https:\/\/www.3p-gmbh.de\/it\/wp-json\/wp\/v2\/types\/product"}],"wp:featuredmedia":[{"embeddable":true,"href":"https:\/\/www.3p-gmbh.de\/it\/wp-json\/wp\/v2\/media\/3393"}],"wp:attachment":[{"href":"https:\/\/www.3p-gmbh.de\/it\/wp-json\/wp\/v2\/media?parent=7375"}],"wp:term":[{"taxonomy":"product_brand","embeddable":true,"href":"https:\/\/www.3p-gmbh.de\/it\/wp-json\/wp\/v2\/product_brand?post=7375"},{"taxonomy":"product_cat","embeddable":true,"href":"https:\/\/www.3p-gmbh.de\/it\/wp-json\/wp\/v2\/product_cat?post=7375"},{"taxonomy":"product_tag","embeddable":true,"href":"https:\/\/www.3p-gmbh.de\/it\/wp-json\/wp\/v2\/product_tag?post=7375"}],"curies":[{"name":"wp","href":"https:\/\/api.w.org\/{rel}","templated":true}]}}