{"id":7361,"date":"2019-07-11T13:58:39","date_gmt":"2019-07-11T13:58:39","guid":{"rendered":"http:\/\/www.3p-gmbh.de\/produkt\/stapelwender-8\/"},"modified":"2019-11-12T14:14:26","modified_gmt":"2019-11-12T14:14:26","slug":"stapelwender-8","status":"publish","type":"product","link":"https:\/\/www.3p-gmbh.de\/it\/produkt\/stapelwender-8\/","title":{"rendered":"Busch SW 104 L Stapelwender"},"content":{"rendered":"<p>mit verstellbaren Traggabeln und Bel\u00fcftung mit beweglichen Luftd\u00fcsen in 90\u00b0 Stellung<br \/>\nPalettenbreite 80-118cm<br \/>\nStapelh\u00f6he einschl. Paletten 50-140cm<br \/>\nTragkraft 1000kg<br \/>\nZeitdauer Wenden ca. 30 sek.<br \/>\nZeitdauer Schliessen und \u00d6ffnen je nach Palettenh\u00f6he 0-25 sek.<br \/>\nAbmessungen L 240 x B 160 x H 140 cm<br \/>\nNettogewicht 860 kg<\/p>\n","protected":false},"excerpt":{"rendered":"<p>mit verstellbaren Traggabeln und Bel\u00fcftung mit beweglichen Luftd\u00fcsen in 90\u00b0 Stellung Palettenbreite 80-118cm Stapelh\u00f6he einschl. Paletten 50-140cm Tragkraft 1000kg Zeitdauer Wenden ca. 30 sek. Zeitdauer Schliessen und \u00d6ffnen je nach Palettenh\u00f6he 0-25 sek. Abmessungen L 240 x B 160 x H 140 cm Nettogewicht 860 kg<\/p>\n","protected":false},"featured_media":3334,"template":"","meta":[],"product_brand":[],"product_cat":[1762],"product_tag":[],"class_list":{"0":"post-7361","1":"product","2":"type-product","3":"status-publish","4":"has-post-thumbnail","6":"product_cat-stapelwender","7":"pa_baujahr-262","8":"pa_hersteller-busch","9":"pa_typ-sw-104-l","11":"first","12":"instock","13":"sold-individually","14":"taxable","15":"shipping-taxable","16":"purchasable","17":"product-type-simple"},"jetpack_sharing_enabled":true,"_links":{"self":[{"href":"https:\/\/www.3p-gmbh.de\/it\/wp-json\/wp\/v2\/product\/7361","targetHints":{"allow":["GET"]}}],"collection":[{"href":"https:\/\/www.3p-gmbh.de\/it\/wp-json\/wp\/v2\/product"}],"about":[{"href":"https:\/\/www.3p-gmbh.de\/it\/wp-json\/wp\/v2\/types\/product"}],"wp:featuredmedia":[{"embeddable":true,"href":"https:\/\/www.3p-gmbh.de\/it\/wp-json\/wp\/v2\/media\/3334"}],"wp:attachment":[{"href":"https:\/\/www.3p-gmbh.de\/it\/wp-json\/wp\/v2\/media?parent=7361"}],"wp:term":[{"taxonomy":"product_brand","embeddable":true,"href":"https:\/\/www.3p-gmbh.de\/it\/wp-json\/wp\/v2\/product_brand?post=7361"},{"taxonomy":"product_cat","embeddable":true,"href":"https:\/\/www.3p-gmbh.de\/it\/wp-json\/wp\/v2\/product_cat?post=7361"},{"taxonomy":"product_tag","embeddable":true,"href":"https:\/\/www.3p-gmbh.de\/it\/wp-json\/wp\/v2\/product_tag?post=7361"}],"curies":[{"name":"wp","href":"https:\/\/api.w.org\/{rel}","templated":true}]}}