{"id":7360,"date":"2019-07-11T13:58:39","date_gmt":"2019-07-11T13:58:39","guid":{"rendered":"http:\/\/www.3p-gmbh.de\/produkt\/stapelwender-7\/"},"modified":"2019-11-12T14:13:50","modified_gmt":"2019-11-12T14:13:50","slug":"stapelwender-7","status":"publish","type":"product","link":"https:\/\/www.3p-gmbh.de\/it\/produkt\/stapelwender-7\/","title":{"rendered":"Rachner RD 800 Stapelwender"},"content":{"rendered":"<p>&#8211; mit Bel\u00fcftung aus frequenzgeregeltem Gebl\u00e4se<br \/>\n&#8211; Plattform 600x900mm<br \/>\n&#8211; max. \u00d6ffnung 1330mm<br \/>\n&#8211; min. \u00d6ffnung 565mm<br \/>\n&#8211; Abmessung L 1900 x B 1100<br \/>\n&#8211; Schwenkdurchmesser 1600mm<\/p>\n","protected":false},"excerpt":{"rendered":"<p>&#8211; mit Bel\u00fcftung aus frequenzgeregeltem Gebl\u00e4se &#8211; Plattform 600x900mm &#8211; max. \u00d6ffnung 1330mm &#8211; min. \u00d6ffnung 565mm &#8211; Abmessung L 1900 x B 1100 &#8211; Schwenkdurchmesser 1600mm<\/p>\n","protected":false},"featured_media":3330,"template":"","meta":[],"product_brand":[],"product_cat":[1762],"product_tag":[],"class_list":{"0":"post-7360","1":"product","2":"type-product","3":"status-publish","4":"has-post-thumbnail","6":"product_cat-stapelwender","7":"pa_baujahr-188","8":"pa_hersteller-manfred-rachner","9":"pa_typ-rd-800","11":"first","12":"instock","13":"sold-individually","14":"taxable","15":"shipping-taxable","16":"purchasable","17":"product-type-simple"},"jetpack_sharing_enabled":true,"_links":{"self":[{"href":"https:\/\/www.3p-gmbh.de\/it\/wp-json\/wp\/v2\/product\/7360","targetHints":{"allow":["GET"]}}],"collection":[{"href":"https:\/\/www.3p-gmbh.de\/it\/wp-json\/wp\/v2\/product"}],"about":[{"href":"https:\/\/www.3p-gmbh.de\/it\/wp-json\/wp\/v2\/types\/product"}],"wp:featuredmedia":[{"embeddable":true,"href":"https:\/\/www.3p-gmbh.de\/it\/wp-json\/wp\/v2\/media\/3330"}],"wp:attachment":[{"href":"https:\/\/www.3p-gmbh.de\/it\/wp-json\/wp\/v2\/media?parent=7360"}],"wp:term":[{"taxonomy":"product_brand","embeddable":true,"href":"https:\/\/www.3p-gmbh.de\/it\/wp-json\/wp\/v2\/product_brand?post=7360"},{"taxonomy":"product_cat","embeddable":true,"href":"https:\/\/www.3p-gmbh.de\/it\/wp-json\/wp\/v2\/product_cat?post=7360"},{"taxonomy":"product_tag","embeddable":true,"href":"https:\/\/www.3p-gmbh.de\/it\/wp-json\/wp\/v2\/product_tag?post=7360"}],"curies":[{"name":"wp","href":"https:\/\/api.w.org\/{rel}","templated":true}]}}