{"id":7339,"date":"2019-07-11T13:58:29","date_gmt":"2019-07-11T13:58:29","guid":{"rendered":"http:\/\/www.3p-gmbh.de\/produkt\/schneidemaschine-guk-sm-50-2\/"},"modified":"2019-11-12T15:51:16","modified_gmt":"2019-11-12T15:51:16","slug":"schneidemaschine-guk-sm-50-2","status":"publish","type":"product","link":"https:\/\/www.3p-gmbh.de\/it\/produkt\/schneidemaschine-guk-sm-50-2\/","title":{"rendered":"GUK SM 50-2 Schneidemaschine mit Anleger"},"content":{"rendered":"<p>GUK FL 50-2 Flachstapelsaugluftanleger OEM B\u00e4uerle Typ FL 50-2 mit pneumatisch gesteuertem Trennkopf, dadurch exakte Bogentrennung auch bei h\u00f6chster Leistung und Vorwahlz\u00e4hler<\/p>\n<p>Schneidemaschine GUK SM 50-2 Schneid-Rillstation<br \/>\nEinlaufbreite max. 540 mm und min. 150 mm<br \/>\nEinlauflaenge max. 800 mm und min. 210 mm<br \/>\nzwei Steckbare Messerwellen<br \/>\nWalzeneinstellautomatik \u00fcber Papierstreifen<br \/>\nSynchroner Antrieb \u00fcber geh\u00e4rtete, flankengeschliffene und schr\u00e4gverzahnte Zahnr\u00e4der<br \/>\nmitTechni Fold Werkzeugen (verhindert das Faserbrechen im Parallelbruch bei h\u00f6heren Grammaturen)<\/p>\n<p>Alternativ k\u00f6nnen Perforierwerkzeuge zur Herstellung von Coupons, Marken etc.<br \/>\nverwendet werden<br \/>\nGUK S-520 mobile Schuppenauslage<br \/>\neinh\u00e4ngbare \u00dcberleitung<\/p>\n","protected":false},"excerpt":{"rendered":"<p>GUK FL 50-2 Flachstapelsaugluftanleger OEM B\u00e4uerle Typ FL 50-2 mit pneumatisch gesteuertem Trennkopf, dadurch exakte Bogentrennung auch bei h\u00f6chster Leistung und Vorwahlz\u00e4hler Schneidemaschine GUK SM 50-2 Schneid-Rillstation Einlaufbreite max. 540 mm und min. 150 mm Einlauflaenge max. 800 mm und min. 210 mm zwei Steckbare Messerwellen Walzeneinstellautomatik \u00fcber Papierstreifen Synchroner Antrieb \u00fcber geh\u00e4rtete, flankengeschliffene und [&hellip;]<\/p>\n","protected":false},"featured_media":8339,"template":"","meta":[],"product_brand":[],"product_cat":[1764],"product_tag":[],"class_list":{"0":"post-7339","1":"product","2":"type-product","3":"status-publish","4":"has-post-thumbnail","6":"product_cat-sortimentsbuchbinderei","7":"pa_baujahr-145","8":"pa_hersteller-grieser-kunzmann-guk","9":"pa_typ-sm-50-2-schneid-rill-perforierstation","11":"first","12":"instock","13":"sold-individually","14":"taxable","15":"shipping-taxable","16":"purchasable","17":"product-type-simple"},"jetpack_sharing_enabled":true,"_links":{"self":[{"href":"https:\/\/www.3p-gmbh.de\/it\/wp-json\/wp\/v2\/product\/7339","targetHints":{"allow":["GET"]}}],"collection":[{"href":"https:\/\/www.3p-gmbh.de\/it\/wp-json\/wp\/v2\/product"}],"about":[{"href":"https:\/\/www.3p-gmbh.de\/it\/wp-json\/wp\/v2\/types\/product"}],"wp:featuredmedia":[{"embeddable":true,"href":"https:\/\/www.3p-gmbh.de\/it\/wp-json\/wp\/v2\/media\/8339"}],"wp:attachment":[{"href":"https:\/\/www.3p-gmbh.de\/it\/wp-json\/wp\/v2\/media?parent=7339"}],"wp:term":[{"taxonomy":"product_brand","embeddable":true,"href":"https:\/\/www.3p-gmbh.de\/it\/wp-json\/wp\/v2\/product_brand?post=7339"},{"taxonomy":"product_cat","embeddable":true,"href":"https:\/\/www.3p-gmbh.de\/it\/wp-json\/wp\/v2\/product_cat?post=7339"},{"taxonomy":"product_tag","embeddable":true,"href":"https:\/\/www.3p-gmbh.de\/it\/wp-json\/wp\/v2\/product_tag?post=7339"}],"curies":[{"name":"wp","href":"https:\/\/api.w.org\/{rel}","templated":true}]}}