{"id":7314,"date":"2019-07-11T13:58:13","date_gmt":"2019-07-11T13:58:13","guid":{"rendered":"http:\/\/www.3p-gmbh.de\/produkt\/broschurenfertigung-2\/"},"modified":"2019-11-12T16:02:02","modified_gmt":"2019-11-12T16:02:02","slug":"broschurenfertigung-2","status":"publish","type":"product","link":"https:\/\/www.3p-gmbh.de\/it\/produkt\/broschurenfertigung-2\/","title":{"rendered":"Horizon Stitchliner 5500 Brosch\u00fcrenfertigung"},"content":{"rendered":"<p>2 Zusammentragt\u00fcrme VAC 100 a+m mit je 10 Stationen (20 Stationen gesamt, erweiterbar auf bis zu 60)<br \/>\n1 Zusatzgebl\u00e4se EAB-100<br \/>\nACF 30 Sammel- und Falzeinheit<br \/>\nSPF 30 Hefter (2 Heftk\u00f6pfe Hohner 43\/6 S)<br \/>\nHTS 30 3 Seitenbeschnitt mit 8mm Trennschnitteinrichtung<br \/>\nSp\u00e4neabsaugung<br \/>\nPK 30 Vorwahlz\u00e4hler mit Versetzen<br \/>\nAuslage<\/p>\n","protected":false},"excerpt":{"rendered":"<p>2 Zusammentragt\u00fcrme VAC 100 a+m mit je 10 Stationen (20 Stationen gesamt, erweiterbar auf bis zu 60) 1 Zusatzgebl\u00e4se EAB-100 ACF 30 Sammel- und Falzeinheit SPF 30 Hefter (2 Heftk\u00f6pfe Hohner 43\/6 S) HTS 30 3 Seitenbeschnitt mit 8mm Trennschnitteinrichtung Sp\u00e4neabsaugung PK 30 Vorwahlz\u00e4hler mit Versetzen Auslage<\/p>\n","protected":false},"featured_media":26,"template":"","meta":[],"product_brand":[],"product_cat":[1747],"product_tag":[],"class_list":{"0":"post-7314","1":"product","2":"type-product","3":"status-publish","4":"has-post-thumbnail","6":"product_cat-broschuerenfertigungssysteme","7":"pa_baujahr-168","8":"pa_hersteller-horizon","9":"pa_typ-stitch-liner-5500","11":"first","12":"instock","13":"sold-individually","14":"taxable","15":"shipping-taxable","16":"purchasable","17":"product-type-simple"},"jetpack_sharing_enabled":true,"_links":{"self":[{"href":"https:\/\/www.3p-gmbh.de\/it\/wp-json\/wp\/v2\/product\/7314","targetHints":{"allow":["GET"]}}],"collection":[{"href":"https:\/\/www.3p-gmbh.de\/it\/wp-json\/wp\/v2\/product"}],"about":[{"href":"https:\/\/www.3p-gmbh.de\/it\/wp-json\/wp\/v2\/types\/product"}],"wp:featuredmedia":[{"embeddable":true,"href":"https:\/\/www.3p-gmbh.de\/it\/wp-json\/wp\/v2\/media\/26"}],"wp:attachment":[{"href":"https:\/\/www.3p-gmbh.de\/it\/wp-json\/wp\/v2\/media?parent=7314"}],"wp:term":[{"taxonomy":"product_brand","embeddable":true,"href":"https:\/\/www.3p-gmbh.de\/it\/wp-json\/wp\/v2\/product_brand?post=7314"},{"taxonomy":"product_cat","embeddable":true,"href":"https:\/\/www.3p-gmbh.de\/it\/wp-json\/wp\/v2\/product_cat?post=7314"},{"taxonomy":"product_tag","embeddable":true,"href":"https:\/\/www.3p-gmbh.de\/it\/wp-json\/wp\/v2\/product_tag?post=7314"}],"curies":[{"name":"wp","href":"https:\/\/api.w.org\/{rel}","templated":true}]}}