{"id":7300,"date":"2019-07-11T13:57:54","date_gmt":"2019-07-11T13:57:54","guid":{"rendered":"http:\/\/www.3p-gmbh.de\/produkt\/vierkopf-broschueren-und-blockheftmaschi\/"},"modified":"2019-08-09T09:23:10","modified_gmt":"2019-08-09T09:23:10","slug":"vierkopf-broschueren-und-blockheftmaschi","status":"publish","type":"product","link":"https:\/\/www.3p-gmbh.de\/it\/produkt\/vierkopf-broschueren-und-blockheftmaschi\/","title":{"rendered":"Marcetti Galaxia 4-Kopf Blockheftmaschine"},"content":{"rendered":"<ul>\n<li>Normal- und Ringklammern mit Universaltisch f\u00fcr 3 verschiedene Stellungen<\/li>\n<li>mit 4 Heftk\u00f6pfen<\/li>\n<li>mit Zentrier- und Pressvorrichtung, Z\u00e4hler, Klammerkontrolle<\/li>\n<li>Ausl\u00f6sung per Fuss oder automatisch<\/li>\n<li>Abstand der Heftk\u00f6pfe: 40 &#8211; 140 mm stufenlos<\/li>\n<li>Magazinf\u00fcllung\/Heftkopf: 400 Klammern<\/li>\n<li>Leistung\/Heftkopf: ca. 1000 Heftungen\/h<\/li>\n<li>Heftdicke bis 25 mm<\/li>\n<\/ul>\n","protected":false},"excerpt":{"rendered":"<p>Normal- und Ringklammern mit Universaltisch f\u00fcr 3 verschiedene Stellungen mit 4 Heftk\u00f6pfen mit Zentrier- und Pressvorrichtung, Z\u00e4hler, Klammerkontrolle Ausl\u00f6sung per Fuss oder automatisch Abstand der Heftk\u00f6pfe: 40 &#8211; 140 mm stufenlos Magazinf\u00fcllung\/Heftkopf: 400 Klammern Leistung\/Heftkopf: ca. 1000 Heftungen\/h Heftdicke bis 25 mm<\/p>\n","protected":false},"featured_media":3109,"template":"","meta":[],"product_brand":[],"product_cat":[86],"product_tag":[],"class_list":{"0":"post-7300","1":"product","2":"type-product","3":"status-publish","4":"has-post-thumbnail","6":"product_cat-sammelhefter","7":"pa_baujahr-198","8":"pa_hersteller-marcetti","9":"pa_typ-galaxia","11":"first","12":"instock","13":"sold-individually","14":"taxable","15":"shipping-taxable","16":"purchasable","17":"product-type-simple"},"jetpack_sharing_enabled":true,"_links":{"self":[{"href":"https:\/\/www.3p-gmbh.de\/it\/wp-json\/wp\/v2\/product\/7300","targetHints":{"allow":["GET"]}}],"collection":[{"href":"https:\/\/www.3p-gmbh.de\/it\/wp-json\/wp\/v2\/product"}],"about":[{"href":"https:\/\/www.3p-gmbh.de\/it\/wp-json\/wp\/v2\/types\/product"}],"wp:featuredmedia":[{"embeddable":true,"href":"https:\/\/www.3p-gmbh.de\/it\/wp-json\/wp\/v2\/media\/3109"}],"wp:attachment":[{"href":"https:\/\/www.3p-gmbh.de\/it\/wp-json\/wp\/v2\/media?parent=7300"}],"wp:term":[{"taxonomy":"product_brand","embeddable":true,"href":"https:\/\/www.3p-gmbh.de\/it\/wp-json\/wp\/v2\/product_brand?post=7300"},{"taxonomy":"product_cat","embeddable":true,"href":"https:\/\/www.3p-gmbh.de\/it\/wp-json\/wp\/v2\/product_cat?post=7300"},{"taxonomy":"product_tag","embeddable":true,"href":"https:\/\/www.3p-gmbh.de\/it\/wp-json\/wp\/v2\/product_tag?post=7300"}],"curies":[{"name":"wp","href":"https:\/\/api.w.org\/{rel}","templated":true}]}}