{"id":7294,"date":"2019-07-11T13:57:54","date_gmt":"2019-07-11T13:57:54","guid":{"rendered":"http:\/\/www.3p-gmbh.de\/produkt\/doppelkopf-broschureneftmaschine\/"},"modified":"2019-08-09T09:41:39","modified_gmt":"2019-08-09T09:41:39","slug":"doppelkopf-broschureneftmaschine","status":"publish","type":"product","link":"https:\/\/www.3p-gmbh.de\/it\/produkt\/doppelkopf-broschureneftmaschine\/","title":{"rendered":"Ernst Nagel Multinak S Doppelkopfheftmaschine"},"content":{"rendered":"<ul>\n<li>2 Heftk\u00f6pfe Nr. 24 mit zus. Umbieger f\u00fcr Ring\u00f6sen<\/li>\n<li>verstellbare Abst\u00e4nde 80 mm bis 155 mm<\/li>\n<li>Brosch\u00fcren und Blocks von 2 bis ca. 270 Blatt<\/li>\n<li>Heftklammernl\u00e4nge 6-18 mm<\/li>\n<li>Fussbetrieb<\/li>\n<\/ul>\n","protected":false},"excerpt":{"rendered":"<p>2 Heftk\u00f6pfe Nr. 24 mit zus. Umbieger f\u00fcr Ring\u00f6sen verstellbare Abst\u00e4nde 80 mm bis 155 mm Brosch\u00fcren und Blocks von 2 bis ca. 270 Blatt Heftklammernl\u00e4nge 6-18 mm Fussbetrieb<\/p>\n","protected":false},"featured_media":3084,"template":"","meta":[],"product_brand":[],"product_cat":[86],"product_tag":[],"class_list":{"0":"post-7294","1":"product","2":"type-product","3":"status-publish","4":"has-post-thumbnail","6":"product_cat-sammelhefter","7":"pa_baujahr-130","8":"pa_hersteller-ernst-nagel","9":"pa_typ-multinak-s","11":"first","12":"instock","13":"sold-individually","14":"taxable","15":"shipping-taxable","16":"purchasable","17":"product-type-simple"},"jetpack_sharing_enabled":true,"_links":{"self":[{"href":"https:\/\/www.3p-gmbh.de\/it\/wp-json\/wp\/v2\/product\/7294","targetHints":{"allow":["GET"]}}],"collection":[{"href":"https:\/\/www.3p-gmbh.de\/it\/wp-json\/wp\/v2\/product"}],"about":[{"href":"https:\/\/www.3p-gmbh.de\/it\/wp-json\/wp\/v2\/types\/product"}],"wp:featuredmedia":[{"embeddable":true,"href":"https:\/\/www.3p-gmbh.de\/it\/wp-json\/wp\/v2\/media\/3084"}],"wp:attachment":[{"href":"https:\/\/www.3p-gmbh.de\/it\/wp-json\/wp\/v2\/media?parent=7294"}],"wp:term":[{"taxonomy":"product_brand","embeddable":true,"href":"https:\/\/www.3p-gmbh.de\/it\/wp-json\/wp\/v2\/product_brand?post=7294"},{"taxonomy":"product_cat","embeddable":true,"href":"https:\/\/www.3p-gmbh.de\/it\/wp-json\/wp\/v2\/product_cat?post=7294"},{"taxonomy":"product_tag","embeddable":true,"href":"https:\/\/www.3p-gmbh.de\/it\/wp-json\/wp\/v2\/product_tag?post=7294"}],"curies":[{"name":"wp","href":"https:\/\/api.w.org\/{rel}","templated":true}]}}