{"id":7293,"date":"2019-07-11T13:57:54","date_gmt":"2019-07-11T13:57:54","guid":{"rendered":"http:\/\/www.3p-gmbh.de\/produkt\/heftkoepfe-ringoesenheftkoepfe\/"},"modified":"2019-08-09T09:44:23","modified_gmt":"2019-08-09T09:44:23","slug":"heftkoepfe-ringoesenheftkoepfe","status":"publish","type":"product","link":"https:\/\/www.3p-gmbh.de\/it\/produkt\/heftkoepfe-ringoesenheftkoepfe\/","title":{"rendered":"Bostitch 9038 M Heftk\u00f6pfe"},"content":{"rendered":"<ul>\n<li>\u00fcberholte Draht-Heftk\u00f6pfe f\u00fcr Sammelhefter, Zusammentragmaschinen, Kalenderlinien Pfaeffle, Bourg, Harris, Ehlermann, AM Graphics, Sheridan<\/li>\n<li>Ring\u00f6senk\u00f6pfe und Normalheftung<\/li>\n<\/ul>\n","protected":false},"excerpt":{"rendered":"<p>\u00fcberholte Draht-Heftk\u00f6pfe f\u00fcr Sammelhefter, Zusammentragmaschinen, Kalenderlinien Pfaeffle, Bourg, Harris, Ehlermann, AM Graphics, Sheridan Ring\u00f6senk\u00f6pfe und Normalheftung<\/p>\n","protected":false},"featured_media":3079,"template":"","meta":[],"product_brand":[],"product_cat":[86],"product_tag":[],"class_list":{"0":"post-7293","1":"product","2":"type-product","3":"status-publish","4":"has-post-thumbnail","6":"product_cat-sammelhefter","7":"pa_hersteller-bostitch","8":"pa_typ-9038-m","10":"first","11":"instock","12":"sold-individually","13":"taxable","14":"shipping-taxable","15":"purchasable","16":"product-type-simple"},"jetpack_sharing_enabled":true,"_links":{"self":[{"href":"https:\/\/www.3p-gmbh.de\/it\/wp-json\/wp\/v2\/product\/7293","targetHints":{"allow":["GET"]}}],"collection":[{"href":"https:\/\/www.3p-gmbh.de\/it\/wp-json\/wp\/v2\/product"}],"about":[{"href":"https:\/\/www.3p-gmbh.de\/it\/wp-json\/wp\/v2\/types\/product"}],"wp:featuredmedia":[{"embeddable":true,"href":"https:\/\/www.3p-gmbh.de\/it\/wp-json\/wp\/v2\/media\/3079"}],"wp:attachment":[{"href":"https:\/\/www.3p-gmbh.de\/it\/wp-json\/wp\/v2\/media?parent=7293"}],"wp:term":[{"taxonomy":"product_brand","embeddable":true,"href":"https:\/\/www.3p-gmbh.de\/it\/wp-json\/wp\/v2\/product_brand?post=7293"},{"taxonomy":"product_cat","embeddable":true,"href":"https:\/\/www.3p-gmbh.de\/it\/wp-json\/wp\/v2\/product_cat?post=7293"},{"taxonomy":"product_tag","embeddable":true,"href":"https:\/\/www.3p-gmbh.de\/it\/wp-json\/wp\/v2\/product_tag?post=7293"}],"curies":[{"name":"wp","href":"https:\/\/api.w.org\/{rel}","templated":true}]}}