{"id":7285,"date":"2019-07-11T13:57:54","date_gmt":"2019-07-11T13:57:54","guid":{"rendered":"http:\/\/www.3p-gmbh.de\/produkt\/ringoesenheftkoepfe-2\/"},"modified":"2019-08-08T14:55:13","modified_gmt":"2019-08-08T14:55:13","slug":"ringoesenheftkoepfe-2","status":"publish","type":"product","link":"https:\/\/www.3p-gmbh.de\/it\/produkt\/ringoesenheftkoepfe-2\/","title":{"rendered":"Heidelberg 52-L6 Ring\u00f6senheftk\u00f6pfe"},"content":{"rendered":"<ul>\n<li>Ring\u00f6senheftk\u00f6pfe Durchmesser 6m Hohner \/ Stahl f\u00fcr Ring\u00f6sen Modell 52-L6 mit Klinscherkasten und Falzdr\u00fccker<\/li>\n<li>mit seinen optionalen Wechselteiles\u00e4tzen f\u00fcr verschiedene Klammerr\u00fcckenl\u00e4ngen, Ring\u00f6sendurchmesser und Drahtsorten ist dies der derzeit immer noch flexibelste und vielseitigste Heftkopf am Markt<\/li>\n<li>Geeignet f\u00fcr H\u00f6chstgeschwindigkeiten bis zu 20.000 Heftungen\/Stunde<\/li>\n<li>Extreme Klammervielfalt<\/li>\n<li>H\u00f6chste Flexibilit\u00e4t durch Verf\u00fcgbarkeit optionaler Wechselteile f\u00fcr verschiedenste Heft- und Drahtsorten und dadurch kostensparend<\/li>\n<li>Sekundenschnelle Zentraleinstellung von Drahtl\u00e4nge und Heftst\u00e4rke<\/li>\n<li>mit Alu-Geh\u00e4use<\/li>\n<li>bedienerfreundliche, werkzeuglose Einstellung der Drahtl\u00e4nge<\/li>\n<li>anschraubbarer extrem schmaler und robuster Niederhalter<\/li>\n<\/ul>\n","protected":false},"excerpt":{"rendered":"<p>Ring\u00f6senheftk\u00f6pfe Durchmesser 6m Hohner \/ Stahl f\u00fcr Ring\u00f6sen Modell 52-L6 mit Klinscherkasten und Falzdr\u00fccker mit seinen optionalen Wechselteiles\u00e4tzen f\u00fcr verschiedene Klammerr\u00fcckenl\u00e4ngen, Ring\u00f6sendurchmesser und Drahtsorten ist dies der derzeit immer noch flexibelste und vielseitigste Heftkopf am Markt Geeignet f\u00fcr H\u00f6chstgeschwindigkeiten bis zu 20.000 Heftungen\/Stunde Extreme Klammervielfalt H\u00f6chste Flexibilit\u00e4t durch Verf\u00fcgbarkeit optionaler Wechselteile f\u00fcr verschiedenste Heft- und [&hellip;]<\/p>\n","protected":false},"featured_media":3040,"template":"","meta":[],"product_brand":[],"product_cat":[86],"product_tag":[],"class_list":{"0":"post-7285","1":"product","2":"type-product","3":"status-publish","4":"has-post-thumbnail","6":"product_cat-sammelhefter","7":"pa_baujahr-205","8":"pa_hersteller-heidelberg-stahl","9":"pa_typ-st-350-modell-52-l6","11":"first","12":"instock","13":"sold-individually","14":"taxable","15":"shipping-taxable","16":"purchasable","17":"product-type-simple"},"jetpack_sharing_enabled":true,"_links":{"self":[{"href":"https:\/\/www.3p-gmbh.de\/it\/wp-json\/wp\/v2\/product\/7285","targetHints":{"allow":["GET"]}}],"collection":[{"href":"https:\/\/www.3p-gmbh.de\/it\/wp-json\/wp\/v2\/product"}],"about":[{"href":"https:\/\/www.3p-gmbh.de\/it\/wp-json\/wp\/v2\/types\/product"}],"wp:featuredmedia":[{"embeddable":true,"href":"https:\/\/www.3p-gmbh.de\/it\/wp-json\/wp\/v2\/media\/3040"}],"wp:attachment":[{"href":"https:\/\/www.3p-gmbh.de\/it\/wp-json\/wp\/v2\/media?parent=7285"}],"wp:term":[{"taxonomy":"product_brand","embeddable":true,"href":"https:\/\/www.3p-gmbh.de\/it\/wp-json\/wp\/v2\/product_brand?post=7285"},{"taxonomy":"product_cat","embeddable":true,"href":"https:\/\/www.3p-gmbh.de\/it\/wp-json\/wp\/v2\/product_cat?post=7285"},{"taxonomy":"product_tag","embeddable":true,"href":"https:\/\/www.3p-gmbh.de\/it\/wp-json\/wp\/v2\/product_tag?post=7285"}],"curies":[{"name":"wp","href":"https:\/\/api.w.org\/{rel}","templated":true}]}}