{"id":7283,"date":"2019-07-11T13:57:54","date_gmt":"2019-07-11T13:57:54","guid":{"rendered":"http:\/\/www.3p-gmbh.de\/produkt\/sammelhefter-5\/"},"modified":"2019-08-08T15:01:02","modified_gmt":"2019-08-08T15:01:02","slug":"sammelhefter-5","status":"publish","type":"product","link":"https:\/\/www.3p-gmbh.de\/it\/produkt\/sammelhefter-5\/","title":{"rendered":"M\u00fcller Martini Presto Sammelhefter"},"content":{"rendered":"<ul>\n<li>3 x kompakt Doppelanleger 1551 mit Kleinformatzusatz und Reststapel\u00fcberwachung<\/li>\n<li>Umschlaganleger 1528<\/li>\n<li>Hefteinheit Presto 1550<\/li>\n<li>2 x Heftk\u00f6pfe HK-75<\/li>\n<li>Dreischneider 1522<\/li>\n<li>Kreuzleger Pratico<\/li>\n<li>Pumpe<\/li>\n<li>Optional: weitere Heftk\u00f6pfe, Mittelschnitteinrichtung<\/li>\n<\/ul>\n","protected":false},"excerpt":{"rendered":"<p>3 x kompakt Doppelanleger 1551 mit Kleinformatzusatz und Reststapel\u00fcberwachung Umschlaganleger 1528 Hefteinheit Presto 1550 2 x Heftk\u00f6pfe HK-75 Dreischneider 1522 Kreuzleger Pratico Pumpe Optional: weitere Heftk\u00f6pfe, Mittelschnitteinrichtung<\/p>\n","protected":false},"featured_media":3034,"template":"","meta":[],"product_brand":[],"product_cat":[86],"product_tag":[],"class_list":{"0":"post-7283","1":"product","2":"type-product","3":"status-publish","4":"has-post-thumbnail","6":"product_cat-sammelhefter","7":"pa_baujahr-123","8":"pa_hersteller-mueller-martini","9":"pa_typ-presto","11":"first","12":"instock","13":"sold-individually","14":"taxable","15":"shipping-taxable","16":"purchasable","17":"product-type-simple"},"jetpack_sharing_enabled":true,"_links":{"self":[{"href":"https:\/\/www.3p-gmbh.de\/it\/wp-json\/wp\/v2\/product\/7283","targetHints":{"allow":["GET"]}}],"collection":[{"href":"https:\/\/www.3p-gmbh.de\/it\/wp-json\/wp\/v2\/product"}],"about":[{"href":"https:\/\/www.3p-gmbh.de\/it\/wp-json\/wp\/v2\/types\/product"}],"wp:featuredmedia":[{"embeddable":true,"href":"https:\/\/www.3p-gmbh.de\/it\/wp-json\/wp\/v2\/media\/3034"}],"wp:attachment":[{"href":"https:\/\/www.3p-gmbh.de\/it\/wp-json\/wp\/v2\/media?parent=7283"}],"wp:term":[{"taxonomy":"product_brand","embeddable":true,"href":"https:\/\/www.3p-gmbh.de\/it\/wp-json\/wp\/v2\/product_brand?post=7283"},{"taxonomy":"product_cat","embeddable":true,"href":"https:\/\/www.3p-gmbh.de\/it\/wp-json\/wp\/v2\/product_cat?post=7283"},{"taxonomy":"product_tag","embeddable":true,"href":"https:\/\/www.3p-gmbh.de\/it\/wp-json\/wp\/v2\/product_tag?post=7283"}],"curies":[{"name":"wp","href":"https:\/\/api.w.org\/{rel}","templated":true}]}}