{"id":7282,"date":"2019-07-11T13:57:54","date_gmt":"2019-07-11T13:57:54","guid":{"rendered":"http:\/\/www.3p-gmbh.de\/produkt\/mehrkopf-drahtheftmaschine\/"},"modified":"2019-08-08T15:02:42","modified_gmt":"2019-08-08T15:02:42","slug":"mehrkopf-drahtheftmaschine","status":"publish","type":"product","link":"https:\/\/www.3p-gmbh.de\/it\/produkt\/mehrkopf-drahtheftmaschine\/","title":{"rendered":"Bostitch M 17 Mehrkopf-Drahtheftmaschine"},"content":{"rendered":"<p>mit 4 Heftk\u00f6pfen sowie zwei Ersatzheftk\u00f6pfen beiliegend, St\u00fcckz\u00e4hler<\/p>\n","protected":false},"excerpt":{"rendered":"<p>mit 4 Heftk\u00f6pfen sowie zwei Ersatzheftk\u00f6pfen beiliegend, St\u00fcckz\u00e4hler<\/p>\n","protected":false},"featured_media":3028,"template":"","meta":[],"product_brand":[],"product_cat":[86],"product_tag":[],"class_list":{"0":"post-7282","1":"product","2":"type-product","3":"status-publish","4":"has-post-thumbnail","6":"product_cat-sammelhefter","7":"pa_hersteller-bostitch","8":"pa_typ-m17","10":"first","11":"instock","12":"sold-individually","13":"taxable","14":"shipping-taxable","15":"purchasable","16":"product-type-simple"},"jetpack_sharing_enabled":true,"_links":{"self":[{"href":"https:\/\/www.3p-gmbh.de\/it\/wp-json\/wp\/v2\/product\/7282","targetHints":{"allow":["GET"]}}],"collection":[{"href":"https:\/\/www.3p-gmbh.de\/it\/wp-json\/wp\/v2\/product"}],"about":[{"href":"https:\/\/www.3p-gmbh.de\/it\/wp-json\/wp\/v2\/types\/product"}],"wp:featuredmedia":[{"embeddable":true,"href":"https:\/\/www.3p-gmbh.de\/it\/wp-json\/wp\/v2\/media\/3028"}],"wp:attachment":[{"href":"https:\/\/www.3p-gmbh.de\/it\/wp-json\/wp\/v2\/media?parent=7282"}],"wp:term":[{"taxonomy":"product_brand","embeddable":true,"href":"https:\/\/www.3p-gmbh.de\/it\/wp-json\/wp\/v2\/product_brand?post=7282"},{"taxonomy":"product_cat","embeddable":true,"href":"https:\/\/www.3p-gmbh.de\/it\/wp-json\/wp\/v2\/product_cat?post=7282"},{"taxonomy":"product_tag","embeddable":true,"href":"https:\/\/www.3p-gmbh.de\/it\/wp-json\/wp\/v2\/product_tag?post=7282"}],"curies":[{"name":"wp","href":"https:\/\/api.w.org\/{rel}","templated":true}]}}