{"id":7251,"date":"2019-07-11T13:57:32","date_gmt":"2019-07-11T13:57:32","guid":{"rendered":"http:\/\/www.3p-gmbh.de\/produkt\/manueller-heissleim-klebebinder\/"},"modified":"2019-11-07T15:55:34","modified_gmt":"2019-11-07T15:55:34","slug":"manueller-heissleim-klebebinder","status":"publish","type":"product","link":"https:\/\/www.3p-gmbh.de\/it\/produkt\/manueller-heissleim-klebebinder\/","title":{"rendered":"Fastbind R2 Manueller Heissleim Klebebinder"},"content":{"rendered":"<p>KOMPAKTE PERFECT-BINDING-MASCHINE FASTBIND R2 PRACTIC<br \/>\nDie Flexibilit\u00e4t und Kontrolle der manuellen Leimauftragung macht diese Maschine ideal f\u00fcr den Copyshop oder Druckereien mit geringem bis mittlerem Bindevolumen oder das Arbeiten mit beschichteten Papieren weil Einrichtezeiten entfallen. R2 Practic ist eine benutzerfreundliche Perfect-Binding-Maschine. Sie ist schnell verwendbar, da es nicht notwendig ist, auf unterschiedliche Formate oder die St\u00e4rke der B\u00fccher zu achten. Trotz seiner geringen Gr\u00f6sse und Kosten erlauben die Merkmale der Fastbind-Systemm\u00f6glichkeiten vollkommende Materialfreiheit.<\/p>\n<ul>\n<li>bis zu 450 St\u00fcck Leimvorg\u00e4nge\/Stunde<\/li>\n<li>bis zu 180 St\u00fcck B\u00fccher\/Stunde<\/li>\n<li>mit Aufrauhen<\/li>\n<li>min. \/ max. Bindest\u00e4rke (mm) 0,1 bis 50<\/li>\n<li>max. Format der Bindung (mm) bis zu 435 x 305<\/li>\n<li>max. St\u00e4rke des Einbandmaterials (g\/m\u00b2) bis zu 400<\/li>\n<li>Volt\/Frequenz\/max. Stromaufnahme 220-240 V\/50-60 Hz\/3 A<\/li>\n<\/ul>\n","protected":false},"excerpt":{"rendered":"<p>KOMPAKTE PERFECT-BINDING-MASCHINE FASTBIND R2 PRACTIC Die Flexibilit\u00e4t und Kontrolle der manuellen Leimauftragung macht diese Maschine ideal f\u00fcr den Copyshop oder Druckereien mit geringem bis mittlerem Bindevolumen oder das Arbeiten mit beschichteten Papieren weil Einrichtezeiten entfallen. R2 Practic ist eine benutzerfreundliche Perfect-Binding-Maschine. Sie ist schnell verwendbar, da es nicht notwendig ist, auf unterschiedliche Formate oder die [&hellip;]<\/p>\n","protected":false},"featured_media":2910,"template":"","meta":[],"product_brand":[],"product_cat":[1764],"product_tag":[],"class_list":{"0":"post-7251","1":"product","2":"type-product","3":"status-publish","4":"has-post-thumbnail","6":"product_cat-sortimentsbuchbinderei","7":"pa_baujahr-153","8":"pa_hersteller-fastbind","9":"pa_typ-r2-practic","11":"first","12":"instock","13":"sold-individually","14":"taxable","15":"shipping-taxable","16":"purchasable","17":"product-type-simple"},"jetpack_sharing_enabled":true,"_links":{"self":[{"href":"https:\/\/www.3p-gmbh.de\/it\/wp-json\/wp\/v2\/product\/7251","targetHints":{"allow":["GET"]}}],"collection":[{"href":"https:\/\/www.3p-gmbh.de\/it\/wp-json\/wp\/v2\/product"}],"about":[{"href":"https:\/\/www.3p-gmbh.de\/it\/wp-json\/wp\/v2\/types\/product"}],"wp:featuredmedia":[{"embeddable":true,"href":"https:\/\/www.3p-gmbh.de\/it\/wp-json\/wp\/v2\/media\/2910"}],"wp:attachment":[{"href":"https:\/\/www.3p-gmbh.de\/it\/wp-json\/wp\/v2\/media?parent=7251"}],"wp:term":[{"taxonomy":"product_brand","embeddable":true,"href":"https:\/\/www.3p-gmbh.de\/it\/wp-json\/wp\/v2\/product_brand?post=7251"},{"taxonomy":"product_cat","embeddable":true,"href":"https:\/\/www.3p-gmbh.de\/it\/wp-json\/wp\/v2\/product_cat?post=7251"},{"taxonomy":"product_tag","embeddable":true,"href":"https:\/\/www.3p-gmbh.de\/it\/wp-json\/wp\/v2\/product_tag?post=7251"}],"curies":[{"name":"wp","href":"https:\/\/api.w.org\/{rel}","templated":true}]}}