{"id":7237,"date":"2019-07-11T13:57:24","date_gmt":"2019-07-11T13:57:24","guid":{"rendered":"http:\/\/www.3p-gmbh.de\/produkt\/ruetteltisch\/"},"modified":"2019-11-08T09:44:50","modified_gmt":"2019-11-08T09:44:50","slug":"ruetteltisch","status":"publish","type":"product","link":"https:\/\/www.3p-gmbh.de\/it\/produkt\/ruetteltisch\/","title":{"rendered":"M\u00fcro\/K\u00fcro R\u00fctteltisch"},"content":{"rendered":"<ul>\n<li>zum senkrechten Glattstossen kleinformatiger Druckbogen, Formulars\u00e4tzen oder Blocks sowie Brosch\u00fcren vor der Verleimung<\/li>\n<li>R\u00fcttelfl\u00e4che ca. 55 x 35 cm<\/li>\n<li>Stufenlos verstellbare Vibration<\/li>\n<li>Maximale Belastung 25 kg<\/li>\n<li>220 Volt<\/li>\n<\/ul>\n<p>Weitere Einsatzgebiete in der Industrie:<br \/>\nVerdichten von Granulaten oder Giessharzen,\u00a0 Qualit\u00e4tskontrollen elektronischer oder mechanischer Bausteine.<\/p>\n<p>Auf der Multiplex-Holzplatte k\u00f6nnen Beh\u00e4lter oder Haltevorrichtungen festgeschraubt oder festgeklemmt werden.<\/p>\n","protected":false},"excerpt":{"rendered":"<p>zum senkrechten Glattstossen kleinformatiger Druckbogen, Formulars\u00e4tzen oder Blocks sowie Brosch\u00fcren vor der Verleimung R\u00fcttelfl\u00e4che ca. 55 x 35 cm Stufenlos verstellbare Vibration Maximale Belastung 25 kg 220 Volt Weitere Einsatzgebiete in der Industrie: Verdichten von Granulaten oder Giessharzen,\u00a0 Qualit\u00e4tskontrollen elektronischer oder mechanischer Bausteine. Auf der Multiplex-Holzplatte k\u00f6nnen Beh\u00e4lter oder Haltevorrichtungen festgeschraubt oder festgeklemmt werden.<\/p>\n","protected":false},"featured_media":2840,"template":"","meta":[],"product_brand":[],"product_cat":[1764],"product_tag":[],"class_list":{"0":"post-7237","1":"product","2":"type-product","3":"status-publish","4":"has-post-thumbnail","6":"product_cat-sortimentsbuchbinderei","7":"pa_hersteller-muero-kuero","9":"first","10":"instock","11":"sold-individually","12":"taxable","13":"shipping-taxable","14":"purchasable","15":"product-type-simple"},"jetpack_sharing_enabled":true,"_links":{"self":[{"href":"https:\/\/www.3p-gmbh.de\/it\/wp-json\/wp\/v2\/product\/7237","targetHints":{"allow":["GET"]}}],"collection":[{"href":"https:\/\/www.3p-gmbh.de\/it\/wp-json\/wp\/v2\/product"}],"about":[{"href":"https:\/\/www.3p-gmbh.de\/it\/wp-json\/wp\/v2\/types\/product"}],"wp:featuredmedia":[{"embeddable":true,"href":"https:\/\/www.3p-gmbh.de\/it\/wp-json\/wp\/v2\/media\/2840"}],"wp:attachment":[{"href":"https:\/\/www.3p-gmbh.de\/it\/wp-json\/wp\/v2\/media?parent=7237"}],"wp:term":[{"taxonomy":"product_brand","embeddable":true,"href":"https:\/\/www.3p-gmbh.de\/it\/wp-json\/wp\/v2\/product_brand?post=7237"},{"taxonomy":"product_cat","embeddable":true,"href":"https:\/\/www.3p-gmbh.de\/it\/wp-json\/wp\/v2\/product_cat?post=7237"},{"taxonomy":"product_tag","embeddable":true,"href":"https:\/\/www.3p-gmbh.de\/it\/wp-json\/wp\/v2\/product_tag?post=7237"}],"curies":[{"name":"wp","href":"https:\/\/api.w.org\/{rel}","templated":true}]}}