{"id":7236,"date":"2019-07-11T13:57:24","date_gmt":"2019-07-11T13:57:24","guid":{"rendered":"http:\/\/www.3p-gmbh.de\/produkt\/blockleimpresse\/"},"modified":"2019-11-08T09:44:17","modified_gmt":"2019-11-08T09:44:17","slug":"blockleimpresse","status":"publish","type":"product","link":"https:\/\/www.3p-gmbh.de\/it\/produkt\/blockleimpresse\/","title":{"rendered":"M\u00fcro 5000 A3 WT Blockleimpresse"},"content":{"rendered":"<p>Diese Blockleimpresse besitzt ein fahrbares Untergestell, Warmluftgebl\u00e4setrocknung, W\u00e4rmestaublech f\u00fcr gleichm\u00e4ssige Trocknung und Presseinsatz f\u00fcr kleine Stapel. Der Vorteil der A3-Presse liegt in der gr\u00f6sseren Aufnahmekapazit\u00e4t f\u00fcr A 3-Stapel und besonders f\u00fcr die 2-Nutzen-Verleimung von Formulars\u00e4tzen oder Brosch\u00fcren DIN A 5. Die 2-Nutzen-Trocknung ergibt noch k\u00fcrzere Produktionszeiten. Bei dem Modell 5000 A 3 WT haben Sie den Vorteil des fahrbaren Untergestells und der Warmluftgebl\u00e4setrocknung. Nach der Leimung und eventueller Begazung des Binder\u00fcckens wird die Klappe im Untergestell ge\u00f6ffnet und die Warmlufttrocknung schaltet sich selbstt\u00e4tig durch einen Endschalter ein. Damit die Trocknung oben und unten gleichm\u00e4ssig schnell erfolgt, wird das W\u00e4rmestaublech aufgesetzt.<\/p>\n<ul>\n<li>Stapelh\u00f6he: 52,5 cm<\/li>\n<li>Pressenbreite: 52,5 cm<\/li>\n<li>Pressentiefe: 32 cm<\/li>\n<li>Platzbedarf: 0,9m x1,2m<\/li>\n<li>Anschlusswert: 400 V<\/li>\n<li>Gewicht: ca. 46 kg<\/li>\n<\/ul>\n","protected":false},"excerpt":{"rendered":"<p>Diese Blockleimpresse besitzt ein fahrbares Untergestell, Warmluftgebl\u00e4setrocknung, W\u00e4rmestaublech f\u00fcr gleichm\u00e4ssige Trocknung und Presseinsatz f\u00fcr kleine Stapel. Der Vorteil der A3-Presse liegt in der gr\u00f6sseren Aufnahmekapazit\u00e4t f\u00fcr A 3-Stapel und besonders f\u00fcr die 2-Nutzen-Verleimung von Formulars\u00e4tzen oder Brosch\u00fcren DIN A 5. Die 2-Nutzen-Trocknung ergibt noch k\u00fcrzere Produktionszeiten. Bei dem Modell 5000 A 3 WT haben Sie [&hellip;]<\/p>\n","protected":false},"featured_media":2837,"template":"","meta":[],"product_brand":[],"product_cat":[1764],"product_tag":[],"class_list":{"0":"post-7236","1":"product","2":"type-product","3":"status-publish","4":"has-post-thumbnail","6":"product_cat-sortimentsbuchbinderei","7":"pa_baujahr-153","8":"pa_hersteller-muero","9":"pa_typ-5000-a3-wt","11":"first","12":"instock","13":"sold-individually","14":"taxable","15":"shipping-taxable","16":"purchasable","17":"product-type-simple"},"jetpack_sharing_enabled":true,"_links":{"self":[{"href":"https:\/\/www.3p-gmbh.de\/it\/wp-json\/wp\/v2\/product\/7236","targetHints":{"allow":["GET"]}}],"collection":[{"href":"https:\/\/www.3p-gmbh.de\/it\/wp-json\/wp\/v2\/product"}],"about":[{"href":"https:\/\/www.3p-gmbh.de\/it\/wp-json\/wp\/v2\/types\/product"}],"wp:featuredmedia":[{"embeddable":true,"href":"https:\/\/www.3p-gmbh.de\/it\/wp-json\/wp\/v2\/media\/2837"}],"wp:attachment":[{"href":"https:\/\/www.3p-gmbh.de\/it\/wp-json\/wp\/v2\/media?parent=7236"}],"wp:term":[{"taxonomy":"product_brand","embeddable":true,"href":"https:\/\/www.3p-gmbh.de\/it\/wp-json\/wp\/v2\/product_brand?post=7236"},{"taxonomy":"product_cat","embeddable":true,"href":"https:\/\/www.3p-gmbh.de\/it\/wp-json\/wp\/v2\/product_cat?post=7236"},{"taxonomy":"product_tag","embeddable":true,"href":"https:\/\/www.3p-gmbh.de\/it\/wp-json\/wp\/v2\/product_tag?post=7236"}],"curies":[{"name":"wp","href":"https:\/\/api.w.org\/{rel}","templated":true}]}}