{"id":7203,"date":"2019-07-11T13:57:04","date_gmt":"2019-07-11T13:57:04","guid":{"rendered":"http:\/\/www.3p-gmbh.de\/produkt\/lumbeck-faecherklebebinder\/"},"modified":"2021-09-23T08:51:56","modified_gmt":"2021-09-23T08:51:56","slug":"lumbeck-faecherklebebinder","status":"publish","type":"product","link":"https:\/\/www.3p-gmbh.de\/it\/produkt\/lumbeck-faecherklebebinder\/","title":{"rendered":"Schmedt Pr\u00e4Coll LumbeckF\u00e4cherklebebinder"},"content":{"rendered":"<p>Lumbecken &#8211; F\u00e4cherklebebinden mit Schmedt Pr\u00e4Coll Klebebindeger\u00e4t<\/p>\n<ul>\n<li>mit integrierter Anleimmaschine, R\u00fcttelplatte und Rundeh\u00f6lzern<\/li>\n<li>mit 6 Trockenklammern (Schnellklammern)<\/li>\n<li>max. Buchblockst\u00e4rke: ca. 80 mm<\/li>\n<li>max. Blockh\u00f6he: 345 mm<\/li>\n<li>230 V<\/li>\n<\/ul>\n","protected":false},"excerpt":{"rendered":"<p>Lumbecken &#8211; F\u00e4cherklebebinden mit Schmedt Pr\u00e4Coll Klebebindeger\u00e4t mit integrierter Anleimmaschine, R\u00fcttelplatte und Rundeh\u00f6lzern mit 6 Trockenklammern (Schnellklammern) max. Buchblockst\u00e4rke: ca. 80 mm max. Blockh\u00f6he: 345 mm 230 V<\/p>\n","protected":false},"featured_media":40630,"template":"","meta":[],"product_brand":[],"product_cat":[1764],"product_tag":[],"class_list":{"0":"post-7203","1":"product","2":"type-product","3":"status-publish","4":"has-post-thumbnail","6":"product_cat-sortimentsbuchbinderei","7":"pa_hersteller-schmedt","8":"pa_typ-praecoll","10":"first","11":"instock","12":"sold-individually","13":"taxable","14":"shipping-taxable","15":"purchasable","16":"product-type-simple"},"jetpack_sharing_enabled":true,"_links":{"self":[{"href":"https:\/\/www.3p-gmbh.de\/it\/wp-json\/wp\/v2\/product\/7203","targetHints":{"allow":["GET"]}}],"collection":[{"href":"https:\/\/www.3p-gmbh.de\/it\/wp-json\/wp\/v2\/product"}],"about":[{"href":"https:\/\/www.3p-gmbh.de\/it\/wp-json\/wp\/v2\/types\/product"}],"wp:featuredmedia":[{"embeddable":true,"href":"https:\/\/www.3p-gmbh.de\/it\/wp-json\/wp\/v2\/media\/40630"}],"wp:attachment":[{"href":"https:\/\/www.3p-gmbh.de\/it\/wp-json\/wp\/v2\/media?parent=7203"}],"wp:term":[{"taxonomy":"product_brand","embeddable":true,"href":"https:\/\/www.3p-gmbh.de\/it\/wp-json\/wp\/v2\/product_brand?post=7203"},{"taxonomy":"product_cat","embeddable":true,"href":"https:\/\/www.3p-gmbh.de\/it\/wp-json\/wp\/v2\/product_cat?post=7203"},{"taxonomy":"product_tag","embeddable":true,"href":"https:\/\/www.3p-gmbh.de\/it\/wp-json\/wp\/v2\/product_tag?post=7203"}],"curies":[{"name":"wp","href":"https:\/\/api.w.org\/{rel}","templated":true}]}}