{"id":7148,"date":"2019-07-11T13:56:29","date_gmt":"2019-07-11T13:56:29","guid":{"rendered":"http:\/\/www.3p-gmbh.de\/produkt\/kombifalzmaschine-13\/"},"modified":"2020-02-10T16:45:51","modified_gmt":"2020-02-10T16:45:51","slug":"kombifalzmaschine-13","status":"publish","type":"product","link":"https:\/\/www.3p-gmbh.de\/it\/produkt\/kombifalzmaschine-13\/","title":{"rendered":"Heidelberg Stahl KH 78-4-KTL-RFH 82 Kombifalzmaschine"},"content":{"rendered":"<ul>\n<li>Baujahr 2005<\/li>\n<li>Rundstapelanleger RFH-82 mit Tischverl\u00e4ngerung und MCT-Steuerung<\/li>\n<li>Maximalformat 82x128cm<\/li>\n<li>vorgelagerte Messerwelle<\/li>\n<li>Taschenfalzwerk BUH 1. Station mit 4 Taschen Arbeitsbreite 82 cm, nachgelagerter Messerwelle<\/li>\n<li>Kreuzbruchfalzwerk BCUH in Kreuzbruchausf\u00fchrung KTL (Schwert, Tasche liegend, Schwert) Arbeitsbreite 78 cm, nachgelagerte Messerwelle<\/li>\n<li>DV-Pumpe mit L\u00e4rmschutzeinhausung und L\u00fcfter<\/li>\n<li>Stehendbogen-Pressauslage Stahl SBP 66.D MKE<\/li>\n<\/ul>\n","protected":false},"excerpt":{"rendered":"<p>Baujahr 2005 Rundstapelanleger RFH-82 mit Tischverl\u00e4ngerung und MCT-Steuerung Maximalformat 82x128cm vorgelagerte Messerwelle Taschenfalzwerk BUH 1. Station mit 4 Taschen Arbeitsbreite 82 cm, nachgelagerter Messerwelle Kreuzbruchfalzwerk BCUH in Kreuzbruchausf\u00fchrung KTL (Schwert, Tasche liegend, Schwert) Arbeitsbreite 78 cm, nachgelagerte Messerwelle DV-Pumpe mit L\u00e4rmschutzeinhausung und L\u00fcfter Stehendbogen-Pressauslage Stahl SBP 66.D MKE<\/p>\n","protected":false},"featured_media":8932,"template":"","meta":[],"product_brand":[],"product_cat":[83],"product_tag":[],"class_list":{"0":"post-7148","1":"product","2":"type-product","3":"status-publish","4":"has-post-thumbnail","6":"product_cat-falzmaschinen","7":"pa_baujahr-168","8":"pa_hersteller-heidelberg-stahl-ludwigsburg","9":"pa_typ-stahfolder-kh-78-4-ktl-rfh-82","11":"first","12":"instock","13":"sold-individually","14":"taxable","15":"shipping-taxable","16":"purchasable","17":"product-type-simple"},"jetpack_sharing_enabled":true,"_links":{"self":[{"href":"https:\/\/www.3p-gmbh.de\/it\/wp-json\/wp\/v2\/product\/7148","targetHints":{"allow":["GET"]}}],"collection":[{"href":"https:\/\/www.3p-gmbh.de\/it\/wp-json\/wp\/v2\/product"}],"about":[{"href":"https:\/\/www.3p-gmbh.de\/it\/wp-json\/wp\/v2\/types\/product"}],"wp:featuredmedia":[{"embeddable":true,"href":"https:\/\/www.3p-gmbh.de\/it\/wp-json\/wp\/v2\/media\/8932"}],"wp:attachment":[{"href":"https:\/\/www.3p-gmbh.de\/it\/wp-json\/wp\/v2\/media?parent=7148"}],"wp:term":[{"taxonomy":"product_brand","embeddable":true,"href":"https:\/\/www.3p-gmbh.de\/it\/wp-json\/wp\/v2\/product_brand?post=7148"},{"taxonomy":"product_cat","embeddable":true,"href":"https:\/\/www.3p-gmbh.de\/it\/wp-json\/wp\/v2\/product_cat?post=7148"},{"taxonomy":"product_tag","embeddable":true,"href":"https:\/\/www.3p-gmbh.de\/it\/wp-json\/wp\/v2\/product_tag?post=7148"}],"curies":[{"name":"wp","href":"https:\/\/api.w.org\/{rel}","templated":true}]}}