{"id":7138,"date":"2019-07-11T13:56:20","date_gmt":"2019-07-11T13:56:20","guid":{"rendered":"http:\/\/www.3p-gmbh.de\/produkt\/taschenfalzmaschine-22\/"},"modified":"2019-08-13T16:00:26","modified_gmt":"2019-08-13T16:00:26","slug":"taschenfalzmaschine-22","status":"publish","type":"product","link":"https:\/\/www.3p-gmbh.de\/it\/produkt\/taschenfalzmaschine-22\/","title":{"rendered":"Heidelberg Stahl T 36-4-KB-F Taschenfalzmaschine"},"content":{"rendered":"<ul>\n<li>Format minimal 10 x 15 cm<\/li>\n<li>Format maximal 4 x 84 cm<\/li>\n<li>Flachstapelanleger mit EVZ Vorwahlz\u00e4hler<\/li>\n<li>4 Falztaschen 36cm mit L\u00e4rmschutz und nachgelagerter Messerwelle<\/li>\n<li>einh\u00e4ngbarer Kreuzbruch mit einem Schwert<\/li>\n<li>einh\u00e4ngbare Schuppenauslage<\/li>\n<li>Druck-Vacuum Kompressor<\/li>\n<\/ul>\n","protected":false},"excerpt":{"rendered":"<p>Format minimal 10 x 15 cm Format maximal 4 x 84 cm Flachstapelanleger mit EVZ Vorwahlz\u00e4hler 4 Falztaschen 36cm mit L\u00e4rmschutz und nachgelagerter Messerwelle einh\u00e4ngbarer Kreuzbruch mit einem Schwert einh\u00e4ngbare Schuppenauslage Druck-Vacuum Kompressor<\/p>\n","protected":false},"featured_media":2467,"template":"","meta":[],"product_brand":[],"product_cat":[83],"product_tag":[],"class_list":{"0":"post-7138","1":"product","2":"type-product","3":"status-publish","4":"has-post-thumbnail","6":"product_cat-falzmaschinen","7":"pa_baujahr-196","8":"pa_hersteller-stahl-ludwigsburg","9":"pa_typ-t-36-4-kb-f","11":"first","12":"instock","13":"sold-individually","14":"taxable","15":"shipping-taxable","16":"purchasable","17":"product-type-simple"},"jetpack_sharing_enabled":true,"_links":{"self":[{"href":"https:\/\/www.3p-gmbh.de\/it\/wp-json\/wp\/v2\/product\/7138","targetHints":{"allow":["GET"]}}],"collection":[{"href":"https:\/\/www.3p-gmbh.de\/it\/wp-json\/wp\/v2\/product"}],"about":[{"href":"https:\/\/www.3p-gmbh.de\/it\/wp-json\/wp\/v2\/types\/product"}],"wp:featuredmedia":[{"embeddable":true,"href":"https:\/\/www.3p-gmbh.de\/it\/wp-json\/wp\/v2\/media\/2467"}],"wp:attachment":[{"href":"https:\/\/www.3p-gmbh.de\/it\/wp-json\/wp\/v2\/media?parent=7138"}],"wp:term":[{"taxonomy":"product_brand","embeddable":true,"href":"https:\/\/www.3p-gmbh.de\/it\/wp-json\/wp\/v2\/product_brand?post=7138"},{"taxonomy":"product_cat","embeddable":true,"href":"https:\/\/www.3p-gmbh.de\/it\/wp-json\/wp\/v2\/product_cat?post=7138"},{"taxonomy":"product_tag","embeddable":true,"href":"https:\/\/www.3p-gmbh.de\/it\/wp-json\/wp\/v2\/product_tag?post=7138"}],"curies":[{"name":"wp","href":"https:\/\/api.w.org\/{rel}","templated":true}]}}