{"id":7115,"date":"2019-07-11T13:56:09","date_gmt":"2019-07-11T13:56:09","guid":{"rendered":"http:\/\/www.3p-gmbh.de\/produkt\/altarfalz-pneumatische-fensterfalztasche-2\/"},"modified":"2019-11-21T13:50:05","modified_gmt":"2019-11-21T13:50:05","slug":"altarfalz-pneumatische-fensterfalztasche-2","status":"publish","type":"product","link":"https:\/\/www.3p-gmbh.de\/it\/produkt\/altarfalz-pneumatische-fensterfalztasche-2\/","title":{"rendered":"Heidelberg Stahl FFP 52 Altarfalz &#8211; pneumatische Fensterfalztasche"},"content":{"rendered":"<p>Das Ger\u00e4t besitzt Acc 2.4 Steuerger\u00e4t, Decoder (Drehgeber) und Maschinenkonsole, passend zu Stahl-Falzmaschinen. Der Dreibruch-Fensterfalz (Altarfalz) ist eine von Grafikern gern eingesetzte Falzart, die dem Buchbinder aber mit der bisher verf\u00fcgbaren Falztechnik viel Erfahrung und Fingerspitzengef\u00fchl abverlangte, um den Auftrag in der kalkulierten Zeit bei guter Falzqualit\u00e4t auszuf\u00fchren. Die pneumatische Fensterfalztasche wird digital gesteuert, das Umlenkprofil pneumatisch ge\u00f6ffnet und geschlossen. Das digitale Steuergeraet ACC 2.4 regelt exakt die Schaltzeitpunkte &#8211; individuell und unabh\u00e4ngig von der Falzgeschindigkeit. Die punktgenaue Steuerung des Umlenkprofils erm\u00f6glicht minimalste Klappenabst\u00e4nde von nur 0,5 bis 1,0 Millimeter, je nach Papierst\u00e4rke. Auch im Dauerbetrieb sind hohe Taktzahlen (bis zu 15.000 Takte\/Stunde) problemlos m\u00f6glich.<\/p>\n","protected":false},"excerpt":{"rendered":"<p>Das Ger\u00e4t besitzt Acc 2.4 Steuerger\u00e4t, Decoder (Drehgeber) und Maschinenkonsole, passend zu Stahl-Falzmaschinen. Der Dreibruch-Fensterfalz (Altarfalz) ist eine von Grafikern gern eingesetzte Falzart, die dem Buchbinder aber mit der bisher verf\u00fcgbaren Falztechnik viel Erfahrung und Fingerspitzengef\u00fchl abverlangte, um den Auftrag in der kalkulierten Zeit bei guter Falzqualit\u00e4t auszuf\u00fchren. Die pneumatische Fensterfalztasche wird digital gesteuert, das [&hellip;]<\/p>\n","protected":false},"featured_media":2354,"template":"","meta":[],"product_brand":[],"product_cat":[1845],"product_tag":[],"class_list":{"0":"post-7115","1":"product","2":"type-product","3":"status-publish","4":"has-post-thumbnail","6":"product_cat-falzmaschinenzubehoer","7":"pa_baujahr-127","8":"pa_hersteller-heidelberg-stahl","9":"pa_typ-ffp-52","11":"first","12":"instock","13":"sold-individually","14":"taxable","15":"shipping-taxable","16":"purchasable","17":"product-type-simple"},"jetpack_sharing_enabled":true,"_links":{"self":[{"href":"https:\/\/www.3p-gmbh.de\/it\/wp-json\/wp\/v2\/product\/7115","targetHints":{"allow":["GET"]}}],"collection":[{"href":"https:\/\/www.3p-gmbh.de\/it\/wp-json\/wp\/v2\/product"}],"about":[{"href":"https:\/\/www.3p-gmbh.de\/it\/wp-json\/wp\/v2\/types\/product"}],"wp:featuredmedia":[{"embeddable":true,"href":"https:\/\/www.3p-gmbh.de\/it\/wp-json\/wp\/v2\/media\/2354"}],"wp:attachment":[{"href":"https:\/\/www.3p-gmbh.de\/it\/wp-json\/wp\/v2\/media?parent=7115"}],"wp:term":[{"taxonomy":"product_brand","embeddable":true,"href":"https:\/\/www.3p-gmbh.de\/it\/wp-json\/wp\/v2\/product_brand?post=7115"},{"taxonomy":"product_cat","embeddable":true,"href":"https:\/\/www.3p-gmbh.de\/it\/wp-json\/wp\/v2\/product_cat?post=7115"},{"taxonomy":"product_tag","embeddable":true,"href":"https:\/\/www.3p-gmbh.de\/it\/wp-json\/wp\/v2\/product_tag?post=7115"}],"curies":[{"name":"wp","href":"https:\/\/api.w.org\/{rel}","templated":true}]}}