{"id":7108,"date":"2019-07-11T13:56:09","date_gmt":"2019-07-11T13:56:09","guid":{"rendered":"http:\/\/www.3p-gmbh.de\/produkt\/kreuzbruch\/"},"modified":"2019-11-21T13:49:19","modified_gmt":"2019-11-21T13:49:19","slug":"kreuzbruch","status":"publish","type":"product","link":"https:\/\/www.3p-gmbh.de\/it\/produkt\/kreuzbruch\/","title":{"rendered":"Heidelberg Stahl VFZ 43 Kreuzbruch"},"content":{"rendered":"<ul>\n<li>Mobile, h\u00f6henverstellbare Schwertfalzeinheit zur Erg\u00e4nzung von Taschen- und Kombifalzmaschinen<\/li>\n<li>Geringe Investition f\u00fcr Zuwachs an Vielseitigkeit in den Falzarten<\/li>\n<li>als dritte Falzstation f\u00fcr bedienerfreundliche U-Form<\/li>\n<li>Durch Schwenken des Schwertfalzwerkes um 180 Grad wird der Internationale Vierbruch gefalzt<\/li>\n<\/ul>\n","protected":false},"excerpt":{"rendered":"<p>Mobile, h\u00f6henverstellbare Schwertfalzeinheit zur Erg\u00e4nzung von Taschen- und Kombifalzmaschinen Geringe Investition f\u00fcr Zuwachs an Vielseitigkeit in den Falzarten als dritte Falzstation f\u00fcr bedienerfreundliche U-Form Durch Schwenken des Schwertfalzwerkes um 180 Grad wird der Internationale Vierbruch gefalzt<\/p>\n","protected":false},"featured_media":2315,"template":"","meta":[],"product_brand":[],"product_cat":[1842],"product_tag":[],"class_list":{"0":"post-7108","1":"product","2":"type-product","3":"status-publish","4":"has-post-thumbnail","6":"product_cat-falzwerke","7":"pa_baujahr-262","8":"pa_hersteller-stahl","9":"pa_typ-vfz-43","11":"first","12":"instock","13":"sold-individually","14":"taxable","15":"shipping-taxable","16":"purchasable","17":"product-type-simple"},"jetpack_sharing_enabled":true,"_links":{"self":[{"href":"https:\/\/www.3p-gmbh.de\/it\/wp-json\/wp\/v2\/product\/7108","targetHints":{"allow":["GET"]}}],"collection":[{"href":"https:\/\/www.3p-gmbh.de\/it\/wp-json\/wp\/v2\/product"}],"about":[{"href":"https:\/\/www.3p-gmbh.de\/it\/wp-json\/wp\/v2\/types\/product"}],"wp:featuredmedia":[{"embeddable":true,"href":"https:\/\/www.3p-gmbh.de\/it\/wp-json\/wp\/v2\/media\/2315"}],"wp:attachment":[{"href":"https:\/\/www.3p-gmbh.de\/it\/wp-json\/wp\/v2\/media?parent=7108"}],"wp:term":[{"taxonomy":"product_brand","embeddable":true,"href":"https:\/\/www.3p-gmbh.de\/it\/wp-json\/wp\/v2\/product_brand?post=7108"},{"taxonomy":"product_cat","embeddable":true,"href":"https:\/\/www.3p-gmbh.de\/it\/wp-json\/wp\/v2\/product_cat?post=7108"},{"taxonomy":"product_tag","embeddable":true,"href":"https:\/\/www.3p-gmbh.de\/it\/wp-json\/wp\/v2\/product_tag?post=7108"}],"curies":[{"name":"wp","href":"https:\/\/api.w.org\/{rel}","templated":true}]}}